{"id":2243,"date":"2014-11-06T09:39:17","date_gmt":"2014-11-06T15:39:17","guid":{"rendered":"http:\/\/pmg2024.wpenginepowered.com\/?page_id=2243"},"modified":"2021-02-08T16:46:53","modified_gmt":"2021-02-08T22:46:53","slug":"carecredit-healthcare-financing","status":"publish","type":"page","link":"https:\/\/premiermedicalgrp.com\/es\/patient-resources\/carecredit-healthcare-financing\/","title":{"rendered":"Financiaci\u00f3n de la atenci\u00f3n m\u00e9dica CareCredit"},"content":{"rendered":"<p>&nbsp;<\/p>\n<p><a href=\"https:\/\/www.carecredit.com\/apply\/confirm.html?encm=AWAEPVEzAmcEOFYyWm5bMlRuXjxTN1RhBGYNO1M3AzQ\"><img loading=\"lazy\" decoding=\"async\" class=\"alignleft wp-image-2246 size-full\" src=\"http:\/\/premiermedicalgrp.com\/wp-content\/uploads\/2014\/11\/apply_now_card.jpg\" alt=\"apply_now_card\" width=\"309\" height=\"128\" srcset=\"https:\/\/premiermedicalgrp.com\/wp-content\/uploads\/2014\/11\/apply_now_card.jpg 309w, https:\/\/premiermedicalgrp.com\/wp-content\/uploads\/2014\/11\/apply_now_card-300x124.jpg 300w\" sizes=\"auto, (max-width: 309px) 100vw, 309px\" \/><\/a><\/p>\n<p><span style=\"color: #000000;\">CareCredit is a credit card for your health and beauty needs that lets you enjoy the benefits of living well today, with special healthcare financing options so you can pay monthly.<\/span><\/p>\n<p><span style=\"color: #000000;\">With special financing options for health, beauty and wellness, surgeries and hearing aids, the CareCredit healthcare credit card helps make costly procedures and treatments more manageable with promotional financing options (Subject to credit approval. Minimum monthly payments required.):<\/span><\/p>\n<p><span style=\"color: #000000;\">No Interest If Paid In Full: 6, 12, 18 and 24 month special financing options on purchases of $200 or more*;<\/span><br \/>\n<span style=\"color: #000000;\"> 14.90% APR and Fixed Monthly Payments Required Until Paid In Full**: On qualifying purchases made with your CareCredit credit card account. Fixed Monthly Payment amount based on repayment 24, 36, 48 or 60 month period.<\/span><\/p>\n<p><span style=\"color: #000000;\">Purchases of $1,000 or more are eligible for a 24, 36 or 48 month offer [and] purchases of $2,500 or more are eligible for a 60 month offer.<\/span><\/p>\n<p><span style=\"color: #000000;\">NOTE: Not all promotional financing options are available from all providers. Ask your provider for details.<\/span><\/p>\n<p><span style=\"color: #000000;\">Live better, live well with the CareCredit healthcare credit card.<\/span><\/p>\n<p><a href=\"https:\/\/www.carecredit.com\/apply\/confirm.html?encm=AWAEPVEzAmcEOFYyWm5bMlRuXjxTN1RhBGYNO1M3AzQ\"><img loading=\"lazy\" decoding=\"async\" class=\"alignnone size-full wp-image-2248\" src=\"http:\/\/premiermedicalgrp.com\/wp-content\/uploads\/2014\/11\/apply_now_oval.jpg\" alt=\"apply_now_oval\" width=\"202\" height=\"80\" \/><\/a><\/p>\n<p><span style=\"color: #000000;\">\u00a0<\/span><\/p>\n<h2><span style=\"color: #000000;\">\u00a0Terms And Conditions<\/span><\/h2>\n<p><span style=\"color: #000000;\"><strong>* No Interest if Paid in Full within 6, 12, 18 or 24 Months<\/strong><\/span><br \/>\n<span style=\"color: #000000;\"> On qualifying purchases of $200 or more made with your CareCredit credit card account. Interest will be charged to your account from the purchase date if the promotional purchase is not paid in full within the promotional period. For purchases eligible for 6, 12 or 18 Month promotions: Minimum Monthly Payments required. For purchases eligible for a 24 Month promotion: Fixed Monthly Payments required until paid in full and based on repayment over 24 months. Required monthly payments may or may not pay off purchase before end of promotional period.<\/span><\/p>\n<p><span style=\"color: #000000;\">Offer applies only to single-receipt qualifying purchases. No interest will be charged on the promotional purchase if you pay the promotional purchase amount in full within the 6, 12, 18 or 24 month promotional period. If you do not, interest will be charged on the promotional purchase from the purchase date. If your purchase qualifies for a 24 month promotional offer, fixed monthly payments are required equal to 4.1667% of initial promotional purchase amount until promotion is paid in full. The fixed monthly payment will be rounded up to the next highest whole dollar and may be higher than the minimum payment that would be required if the purchase was a non-promotional purchase. For all other promotional offers, the regular minimum monthly payment terms of the account will apply. Regular account terms apply to non-promotional purchases and, after promotion ends, to promotional balance. For new accounts: Purchase APR is 26.99%; Minimum Interest Charge is $2. Existing cardholders should see their credit card agreement for their applicable terms. Subject to credit approval.<\/span><\/p>\n<p><span style=\"color: #000000;\"><strong>** 14.90% APR and Fixed Monthly Payments Required Until Paid in Full<\/strong><\/span><br \/>\n<span style=\"color: #000000;\"> On qualifying purchases made with your CareCredit credit card account. Fixed Monthly Payment amount based on repayment over 24, 36, 48 or 60 month period. Purchases of $1,000 or more are eligible for a 24, 36 or 48 month offer and purchases of $2,500 or more are eligible for a 60 month offer.<\/span><\/p>\n<p><span style=\"color: #000000;\">Interest will be charged on promotional purchases from the purchase date at a reduced 14.90% APR, and fixed monthly payments are required until promotion is paid in full and will be calculated as follows: on 24 month promotions &#8212; 4.8439% of initial promotional purchase amount; on 36 month promotions &#8212; 3.4616% of initial promotional purchase amount; on 48 month promotions &#8212; 2.7780% of initial purchase amount; and on 60 month promotions &#8212; 2.3737% of initial promotional purchase amount. The fixed monthly payment will be rounded up to the next highest whole dollar and may be higher than the minimum payment that would be required if the purchase was a non-promotional purchase. Regular account terms apply to non-promotional purchases. For new accounts: Purchase APR is 26.99%; Minimum Interest Charge is $2. Existing cardholders should see their credit card agreement for their applicable terms. Subject to credit approval.<\/span><\/p>\n","protected":false},"excerpt":{"rendered":"<p>&nbsp; CareCredit is a credit card for your health and beauty needs that lets you enjoy the benefits of living well today, with special healthcare financing options so you can pay monthly. With special financing options for health, beauty and wellness, surgeries and hearing aids, the CareCredit healthcare credit card helps make costly procedures and [&hellip;]<\/p>\n","protected":false},"author":1,"featured_media":0,"parent":74,"menu_order":18,"comment_status":"closed","ping_status":"closed","template":"","meta":{"_acf_changed":false,"footnotes":""},"class_list":["post-2243","page","type-page","status-publish","hentry"],"acf":[],"yoast_head":"<!-- This site is optimized with the Yoast SEO plugin v27.4 - https:\/\/yoast.com\/product\/yoast-seo-wordpress\/ -->\n<title>CareCredit Healthcare Financing With Premier Medical in Mobile, AL<\/title>\n<meta name=\"description\" content=\"CareCredit is a credit card for your health with special healthcare financing options so you can pay monthly. Live better with the CareCredit credit card.\" \/>\n<meta name=\"robots\" content=\"index, follow, max-snippet:-1, max-image-preview:large, max-video-preview:-1\" \/>\n<link rel=\"canonical\" href=\"https:\/\/premiermedicalgrp.com\/es\/patient-resources\/carecredit-healthcare-financing\/\" \/>\n<meta property=\"og:locale\" content=\"es_MX\" \/>\n<meta property=\"og:type\" content=\"article\" \/>\n<meta property=\"og:title\" content=\"CareCredit Healthcare Financing With Premier Medical in Mobile, AL\" \/>\n<meta property=\"og:description\" content=\"CareCredit is a credit card for your health with special healthcare financing options so you can pay monthly. Live better with the CareCredit credit card.\" \/>\n<meta property=\"og:url\" content=\"https:\/\/premiermedicalgrp.com\/es\/patient-resources\/carecredit-healthcare-financing\/\" \/>\n<meta property=\"og:site_name\" content=\"Premier Medical Group | Eye &amp; ENT Specialists\" \/>\n<meta property=\"article:modified_time\" content=\"2021-02-08T22:46:53+00:00\" \/>\n<meta property=\"og:image\" content=\"http:\/\/premiermedicalgrp.com\/wp-content\/uploads\/2014\/11\/apply_now_card.jpg\" \/>\n<meta name=\"twitter:label1\" content=\"Est. reading time\" \/>\n\t<meta name=\"twitter:data1\" content=\"3 minutos\" \/>\n<script type=\"application\/ld+json\" class=\"yoast-schema-graph\">{\"@context\":\"https:\\\/\\\/schema.org\",\"@graph\":[{\"@type\":\"WebPage\",\"@id\":\"https:\\\/\\\/premiermedicalgrp.com\\\/patient-resources\\\/carecredit-healthcare-financing\\\/\",\"url\":\"https:\\\/\\\/premiermedicalgrp.com\\\/patient-resources\\\/carecredit-healthcare-financing\\\/\",\"name\":\"CareCredit Healthcare Financing With Premier Medical in Mobile, AL\",\"isPartOf\":{\"@id\":\"https:\\\/\\\/pmg2024.wpenginepowered.com\\\/#website\"},\"primaryImageOfPage\":{\"@id\":\"https:\\\/\\\/premiermedicalgrp.com\\\/patient-resources\\\/carecredit-healthcare-financing\\\/#primaryimage\"},\"image\":{\"@id\":\"https:\\\/\\\/premiermedicalgrp.com\\\/patient-resources\\\/carecredit-healthcare-financing\\\/#primaryimage\"},\"thumbnailUrl\":\"http:\\\/\\\/premiermedicalgrp.com\\\/wp-content\\\/uploads\\\/2014\\\/11\\\/apply_now_card.jpg\",\"datePublished\":\"2014-11-06T15:39:17+00:00\",\"dateModified\":\"2021-02-08T22:46:53+00:00\",\"description\":\"CareCredit is a credit card for your health with special healthcare financing options so you can pay monthly. Live better with the CareCredit credit card.\",\"breadcrumb\":{\"@id\":\"https:\\\/\\\/premiermedicalgrp.com\\\/patient-resources\\\/carecredit-healthcare-financing\\\/#breadcrumb\"},\"inLanguage\":\"es\",\"potentialAction\":[{\"@type\":\"ReadAction\",\"target\":[\"https:\\\/\\\/premiermedicalgrp.com\\\/patient-resources\\\/carecredit-healthcare-financing\\\/\"]}]},{\"@type\":\"ImageObject\",\"inLanguage\":\"es\",\"@id\":\"https:\\\/\\\/premiermedicalgrp.com\\\/patient-resources\\\/carecredit-healthcare-financing\\\/#primaryimage\",\"url\":\"http:\\\/\\\/premiermedicalgrp.com\\\/wp-content\\\/uploads\\\/2014\\\/11\\\/apply_now_card.jpg\",\"contentUrl\":\"http:\\\/\\\/premiermedicalgrp.com\\\/wp-content\\\/uploads\\\/2014\\\/11\\\/apply_now_card.jpg\"},{\"@type\":\"BreadcrumbList\",\"@id\":\"https:\\\/\\\/premiermedicalgrp.com\\\/patient-resources\\\/carecredit-healthcare-financing\\\/#breadcrumb\",\"itemListElement\":[{\"@type\":\"ListItem\",\"position\":1,\"name\":\"Home\",\"item\":\"https:\\\/\\\/premiermedicalgrp.com\\\/\"},{\"@type\":\"ListItem\",\"position\":2,\"name\":\"Patient Resources\",\"item\":\"https:\\\/\\\/premiermedicalgrp.com\\\/patient-resources\\\/\"},{\"@type\":\"ListItem\",\"position\":3,\"name\":\"CareCredit Healthcare Financing\"}]},{\"@type\":\"WebSite\",\"@id\":\"https:\\\/\\\/pmg2024.wpenginepowered.com\\\/#website\",\"url\":\"https:\\\/\\\/pmg2024.wpenginepowered.com\\\/\",\"name\":\"Premier Medical Group | Eye &amp; ENT Specialists\",\"description\":\"Premier Medical Group | Eye &amp; ENT Specialists\",\"potentialAction\":[{\"@type\":\"SearchAction\",\"target\":{\"@type\":\"EntryPoint\",\"urlTemplate\":\"https:\\\/\\\/pmg2024.wpenginepowered.com\\\/?s={search_term_string}\"},\"query-input\":{\"@type\":\"PropertyValueSpecification\",\"valueRequired\":true,\"valueName\":\"search_term_string\"}}],\"inLanguage\":\"es\"}]}<\/script>\n<!-- \/ Yoast SEO plugin. -->","yoast_head_json":{"title":"CareCredit Healthcare Financing With Premier Medical in Mobile, AL","description":"CareCredit is a credit card for your health with special healthcare financing options so you can pay monthly. Live better with the CareCredit credit card.","robots":{"index":"index","follow":"follow","max-snippet":"max-snippet:-1","max-image-preview":"max-image-preview:large","max-video-preview":"max-video-preview:-1"},"canonical":"https:\/\/premiermedicalgrp.com\/es\/patient-resources\/carecredit-healthcare-financing\/","og_locale":"es_MX","og_type":"article","og_title":"CareCredit Healthcare Financing With Premier Medical in Mobile, AL","og_description":"CareCredit is a credit card for your health with special healthcare financing options so you can pay monthly. Live better with the CareCredit credit card.","og_url":"https:\/\/premiermedicalgrp.com\/es\/patient-resources\/carecredit-healthcare-financing\/","og_site_name":"Premier Medical Group | Eye &amp; ENT Specialists","article_modified_time":"2021-02-08T22:46:53+00:00","og_image":[{"url":"http:\/\/premiermedicalgrp.com\/wp-content\/uploads\/2014\/11\/apply_now_card.jpg","type":"","width":"","height":""}],"twitter_misc":{"Est. reading time":"3 minutos"},"schema":{"@context":"https:\/\/schema.org","@graph":[{"@type":"WebPage","@id":"https:\/\/premiermedicalgrp.com\/patient-resources\/carecredit-healthcare-financing\/","url":"https:\/\/premiermedicalgrp.com\/patient-resources\/carecredit-healthcare-financing\/","name":"CareCredit Healthcare Financing With Premier Medical in Mobile, AL","isPartOf":{"@id":"https:\/\/pmg2024.wpenginepowered.com\/#website"},"primaryImageOfPage":{"@id":"https:\/\/premiermedicalgrp.com\/patient-resources\/carecredit-healthcare-financing\/#primaryimage"},"image":{"@id":"https:\/\/premiermedicalgrp.com\/patient-resources\/carecredit-healthcare-financing\/#primaryimage"},"thumbnailUrl":"http:\/\/premiermedicalgrp.com\/wp-content\/uploads\/2014\/11\/apply_now_card.jpg","datePublished":"2014-11-06T15:39:17+00:00","dateModified":"2021-02-08T22:46:53+00:00","description":"CareCredit is a credit card for your health with special healthcare financing options so you can pay monthly. Live better with the CareCredit credit card.","breadcrumb":{"@id":"https:\/\/premiermedicalgrp.com\/patient-resources\/carecredit-healthcare-financing\/#breadcrumb"},"inLanguage":"es","potentialAction":[{"@type":"ReadAction","target":["https:\/\/premiermedicalgrp.com\/patient-resources\/carecredit-healthcare-financing\/"]}]},{"@type":"ImageObject","inLanguage":"es","@id":"https:\/\/premiermedicalgrp.com\/patient-resources\/carecredit-healthcare-financing\/#primaryimage","url":"http:\/\/premiermedicalgrp.com\/wp-content\/uploads\/2014\/11\/apply_now_card.jpg","contentUrl":"http:\/\/premiermedicalgrp.com\/wp-content\/uploads\/2014\/11\/apply_now_card.jpg"},{"@type":"BreadcrumbList","@id":"https:\/\/premiermedicalgrp.com\/patient-resources\/carecredit-healthcare-financing\/#breadcrumb","itemListElement":[{"@type":"ListItem","position":1,"name":"Home","item":"https:\/\/premiermedicalgrp.com\/"},{"@type":"ListItem","position":2,"name":"Patient Resources","item":"https:\/\/premiermedicalgrp.com\/patient-resources\/"},{"@type":"ListItem","position":3,"name":"CareCredit Healthcare Financing"}]},{"@type":"WebSite","@id":"https:\/\/pmg2024.wpenginepowered.com\/#website","url":"https:\/\/pmg2024.wpenginepowered.com\/","name":"Premier Medical Group | Especialistas en otorrinolaringolog\u00eda y oftalmolog\u00eda","description":"Premier Medical Group | Especialistas en otorrinolaringolog\u00eda y oftalmolog\u00eda","potentialAction":[{"@type":"SearchAction","target":{"@type":"EntryPoint","urlTemplate":"https:\/\/pmg2024.wpenginepowered.com\/?s={search_term_string}"},"query-input":{"@type":"PropertyValueSpecification","valueRequired":true,"valueName":"search_term_string"}}],"inLanguage":"es"}]}},"_links":{"self":[{"href":"https:\/\/premiermedicalgrp.com\/es\/wp-json\/wp\/v2\/pages\/2243","targetHints":{"allow":["GET"]}}],"collection":[{"href":"https:\/\/premiermedicalgrp.com\/es\/wp-json\/wp\/v2\/pages"}],"about":[{"href":"https:\/\/premiermedicalgrp.com\/es\/wp-json\/wp\/v2\/types\/page"}],"author":[{"embeddable":true,"href":"https:\/\/premiermedicalgrp.com\/es\/wp-json\/wp\/v2\/users\/1"}],"replies":[{"embeddable":true,"href":"https:\/\/premiermedicalgrp.com\/es\/wp-json\/wp\/v2\/comments?post=2243"}],"version-history":[{"count":0,"href":"https:\/\/premiermedicalgrp.com\/es\/wp-json\/wp\/v2\/pages\/2243\/revisions"}],"up":[{"embeddable":true,"href":"https:\/\/premiermedicalgrp.com\/es\/wp-json\/wp\/v2\/pages\/74"}],"wp:attachment":[{"href":"https:\/\/premiermedicalgrp.com\/es\/wp-json\/wp\/v2\/media?parent=2243"}],"curies":[{"name":"wp","href":"https:\/\/api.w.org\/{rel}","templated":true}]}}