{"id":225,"date":"2013-12-30T17:53:27","date_gmt":"2013-12-30T17:53:27","guid":{"rendered":"\/?page_id=225"},"modified":"2022-01-04T14:30:39","modified_gmt":"2022-01-04T20:30:39","slug":"treatment-options","status":"publish","type":"page","link":"https:\/\/premiermedicalgrp.com\/es\/services\/ent\/allergies\/treatment-options\/","title":{"rendered":"Opciones de tratamiento"},"content":{"rendered":"<p><span style=\"color: #000000;\">Una vez que se haya examinado y diagnosticado a un paciente, los especialistas de Premier Medical desarrollar\u00e1n un plan de tratamiento de alergias individualizado que puede incluir uno o m\u00e1s de los siguientes enfoques:<\/span><\/p>\n<ul>\n<li><span style=\"color: #000000;\"><strong>Evitaci\u00f3n<\/strong> \u2013 Esto implica eliminar del entorno elementos como alfombras que desencadenan las alergias de una persona, utilizar purificadores de aire, limpiar los conductos de aire y minimizar el contacto con las mascotas.<\/span><\/li>\n<li><span style=\"color: #000000;\"><strong>Medicamentos<\/strong> \u2013 Existen muchos tipos de medicamentos disponibles para ayudar a controlar los s\u00edntomas de la alergia, incluidas pastillas, aerosoles nasales y gotas para los ojos.<\/span><\/li>\n<li><span style=\"color: #000000;\"><strong>Suero antial\u00e9rgico (inmunoterapia)<\/strong> \u2013 El suero antial\u00e9rgico est\u00e1 compuesto por extractos purificados de las sustancias que desencadenan las alergias y se mezcla individualmente para cada paciente. En algunos casos, el suero ofrece la posibilidad de vivir sin medicamentos. Sin embargo, el uso de inmunoterapia antial\u00e9rgica es un compromiso a largo plazo, por lo general de al menos cinco a\u00f1os.<\/span><\/li>\n<\/ul>\n<p><span style=\"color: #000000;\">Hay dos formas de obtener suero antial\u00e9rgico:<\/span><\/p>\n<ul>\n<li><span style=\"color: #000000;\"><strong>Disparos<\/strong> \u2013 Las inyecciones se suelen administrar una vez a la semana en nuestro consultorio. Una vez finalizada la fase de preparaci\u00f3n, algunos pacientes pueden administrarse sus propias inyecciones en casa.<\/span><\/li>\n<li><span style=\"color: #000000;\"><strong>Gotas<\/strong> \u2013<b>\u00a0<\/b>Las gotas se colocan debajo de la lengua. No se necesitan agujas y las gotas se pueden administrar en casa desde el principio. Sin embargo, las gotas deben administrarse a diario y el seguro no cubre su costo.<\/span><\/li>\n<\/ul>\n<p><span style=\"color: #000000;\">La mayor\u00eda de los pacientes al\u00e9rgicos se beneficiar\u00e1n de la variedad de opciones de tratamiento disponibles.<\/span><\/p>","protected":false},"excerpt":{"rendered":"<p>Once a patient has been tested and diagnosed, the specialists at Premier Medical will develop an individualized allergy treatment plan that may include one or more of the following approaches: Avoidance \u2013 This involves removing items like carpet that trigger a person\u2019s allergies out of their environment, using air purifiers, cleaning air ducts, and minimizing [&hellip;]<\/p>\n","protected":false},"author":1,"featured_media":0,"parent":194,"menu_order":98,"comment_status":"closed","ping_status":"closed","template":"","meta":{"_acf_changed":false,"footnotes":""},"class_list":["post-225","page","type-page","status-publish","hentry"],"acf":[],"yoast_head":"<!-- This site is optimized with the Yoast SEO plugin v27.4 - https:\/\/yoast.com\/product\/yoast-seo-wordpress\/ -->\n<title>Allergy Treatment | Mobile AL<\/title>\n<meta name=\"description\" content=\"Premier Medical Group offers the best Mobile AL allergy treatment to help those suffering from severe allergies. See how we can help you manage your allergies today!\" \/>\n<meta name=\"robots\" content=\"index, follow, max-snippet:-1, max-image-preview:large, max-video-preview:-1\" \/>\n<link rel=\"canonical\" href=\"https:\/\/premiermedicalgrp.com\/es\/services\/ent\/allergies\/treatment-options\/\" \/>\n<meta property=\"og:locale\" content=\"es_MX\" \/>\n<meta property=\"og:type\" content=\"article\" \/>\n<meta property=\"og:title\" content=\"Allergy Treatment | Mobile AL\" \/>\n<meta property=\"og:description\" content=\"Premier Medical Group offers the best Mobile AL allergy treatment to help those suffering from severe allergies. See how we can help you manage your allergies today!\" \/>\n<meta property=\"og:url\" content=\"https:\/\/premiermedicalgrp.com\/es\/services\/ent\/allergies\/treatment-options\/\" \/>\n<meta property=\"og:site_name\" content=\"Premier Medical Group | Eye &amp; ENT Specialists\" \/>\n<meta property=\"article:modified_time\" content=\"2022-01-04T20:30:39+00:00\" \/>\n<meta name=\"twitter:label1\" content=\"Est. reading time\" \/>\n\t<meta name=\"twitter:data1\" content=\"1 minuto\" \/>\n<script type=\"application\/ld+json\" class=\"yoast-schema-graph\">{\"@context\":\"https:\\\/\\\/schema.org\",\"@graph\":[{\"@type\":\"WebPage\",\"@id\":\"https:\\\/\\\/premiermedicalgrp.com\\\/services\\\/ent\\\/allergies\\\/treatment-options\\\/\",\"url\":\"https:\\\/\\\/premiermedicalgrp.com\\\/services\\\/ent\\\/allergies\\\/treatment-options\\\/\",\"name\":\"Allergy Treatment | Mobile AL\",\"isPartOf\":{\"@id\":\"https:\\\/\\\/pmg2024.wpenginepowered.com\\\/#website\"},\"datePublished\":\"2013-12-30T17:53:27+00:00\",\"dateModified\":\"2022-01-04T20:30:39+00:00\",\"description\":\"Premier Medical Group offers the best Mobile AL allergy treatment to help those suffering from severe allergies. See how we can help you manage your allergies today!\",\"breadcrumb\":{\"@id\":\"https:\\\/\\\/premiermedicalgrp.com\\\/services\\\/ent\\\/allergies\\\/treatment-options\\\/#breadcrumb\"},\"inLanguage\":\"es\",\"potentialAction\":[{\"@type\":\"ReadAction\",\"target\":[\"https:\\\/\\\/premiermedicalgrp.com\\\/services\\\/ent\\\/allergies\\\/treatment-options\\\/\"]}]},{\"@type\":\"BreadcrumbList\",\"@id\":\"https:\\\/\\\/premiermedicalgrp.com\\\/services\\\/ent\\\/allergies\\\/treatment-options\\\/#breadcrumb\",\"itemListElement\":[{\"@type\":\"ListItem\",\"position\":1,\"name\":\"Home\",\"item\":\"https:\\\/\\\/premiermedicalgrp.com\\\/\"},{\"@type\":\"ListItem\",\"position\":2,\"name\":\"Our Services\",\"item\":\"https:\\\/\\\/premiermedicalgrp.com\\\/services\\\/\"},{\"@type\":\"ListItem\",\"position\":3,\"name\":\"ENT Services\",\"item\":\"https:\\\/\\\/premiermedicalgrp.com\\\/services\\\/ent\\\/\"},{\"@type\":\"ListItem\",\"position\":4,\"name\":\"Allergies\",\"item\":\"https:\\\/\\\/premiermedicalgrp.com\\\/services\\\/ent\\\/allergies\\\/\"},{\"@type\":\"ListItem\",\"position\":5,\"name\":\"Treatment Options\"}]},{\"@type\":\"WebSite\",\"@id\":\"https:\\\/\\\/pmg2024.wpenginepowered.com\\\/#website\",\"url\":\"https:\\\/\\\/pmg2024.wpenginepowered.com\\\/\",\"name\":\"Premier Medical Group | Eye &amp; ENT Specialists\",\"description\":\"Premier Medical Group | Eye &amp; ENT Specialists\",\"potentialAction\":[{\"@type\":\"SearchAction\",\"target\":{\"@type\":\"EntryPoint\",\"urlTemplate\":\"https:\\\/\\\/pmg2024.wpenginepowered.com\\\/?s={search_term_string}\"},\"query-input\":{\"@type\":\"PropertyValueSpecification\",\"valueRequired\":true,\"valueName\":\"search_term_string\"}}],\"inLanguage\":\"es\"}]}<\/script>\n<!-- \/ Yoast SEO plugin. -->","yoast_head_json":{"title":"Allergy Treatment | Mobile AL","description":"Premier Medical Group offers the best Mobile AL allergy treatment to help those suffering from severe allergies. See how we can help you manage your allergies today!","robots":{"index":"index","follow":"follow","max-snippet":"max-snippet:-1","max-image-preview":"max-image-preview:large","max-video-preview":"max-video-preview:-1"},"canonical":"https:\/\/premiermedicalgrp.com\/es\/services\/ent\/allergies\/treatment-options\/","og_locale":"es_MX","og_type":"article","og_title":"Allergy Treatment | Mobile AL","og_description":"Premier Medical Group offers the best Mobile AL allergy treatment to help those suffering from severe allergies. See how we can help you manage your allergies today!","og_url":"https:\/\/premiermedicalgrp.com\/es\/services\/ent\/allergies\/treatment-options\/","og_site_name":"Premier Medical Group | Eye &amp; ENT Specialists","article_modified_time":"2022-01-04T20:30:39+00:00","twitter_misc":{"Est. reading time":"1 minuto"},"schema":{"@context":"https:\/\/schema.org","@graph":[{"@type":"WebPage","@id":"https:\/\/premiermedicalgrp.com\/services\/ent\/allergies\/treatment-options\/","url":"https:\/\/premiermedicalgrp.com\/services\/ent\/allergies\/treatment-options\/","name":"Allergy Treatment | Mobile AL","isPartOf":{"@id":"https:\/\/pmg2024.wpenginepowered.com\/#website"},"datePublished":"2013-12-30T17:53:27+00:00","dateModified":"2022-01-04T20:30:39+00:00","description":"Premier Medical Group offers the best Mobile AL allergy treatment to help those suffering from severe allergies. See how we can help you manage your allergies today!","breadcrumb":{"@id":"https:\/\/premiermedicalgrp.com\/services\/ent\/allergies\/treatment-options\/#breadcrumb"},"inLanguage":"es","potentialAction":[{"@type":"ReadAction","target":["https:\/\/premiermedicalgrp.com\/services\/ent\/allergies\/treatment-options\/"]}]},{"@type":"BreadcrumbList","@id":"https:\/\/premiermedicalgrp.com\/services\/ent\/allergies\/treatment-options\/#breadcrumb","itemListElement":[{"@type":"ListItem","position":1,"name":"Home","item":"https:\/\/premiermedicalgrp.com\/"},{"@type":"ListItem","position":2,"name":"Our Services","item":"https:\/\/premiermedicalgrp.com\/services\/"},{"@type":"ListItem","position":3,"name":"ENT Services","item":"https:\/\/premiermedicalgrp.com\/services\/ent\/"},{"@type":"ListItem","position":4,"name":"Allergies","item":"https:\/\/premiermedicalgrp.com\/services\/ent\/allergies\/"},{"@type":"ListItem","position":5,"name":"Treatment Options"}]},{"@type":"WebSite","@id":"https:\/\/pmg2024.wpenginepowered.com\/#website","url":"https:\/\/pmg2024.wpenginepowered.com\/","name":"Premier Medical Group | Especialistas en otorrinolaringolog\u00eda y oftalmolog\u00eda","description":"Premier Medical Group | Especialistas en otorrinolaringolog\u00eda y oftalmolog\u00eda","potentialAction":[{"@type":"SearchAction","target":{"@type":"EntryPoint","urlTemplate":"https:\/\/pmg2024.wpenginepowered.com\/?s={search_term_string}"},"query-input":{"@type":"PropertyValueSpecification","valueRequired":true,"valueName":"search_term_string"}}],"inLanguage":"es"}]}},"_links":{"self":[{"href":"https:\/\/premiermedicalgrp.com\/es\/wp-json\/wp\/v2\/pages\/225","targetHints":{"allow":["GET"]}}],"collection":[{"href":"https:\/\/premiermedicalgrp.com\/es\/wp-json\/wp\/v2\/pages"}],"about":[{"href":"https:\/\/premiermedicalgrp.com\/es\/wp-json\/wp\/v2\/types\/page"}],"author":[{"embeddable":true,"href":"https:\/\/premiermedicalgrp.com\/es\/wp-json\/wp\/v2\/users\/1"}],"replies":[{"embeddable":true,"href":"https:\/\/premiermedicalgrp.com\/es\/wp-json\/wp\/v2\/comments?post=225"}],"version-history":[{"count":0,"href":"https:\/\/premiermedicalgrp.com\/es\/wp-json\/wp\/v2\/pages\/225\/revisions"}],"up":[{"embeddable":true,"href":"https:\/\/premiermedicalgrp.com\/es\/wp-json\/wp\/v2\/pages\/194"}],"wp:attachment":[{"href":"https:\/\/premiermedicalgrp.com\/es\/wp-json\/wp\/v2\/media?parent=225"}],"curies":[{"name":"wp","href":"https:\/\/api.w.org\/{rel}","templated":true}]}}