{"id":239,"date":"2013-12-30T19:07:39","date_gmt":"2013-12-30T19:07:39","guid":{"rendered":"\/?page_id=239"},"modified":"2025-07-18T15:21:14","modified_gmt":"2025-07-18T20:21:14","slug":"west-office-location","status":"publish","type":"page","link":"https:\/\/premiermedicalgrp.com\/es\/contact\/west-office-location\/","title":{"rendered":"Calle Dauphin Oeste"},"content":{"rendered":"<h3>Grupo m\u00e9dico de primera<\/h3>\n<p>Calle delf\u00edn 3701<br \/>\nM\u00f3vil, Alabama<br \/>\nPrincipal: 251.341.3368<br \/>\nCitas: 251.341.3300<br \/>\nHorario: Lunes a viernes de 8 a 5<\/p>\n<p><iframe loading=\"lazy\" style=\"border: 0;\" src=\"https:\/\/www.google.com\/maps\/embed?pb=!1m18!1m12!1m3!1d3431.130378123432!2d-88.13238118486964!3d30.686607581653206!2m3!1f0!2f0!3f0!3m2!1i1024!2i768!4f13.1!3m3!1m2!1s0x889a4d778d5b9a5f%3A0xb1dd08706812e4f7!2sPremier+Medical+Group+West!5e0!3m2!1sen!2sus!4v1539034225705\" width=\"745\" height=\"400\" frameborder=\"0\" allowfullscreen=\"allowfullscreen\"><\/iframe><\/p>\n<p><a href=\"https:\/\/goo.gl\/maps\/LNuOf\" target=\"_blank\" rel=\"noopener noreferrer\">Ver direcci\u00f3n en Google Maps<\/a><\/p>\n<h4>M\u00e9dicos otorrinolaring\u00f3logos<\/h4>\n<ul>\n<li><a href=\"https:\/\/premiermedicalgrp.com\/es\/physicians\/kimberly-elliott-md\/\">Dra. Kimberly A. Elliott<\/a><\/li>\n<li><a href=\"https:\/\/premiermedicalgrp.com\/es\/physicians\/mark-harrison-md\/\">Dr. J. Mark Harrison<\/a><\/li>\n<li><a href=\"https:\/\/premiermedicalgrp.com\/es\/physicians\/b-jake-johnson-md\/\">Dr. B. Jake Johnson<\/a><\/li>\n<li><a href=\"https:\/\/premiermedicalgrp.com\/es\/physicians\/alfred-neumann-md\/\">Dr. Alfred M. Neumann, Jr.<\/a><\/li>\n<li><a href=\"https:\/\/premiermedicalgrp.com\/es\/physicians\/james-spires-md\/\">Dr. James R. Spires, Jr.<\/a><\/li>\n<li><a href=\"https:\/\/premiermedicalgrp.com\/es\/physicians\/christopher-g-weeks-md\/\">Christopher G. Weeks, MD<\/a><\/li>\n<\/ul>\n<h4>M\u00e9dicos de ojos<\/h4>\n<ul>\n<li><a href=\"https:\/\/premiermedicalgrp.com\/es\/physicians\/ronni-ferris-metzger-od\/\">Ronni Ferris-Metzger, OD<\/a><\/li>\n<li><a href=\"https:\/\/premiermedicalgrp.com\/es\/physicians\/curtis-graf-md\/\">Dr. Curtis M. Graf, Jr.<\/a><\/li>\n<li><a href=\"https:\/\/premiermedicalgrp.com\/es\/physicians\/charles-mosteller-md\/\">Dr. Charles S. Mosteller<\/a><\/li>\n<li><a href=\"https:\/\/premiermedicalgrp.com\/es\/physicians\/matthew-mosteller-md\/\">Dr. Matthew W. Mosteller<\/a><\/li>\n<li><a href=\"https:\/\/premiermedicalgrp.com\/es\/physicians\/c-drew-salisbury-md\/\">Dr. C. Drew Salisbury<\/a><\/li>\n<li><a href=\"https:\/\/premiermedicalgrp.com\/es\/physicians\/andrew-terry-md\/\">Dr. Andrew P. Terry<\/a><\/li>\n<li><a href=\"https:\/\/premiermedicalgrp.com\/es\/physicians\/christopher-walton-md\/\">Dr. Christopher J. Walton<\/a><\/li>\n<li><a href=\"https:\/\/premiermedicalgrp.com\/es\/physicians\/edmond-wright-md\/\">Dr. Edmond Wright<\/a><\/li>\n<\/ul>\n<p>&nbsp;<\/p>","protected":false},"excerpt":{"rendered":"<p>Premier Medical Group 3701 Dauphin Street Mobile, AL Main: 251.341.3368 Appointments: 251.341.3300 Hours: Mon-Fri 8-5 View Address in Google Maps ENT Doctors Kimberly A. Elliott,\u00a0 MD J. Mark Harrison, MD B. Jake Johnson, MD Alfred M. Neumann, Jr., MD James R. Spires, Jr., MD Christopher G. Weeks, MD EYE\u00a0Doctors Ronni Ferris-Metzger, OD Curtis M. Graf, [&hellip;]<\/p>\n","protected":false},"author":1,"featured_media":0,"parent":81,"menu_order":114,"comment_status":"closed","ping_status":"closed","template":"","meta":{"_acf_changed":false,"footnotes":""},"class_list":["post-239","page","type-page","status-publish","hentry"],"acf":[],"yoast_head":"<!-- This site is optimized with the Yoast SEO plugin v27.5 - https:\/\/yoast.com\/product\/yoast-seo-wordpress\/ -->\n<title>Dauphin Street West - Premier Medical Group - Mobile, Mobile County<\/title>\n<meta name=\"description\" content=\"Find us at our Mobile County office in Mobile, located at 3701 Dauphin Street. Having trouble finding us? Click here to view us on the map!\" \/>\n<meta name=\"robots\" content=\"index, follow, max-snippet:-1, max-image-preview:large, max-video-preview:-1\" \/>\n<link rel=\"canonical\" href=\"https:\/\/premiermedicalgrp.com\/es\/contact\/west-office-location\/\" \/>\n<meta property=\"og:locale\" content=\"es_MX\" \/>\n<meta property=\"og:type\" content=\"article\" \/>\n<meta property=\"og:title\" content=\"Dauphin Street West - Premier Medical Group - Mobile, Mobile County\" \/>\n<meta property=\"og:description\" content=\"Find us at our Mobile County office in Mobile, located at 3701 Dauphin Street. Having trouble finding us? Click here to view us on the map!\" \/>\n<meta property=\"og:url\" content=\"https:\/\/premiermedicalgrp.com\/es\/contact\/west-office-location\/\" \/>\n<meta property=\"og:site_name\" content=\"Premier Medical Group | Eye &amp; ENT Specialists\" \/>\n<meta property=\"article:modified_time\" content=\"2025-07-18T20:21:14+00:00\" \/>\n<meta name=\"twitter:label1\" content=\"Est. reading time\" \/>\n\t<meta name=\"twitter:data1\" content=\"1 minuto\" \/>\n<script type=\"application\/ld+json\" class=\"yoast-schema-graph\">{\"@context\":\"https:\\\/\\\/schema.org\",\"@graph\":[{\"@type\":\"WebPage\",\"@id\":\"https:\\\/\\\/premiermedicalgrp.com\\\/contact\\\/west-office-location\\\/\",\"url\":\"https:\\\/\\\/premiermedicalgrp.com\\\/contact\\\/west-office-location\\\/\",\"name\":\"Dauphin Street West - Premier Medical Group - Mobile, Mobile County\",\"isPartOf\":{\"@id\":\"https:\\\/\\\/pmg2024.wpenginepowered.com\\\/#website\"},\"datePublished\":\"2013-12-30T19:07:39+00:00\",\"dateModified\":\"2025-07-18T20:21:14+00:00\",\"description\":\"Find us at our Mobile County office in Mobile, located at 3701 Dauphin Street. Having trouble finding us? Click here to view us on the map!\",\"breadcrumb\":{\"@id\":\"https:\\\/\\\/premiermedicalgrp.com\\\/contact\\\/west-office-location\\\/#breadcrumb\"},\"inLanguage\":\"es\",\"potentialAction\":[{\"@type\":\"ReadAction\",\"target\":[\"https:\\\/\\\/premiermedicalgrp.com\\\/contact\\\/west-office-location\\\/\"]}]},{\"@type\":\"BreadcrumbList\",\"@id\":\"https:\\\/\\\/premiermedicalgrp.com\\\/contact\\\/west-office-location\\\/#breadcrumb\",\"itemListElement\":[{\"@type\":\"ListItem\",\"position\":1,\"name\":\"Home\",\"item\":\"https:\\\/\\\/premiermedicalgrp.com\\\/\"},{\"@type\":\"ListItem\",\"position\":2,\"name\":\"Locations\",\"item\":\"https:\\\/\\\/premiermedicalgrp.com\\\/contact\\\/\"},{\"@type\":\"ListItem\",\"position\":3,\"name\":\"Dauphin Street West\"}]},{\"@type\":\"WebSite\",\"@id\":\"https:\\\/\\\/pmg2024.wpenginepowered.com\\\/#website\",\"url\":\"https:\\\/\\\/pmg2024.wpenginepowered.com\\\/\",\"name\":\"Premier Medical Group | Eye &amp; ENT Specialists\",\"description\":\"Premier Medical Group | Eye &amp; ENT Specialists\",\"potentialAction\":[{\"@type\":\"SearchAction\",\"target\":{\"@type\":\"EntryPoint\",\"urlTemplate\":\"https:\\\/\\\/pmg2024.wpenginepowered.com\\\/?s={search_term_string}\"},\"query-input\":{\"@type\":\"PropertyValueSpecification\",\"valueRequired\":true,\"valueName\":\"search_term_string\"}}],\"inLanguage\":\"es\"}]}<\/script>\n<!-- \/ Yoast SEO plugin. -->","yoast_head_json":{"title":"Dauphin Street West - Premier Medical Group - Mobile, Mobile County","description":"Find us at our Mobile County office in Mobile, located at 3701 Dauphin Street. Having trouble finding us? Click here to view us on the map!","robots":{"index":"index","follow":"follow","max-snippet":"max-snippet:-1","max-image-preview":"max-image-preview:large","max-video-preview":"max-video-preview:-1"},"canonical":"https:\/\/premiermedicalgrp.com\/es\/contact\/west-office-location\/","og_locale":"es_MX","og_type":"article","og_title":"Dauphin Street West - Premier Medical Group - Mobile, Mobile County","og_description":"Find us at our Mobile County office in Mobile, located at 3701 Dauphin Street. Having trouble finding us? Click here to view us on the map!","og_url":"https:\/\/premiermedicalgrp.com\/es\/contact\/west-office-location\/","og_site_name":"Premier Medical Group | Eye &amp; ENT Specialists","article_modified_time":"2025-07-18T20:21:14+00:00","twitter_misc":{"Est. reading time":"1 minuto"},"schema":{"@context":"https:\/\/schema.org","@graph":[{"@type":"WebPage","@id":"https:\/\/premiermedicalgrp.com\/contact\/west-office-location\/","url":"https:\/\/premiermedicalgrp.com\/contact\/west-office-location\/","name":"Dauphin Street West - Premier Medical Group - Mobile, Mobile County","isPartOf":{"@id":"https:\/\/pmg2024.wpenginepowered.com\/#website"},"datePublished":"2013-12-30T19:07:39+00:00","dateModified":"2025-07-18T20:21:14+00:00","description":"Find us at our Mobile County office in Mobile, located at 3701 Dauphin Street. Having trouble finding us? Click here to view us on the map!","breadcrumb":{"@id":"https:\/\/premiermedicalgrp.com\/contact\/west-office-location\/#breadcrumb"},"inLanguage":"es","potentialAction":[{"@type":"ReadAction","target":["https:\/\/premiermedicalgrp.com\/contact\/west-office-location\/"]}]},{"@type":"BreadcrumbList","@id":"https:\/\/premiermedicalgrp.com\/contact\/west-office-location\/#breadcrumb","itemListElement":[{"@type":"ListItem","position":1,"name":"Home","item":"https:\/\/premiermedicalgrp.com\/"},{"@type":"ListItem","position":2,"name":"Locations","item":"https:\/\/premiermedicalgrp.com\/contact\/"},{"@type":"ListItem","position":3,"name":"Dauphin Street West"}]},{"@type":"WebSite","@id":"https:\/\/pmg2024.wpenginepowered.com\/#website","url":"https:\/\/pmg2024.wpenginepowered.com\/","name":"Premier Medical Group | Especialistas en otorrinolaringolog\u00eda y oftalmolog\u00eda","description":"Premier Medical Group | Especialistas en otorrinolaringolog\u00eda y oftalmolog\u00eda","potentialAction":[{"@type":"SearchAction","target":{"@type":"EntryPoint","urlTemplate":"https:\/\/pmg2024.wpenginepowered.com\/?s={search_term_string}"},"query-input":{"@type":"PropertyValueSpecification","valueRequired":true,"valueName":"search_term_string"}}],"inLanguage":"es"}]}},"_links":{"self":[{"href":"https:\/\/premiermedicalgrp.com\/es\/wp-json\/wp\/v2\/pages\/239","targetHints":{"allow":["GET"]}}],"collection":[{"href":"https:\/\/premiermedicalgrp.com\/es\/wp-json\/wp\/v2\/pages"}],"about":[{"href":"https:\/\/premiermedicalgrp.com\/es\/wp-json\/wp\/v2\/types\/page"}],"author":[{"embeddable":true,"href":"https:\/\/premiermedicalgrp.com\/es\/wp-json\/wp\/v2\/users\/1"}],"replies":[{"embeddable":true,"href":"https:\/\/premiermedicalgrp.com\/es\/wp-json\/wp\/v2\/comments?post=239"}],"version-history":[{"count":0,"href":"https:\/\/premiermedicalgrp.com\/es\/wp-json\/wp\/v2\/pages\/239\/revisions"}],"up":[{"embeddable":true,"href":"https:\/\/premiermedicalgrp.com\/es\/wp-json\/wp\/v2\/pages\/81"}],"wp:attachment":[{"href":"https:\/\/premiermedicalgrp.com\/es\/wp-json\/wp\/v2\/media?parent=239"}],"curies":[{"name":"wp","href":"https:\/\/api.w.org\/{rel}","templated":true}]}}