{"id":2443,"date":"2015-03-11T15:34:28","date_gmt":"2015-03-11T20:34:28","guid":{"rendered":"http:\/\/pmg2024.wpenginepowered.com\/?page_id=2443"},"modified":"2019-09-04T14:12:05","modified_gmt":"2019-09-04T19:12:05","slug":"myopia-control-clinic","status":"publish","type":"page","link":"https:\/\/premiermedicalgrp.com\/es\/services\/eye\/optometry\/myopia-control-clinic\/","title":{"rendered":"Cl\u00ednica de control de la miop\u00eda"},"content":{"rendered":"<p>&nbsp;<\/p>\n<p><em>La miop\u00eda, o vista corta, afecta a millones de personas en los Estados Unidos, el grupo m\u00e1s grande de pacientes que usan anteojos o lentes de contacto. Para la mayor\u00eda, este problema de visi\u00f3n a distancia comienza en la escuela primaria, a menudo antes de los ocho a\u00f1os. Para una cantidad excesiva, el deterioro de la visi\u00f3n contin\u00faa hasta bien entrada la adolescencia e incluso a principios de los veinte.<\/em><\/p>\n<p><span style=\"color: #000000;\">Numerosos estudios cl\u00ednicos han indicado recientemente que la progresi\u00f3n de la miop\u00eda se puede controlar con una terapia de remodelaci\u00f3n corneal (utilizando lentes de contacto por la noche para remodelar suavemente la c\u00f3rnea). Estudios recientes nos han proporcionado esta nueva informaci\u00f3n sobre el control de la progresi\u00f3n de la miop\u00eda:<\/span><\/p>\n<p style=\"padding-left: 30px;\"><em>\u00a0<span style=\"color: #808080;\">An\u00e1lisis de estudios recientes que determinaron la seguridad y eficacia de la ortoqueratolog\u00eda versus lentes de contacto blandas, lentes r\u00edgidas permeables al gas y anteojos en ni\u00f1os publicados en el American Journal of Ophthalmology en diciembre de 2013. \u201cDemostr\u00f3 que el uso de la ortoqueratolog\u00eda es un tratamiento no quir\u00fargico seguro y eficaz para la miop\u00eda y que es capaz de retardar la elongaci\u00f3n axial, lo que lo convierte en un tratamiento eficaz para la miop\u00eda en ni\u00f1os\u201d.<\/span><\/em><\/p>\n<p style=\"padding-left: 30px;\"><span style=\"color: #808080;\"><em>Otro estudio prospectivo, aleatorizado, cruzado de ojos contralaterales realizado durante un per\u00edodo de 1 a\u00f1o y publicado en la revista American Academy of Ophthalmology Journal en marzo de 2015 concluy\u00f3 que \u201cestos resultados proporcionan evidencia de que, al menos en los meses iniciales de uso de lentes, la optometr\u00eda nocturna inhibe el crecimiento axial del ojo y la progresi\u00f3n de la miop\u00eda en comparaci\u00f3n con las lentes GP convencionales. El aparente acortamiento de la longitud axial al comienzo del uso de lentes optom\u00e9tricas puede reflejar la contribuci\u00f3n del adelgazamiento corneal central inducido por la optometr\u00eda, combinado con el engrosamiento o la recuperaci\u00f3n coroidea debido a una reducci\u00f3n o neutralizaci\u00f3n del est\u00edmulo miopiog\u00e9nico al crecimiento ocular en estos ni\u00f1os miopes\u201d.<\/em><\/span><\/p>\n<p><span style=\"color: #000000;\">En la \u00faltima d\u00e9cada, el avance en los materiales de las lentes, que permiten su uso durante la noche, y los tornos de fabricaci\u00f3n que pueden moldear las lentes de contacto hasta el nivel de micrones se han combinado para permitir el control de la progresi\u00f3n de la miop\u00eda como nunca antes. Estudios cl\u00ednicos recientes en revistas revisadas por pares indican, claramente, que la progresi\u00f3n de la miop\u00eda se puede controlar mediante el modelado de la c\u00f3rnea, tambi\u00e9n conocido como ortoqueratolog\u00eda. Si bien la ortoqueratolog\u00eda ha existido durante un tiempo, nuevos materiales, nuevos sistemas de dise\u00f1o y una gran cantidad de estudios cl\u00ednicos de todo el mundo hacen que el uso de lentes permeables al gas que se usan mientras uno duerme sea una gran opci\u00f3n para retrasar la progresi\u00f3n de la miop\u00eda. Los ni\u00f1os con miop\u00eda ahora tienen una forma de minimizar la progresi\u00f3n de su miop\u00eda mientras duermen. Dado que todo el uso de lentes de contacto se realiza durante el sue\u00f1o, rara vez existen problemas de comodidad y \u00a1no es necesario usar lentes de contacto durante las horas de vigilia! Los padres pueden estar tranquilos, ya que su hijo puede funcionar visualmente como cualquier otro ni\u00f1o con visi\u00f3n &quot;normal&quot; en la escuela y en los deportes.<br \/>\n<\/span><\/p>\n<p><span style=\"color: #000000;\">El Dr. Jackson y el Dr. King se especializan en el control de la miop\u00eda para ni\u00f1os y adolescentes utilizando los \u00faltimos equipos y materiales y el sistema de dise\u00f1o de lentes m\u00e1s avanzado del mundo.<\/span><\/p>\n<p><span style=\"color: #000000;\">Haga clic aqu\u00ed para obtener m\u00e1s informaci\u00f3n sobre<\/span> <a title=\"Modelado de la c\u00f3rnea\" href=\"http:\/\/premiermedicalgrp.com\/es\/services\/eye\/optometry\/corneal-shaping\/\" target=\"_blank\">Modelado de la c\u00f3rnea<\/a>.<\/p>\n<p><img loading=\"lazy\" decoding=\"async\" class=\"alignnone wp-image-2456 size-thumbnail\" src=\"http:\/\/premiermedicalgrp.com\/wp-content\/uploads\/2015\/03\/myopia-150x150.jpg\" alt=\"myopia\" width=\"150\" height=\"150\" \/>\u00a0<img loading=\"lazy\" decoding=\"async\" class=\"alignnone wp-image-2457 size-thumbnail\" src=\"http:\/\/premiermedicalgrp.com\/wp-content\/uploads\/2015\/03\/myopia1-150x150.jpg\" alt=\"myopia1\" width=\"150\" height=\"150\" \/>\u00a0<img loading=\"lazy\" decoding=\"async\" class=\"alignnone wp-image-2459 size-thumbnail\" src=\"http:\/\/premiermedicalgrp.com\/wp-content\/uploads\/2015\/03\/Myopia2-150x150.jpg\" alt=\"Myopia2\" width=\"150\" height=\"150\" \/><\/p>","protected":false},"excerpt":{"rendered":"<p>&nbsp; Myopia, or nearsightedness, affects millions of people in the U.S., the largest group of patients wearing eyeglasses or contact lenses. \u00a0For most, this distance vision problem begins in grade school, often before the age of eight. \u00a0For far to many, the decline in vision continues well into the late teens, and even early twenties. [&hellip;]<\/p>\n","protected":false},"author":1,"featured_media":0,"parent":111,"menu_order":74,"comment_status":"closed","ping_status":"closed","template":"","meta":{"_acf_changed":false,"footnotes":""},"class_list":["post-2443","page","type-page","status-publish","hentry"],"acf":[],"yoast_head":"<!-- This site is optimized with the Yoast SEO plugin v27.4 - https:\/\/yoast.com\/product\/yoast-seo-wordpress\/ -->\n<title>Myopia Control Clinic - Premier Medical Group | Eye &amp; ENT Specialists<\/title>\n<meta name=\"robots\" content=\"index, follow, max-snippet:-1, max-image-preview:large, max-video-preview:-1\" \/>\n<link rel=\"canonical\" href=\"https:\/\/premiermedicalgrp.com\/es\/services\/eye\/optometry\/myopia-control-clinic\/\" \/>\n<meta property=\"og:locale\" content=\"es_MX\" \/>\n<meta property=\"og:type\" content=\"article\" \/>\n<meta property=\"og:title\" content=\"Myopia Control Clinic - Premier Medical Group | Eye &amp; ENT Specialists\" \/>\n<meta property=\"og:description\" content=\"&nbsp; Myopia, or nearsightedness, affects millions of people in the U.S., the largest group of patients wearing eyeglasses or contact lenses. \u00a0For most, this distance vision problem begins in grade school, often before the age of eight. \u00a0For far to many, the decline in vision continues well into the late teens, and even early twenties. [&hellip;]\" \/>\n<meta property=\"og:url\" content=\"https:\/\/premiermedicalgrp.com\/es\/services\/eye\/optometry\/myopia-control-clinic\/\" \/>\n<meta property=\"og:site_name\" content=\"Premier Medical Group | Eye &amp; ENT Specialists\" \/>\n<meta property=\"article:modified_time\" content=\"2019-09-04T19:12:05+00:00\" \/>\n<meta property=\"og:image\" content=\"http:\/\/premiermedicalgrp.com\/wp-content\/uploads\/2015\/03\/myopia-150x150.jpg\" \/>\n<meta name=\"twitter:label1\" content=\"Est. reading time\" \/>\n\t<meta name=\"twitter:data1\" content=\"2 minutos\" \/>\n<script type=\"application\/ld+json\" class=\"yoast-schema-graph\">{\"@context\":\"https:\\\/\\\/schema.org\",\"@graph\":[{\"@type\":\"WebPage\",\"@id\":\"https:\\\/\\\/premiermedicalgrp.com\\\/services\\\/eye\\\/optometry\\\/myopia-control-clinic\\\/\",\"url\":\"https:\\\/\\\/premiermedicalgrp.com\\\/services\\\/eye\\\/optometry\\\/myopia-control-clinic\\\/\",\"name\":\"Myopia Control Clinic - Premier Medical Group | Eye &amp; ENT Specialists\",\"isPartOf\":{\"@id\":\"https:\\\/\\\/pmg2024.wpenginepowered.com\\\/#website\"},\"primaryImageOfPage\":{\"@id\":\"https:\\\/\\\/premiermedicalgrp.com\\\/services\\\/eye\\\/optometry\\\/myopia-control-clinic\\\/#primaryimage\"},\"image\":{\"@id\":\"https:\\\/\\\/premiermedicalgrp.com\\\/services\\\/eye\\\/optometry\\\/myopia-control-clinic\\\/#primaryimage\"},\"thumbnailUrl\":\"http:\\\/\\\/premiermedicalgrp.com\\\/wp-content\\\/uploads\\\/2015\\\/03\\\/myopia-150x150.jpg\",\"datePublished\":\"2015-03-11T20:34:28+00:00\",\"dateModified\":\"2019-09-04T19:12:05+00:00\",\"breadcrumb\":{\"@id\":\"https:\\\/\\\/premiermedicalgrp.com\\\/services\\\/eye\\\/optometry\\\/myopia-control-clinic\\\/#breadcrumb\"},\"inLanguage\":\"es\",\"potentialAction\":[{\"@type\":\"ReadAction\",\"target\":[\"https:\\\/\\\/premiermedicalgrp.com\\\/services\\\/eye\\\/optometry\\\/myopia-control-clinic\\\/\"]}]},{\"@type\":\"ImageObject\",\"inLanguage\":\"es\",\"@id\":\"https:\\\/\\\/premiermedicalgrp.com\\\/services\\\/eye\\\/optometry\\\/myopia-control-clinic\\\/#primaryimage\",\"url\":\"http:\\\/\\\/premiermedicalgrp.com\\\/wp-content\\\/uploads\\\/2015\\\/03\\\/myopia-150x150.jpg\",\"contentUrl\":\"http:\\\/\\\/premiermedicalgrp.com\\\/wp-content\\\/uploads\\\/2015\\\/03\\\/myopia-150x150.jpg\"},{\"@type\":\"BreadcrumbList\",\"@id\":\"https:\\\/\\\/premiermedicalgrp.com\\\/services\\\/eye\\\/optometry\\\/myopia-control-clinic\\\/#breadcrumb\",\"itemListElement\":[{\"@type\":\"ListItem\",\"position\":1,\"name\":\"Home\",\"item\":\"https:\\\/\\\/premiermedicalgrp.com\\\/\"},{\"@type\":\"ListItem\",\"position\":2,\"name\":\"Our Services\",\"item\":\"https:\\\/\\\/premiermedicalgrp.com\\\/services\\\/\"},{\"@type\":\"ListItem\",\"position\":3,\"name\":\"Eye Services\",\"item\":\"https:\\\/\\\/premiermedicalgrp.com\\\/services\\\/eye\\\/\"},{\"@type\":\"ListItem\",\"position\":4,\"name\":\"Optometry\",\"item\":\"https:\\\/\\\/premiermedicalgrp.com\\\/services\\\/eye\\\/optometry\\\/\"},{\"@type\":\"ListItem\",\"position\":5,\"name\":\"Myopia Control Clinic\"}]},{\"@type\":\"WebSite\",\"@id\":\"https:\\\/\\\/pmg2024.wpenginepowered.com\\\/#website\",\"url\":\"https:\\\/\\\/pmg2024.wpenginepowered.com\\\/\",\"name\":\"Premier Medical Group | Eye &amp; ENT Specialists\",\"description\":\"Premier Medical Group | Eye &amp; ENT Specialists\",\"potentialAction\":[{\"@type\":\"SearchAction\",\"target\":{\"@type\":\"EntryPoint\",\"urlTemplate\":\"https:\\\/\\\/pmg2024.wpenginepowered.com\\\/?s={search_term_string}\"},\"query-input\":{\"@type\":\"PropertyValueSpecification\",\"valueRequired\":true,\"valueName\":\"search_term_string\"}}],\"inLanguage\":\"es\"}]}<\/script>\n<!-- \/ Yoast SEO plugin. -->","yoast_head_json":{"title":"Myopia Control Clinic - Premier Medical Group | Eye &amp; ENT Specialists","robots":{"index":"index","follow":"follow","max-snippet":"max-snippet:-1","max-image-preview":"max-image-preview:large","max-video-preview":"max-video-preview:-1"},"canonical":"https:\/\/premiermedicalgrp.com\/es\/services\/eye\/optometry\/myopia-control-clinic\/","og_locale":"es_MX","og_type":"article","og_title":"Myopia Control Clinic - Premier Medical Group | Eye &amp; ENT Specialists","og_description":"&nbsp; Myopia, or nearsightedness, affects millions of people in the U.S., the largest group of patients wearing eyeglasses or contact lenses. \u00a0For most, this distance vision problem begins in grade school, often before the age of eight. \u00a0For far to many, the decline in vision continues well into the late teens, and even early twenties. [&hellip;]","og_url":"https:\/\/premiermedicalgrp.com\/es\/services\/eye\/optometry\/myopia-control-clinic\/","og_site_name":"Premier Medical Group | Eye &amp; ENT Specialists","article_modified_time":"2019-09-04T19:12:05+00:00","og_image":[{"url":"http:\/\/premiermedicalgrp.com\/wp-content\/uploads\/2015\/03\/myopia-150x150.jpg","type":"","width":"","height":""}],"twitter_misc":{"Est. reading time":"2 minutos"},"schema":{"@context":"https:\/\/schema.org","@graph":[{"@type":"WebPage","@id":"https:\/\/premiermedicalgrp.com\/services\/eye\/optometry\/myopia-control-clinic\/","url":"https:\/\/premiermedicalgrp.com\/services\/eye\/optometry\/myopia-control-clinic\/","name":"Myopia Control Clinic - Premier Medical Group | Eye &amp; ENT Specialists","isPartOf":{"@id":"https:\/\/pmg2024.wpenginepowered.com\/#website"},"primaryImageOfPage":{"@id":"https:\/\/premiermedicalgrp.com\/services\/eye\/optometry\/myopia-control-clinic\/#primaryimage"},"image":{"@id":"https:\/\/premiermedicalgrp.com\/services\/eye\/optometry\/myopia-control-clinic\/#primaryimage"},"thumbnailUrl":"http:\/\/premiermedicalgrp.com\/wp-content\/uploads\/2015\/03\/myopia-150x150.jpg","datePublished":"2015-03-11T20:34:28+00:00","dateModified":"2019-09-04T19:12:05+00:00","breadcrumb":{"@id":"https:\/\/premiermedicalgrp.com\/services\/eye\/optometry\/myopia-control-clinic\/#breadcrumb"},"inLanguage":"es","potentialAction":[{"@type":"ReadAction","target":["https:\/\/premiermedicalgrp.com\/services\/eye\/optometry\/myopia-control-clinic\/"]}]},{"@type":"ImageObject","inLanguage":"es","@id":"https:\/\/premiermedicalgrp.com\/services\/eye\/optometry\/myopia-control-clinic\/#primaryimage","url":"http:\/\/premiermedicalgrp.com\/wp-content\/uploads\/2015\/03\/myopia-150x150.jpg","contentUrl":"http:\/\/premiermedicalgrp.com\/wp-content\/uploads\/2015\/03\/myopia-150x150.jpg"},{"@type":"BreadcrumbList","@id":"https:\/\/premiermedicalgrp.com\/services\/eye\/optometry\/myopia-control-clinic\/#breadcrumb","itemListElement":[{"@type":"ListItem","position":1,"name":"Home","item":"https:\/\/premiermedicalgrp.com\/"},{"@type":"ListItem","position":2,"name":"Our Services","item":"https:\/\/premiermedicalgrp.com\/services\/"},{"@type":"ListItem","position":3,"name":"Eye Services","item":"https:\/\/premiermedicalgrp.com\/services\/eye\/"},{"@type":"ListItem","position":4,"name":"Optometry","item":"https:\/\/premiermedicalgrp.com\/services\/eye\/optometry\/"},{"@type":"ListItem","position":5,"name":"Myopia Control Clinic"}]},{"@type":"WebSite","@id":"https:\/\/pmg2024.wpenginepowered.com\/#website","url":"https:\/\/pmg2024.wpenginepowered.com\/","name":"Premier Medical Group | Especialistas en otorrinolaringolog\u00eda y oftalmolog\u00eda","description":"Premier Medical Group | Especialistas en otorrinolaringolog\u00eda y oftalmolog\u00eda","potentialAction":[{"@type":"SearchAction","target":{"@type":"EntryPoint","urlTemplate":"https:\/\/pmg2024.wpenginepowered.com\/?s={search_term_string}"},"query-input":{"@type":"PropertyValueSpecification","valueRequired":true,"valueName":"search_term_string"}}],"inLanguage":"es"}]}},"_links":{"self":[{"href":"https:\/\/premiermedicalgrp.com\/es\/wp-json\/wp\/v2\/pages\/2443","targetHints":{"allow":["GET"]}}],"collection":[{"href":"https:\/\/premiermedicalgrp.com\/es\/wp-json\/wp\/v2\/pages"}],"about":[{"href":"https:\/\/premiermedicalgrp.com\/es\/wp-json\/wp\/v2\/types\/page"}],"author":[{"embeddable":true,"href":"https:\/\/premiermedicalgrp.com\/es\/wp-json\/wp\/v2\/users\/1"}],"replies":[{"embeddable":true,"href":"https:\/\/premiermedicalgrp.com\/es\/wp-json\/wp\/v2\/comments?post=2443"}],"version-history":[{"count":0,"href":"https:\/\/premiermedicalgrp.com\/es\/wp-json\/wp\/v2\/pages\/2443\/revisions"}],"up":[{"embeddable":true,"href":"https:\/\/premiermedicalgrp.com\/es\/wp-json\/wp\/v2\/pages\/111"}],"wp:attachment":[{"href":"https:\/\/premiermedicalgrp.com\/es\/wp-json\/wp\/v2\/media?parent=2443"}],"curies":[{"name":"wp","href":"https:\/\/api.w.org\/{rel}","templated":true}]}}