{"id":246,"date":"2013-12-30T19:43:48","date_gmt":"2013-12-30T19:43:48","guid":{"rendered":"\/?page_id=246"},"modified":"2025-08-06T09:52:24","modified_gmt":"2025-08-06T14:52:24","slug":"east-office","status":"publish","type":"page","link":"https:\/\/premiermedicalgrp.com\/es\/contact\/east-office\/","title":{"rendered":"Calle Dauphin Este"},"content":{"rendered":"<h3>Grupo m\u00e9dico de primera<\/h3>\n<p>Calle delf\u00edn 2880<br \/>\nM\u00f3vil, Alabama<br \/>\nPrincipal: 251.473.1900<br \/>\nCitas \u2013 PRESENCIAL: 251-470-8844<br \/>\nCitas \u2013 Otorrinolaringolog\u00eda: 251-470-8877<br \/>\nHorario: Lunes a viernes de 8 a 5<\/p>\n<p><iframe loading=\"lazy\" style=\"border: 0;\" src=\"https:\/\/www.google.com\/maps\/embed?pb=!1m14!1m8!1m3!1d13724.172031782351!2d-88.1110165!3d30.689066!3m2!1i1024!2i768!4f13.1!3m3!1m2!1s0x889a4d8d180c01bd%3A0xcfb8dd91d59731e4!2sPremier+Medical+Group+East+ENT!5e0!3m2!1sen!2sus!4v1539034389643\" width=\"745\" height=\"400\" frameborder=\"0\" allowfullscreen=\"allowfullscreen\"><\/iframe><\/p>\n<p><a href=\"https:\/\/www.google.com\/maps\/search\/premier+medical+2880+Dauphin+Street+Mobile,+AL\/@30.689066,-88.1110165,15z\" target=\"_blank\" rel=\"noopener noreferrer\">Ver en Google Maps<\/a><\/p>\n<h4>M\u00e9dicos otorrinolaring\u00f3logos<\/h4>\n<ul>\n<li><a href=\"https:\/\/premiermedicalgrp.com\/es\/physicians\/kent-l-burton-md\/\">Doctor Kent L. Burton<\/a><\/li>\n<li><a href=\"https:\/\/premiermedicalgrp.com\/es\/physicians\/michael-lee-md\/\">Dr. Michael Rhodes Lee<\/a><\/li>\n<li><a href=\"https:\/\/premiermedicalgrp.com\/es\/physicians\/andrea-mcmurphy-md-facs\/\">Dra. Andrea B. McMurphy<\/a><\/li>\n<li><a href=\"https:\/\/premiermedicalgrp.com\/es\/physicians\/kacie-r-oglesby-md\/\">Dra. Kacie R. Oglesby<\/a><\/li>\n<li><a href=\"https:\/\/premiermedicalgrp.com\/es\/physicians\/jessica-southwood-md\/\">Dra. Jessica E. Southwood<\/a><\/li>\n<li><a href=\"http:\/\/premiermedicalgrp.com\/es\/physicians\/brian-p-sullivan-md\/\">Dr. Brian P. Sullivan<\/a><\/li>\n<li><a href=\"https:\/\/premiermedicalgrp.com\/es\/physicians\/ron-swain-md\/\">Dr. Ron Swain, Jr.<\/a><\/li>\n<li style=\"list-style-type: none;\"><\/li>\n<\/ul>\n<p>&nbsp;<\/p>\n<h4>M\u00e9dicos de ojos<\/h4>\n<ul>\n<li><a href=\"https:\/\/premiermedicalgrp.com\/es\/physicians\/stuart-ball-md\/\">Dr. Stuart F. Ball<\/a><\/li>\n<li><a href=\"https:\/\/premiermedicalgrp.com\/es\/physicians\/stuart-r-ball-md\/\">Dr. Stuart R. Ball<\/a><\/li>\n<li><a href=\"https:\/\/premiermedicalgrp.com\/es\/physicians\/jay-brown-md\/\">Dr. Jay A. Brown<\/a><\/li>\n<li><a href=\"http:\/\/premiermedicalgrp.com\/es\/physicians\/ryan-c-burton-md\/\">Dr. Ryan C. Burton<\/a><\/li>\n<li><a href=\"https:\/\/premiermedicalgrp.com\/es\/physicians\/sean-m-carter-md\/\">Dr. Sean M. Carter<\/a><\/li>\n<li><a href=\"https:\/\/premiermedicalgrp.com\/es\/physicians\/mark-douglas-md\/\">Dr. Mark J. Douglas<\/a><\/li>\n<li><a href=\"https:\/\/premiermedicalgrp.com\/es\/physicians\/richard-duffey-md\/\">Dr. Richard J. Duffey<\/a><\/li>\n<li><a href=\"https:\/\/premiermedicalgrp.com\/es\/physicians\/john-h-friend-iv-md\/\">Dr. John H. Friend, IV<\/a><\/li>\n<li><a href=\"https:\/\/premiermedicalgrp.com\/es\/physicians\/gregory-jackson-od\/\">Gregory R. Jackson, oste\u00f3pata<\/a><\/li>\n<li><a href=\"https:\/\/premiermedicalgrp.com\/es\/physicians\/ben-king-od\/\">Ben F. King IV, OD<\/a><\/li>\n<li><a href=\"https:\/\/premiermedicalgrp.com\/es\/physicians\/christopher-semple-md\/\">Dr. H. Christopher Semple<\/a><\/li>\n<li><a href=\"https:\/\/premiermedicalgrp.com\/es\/physicians\/william-f-stringer-jr-od\/\">William F. Stringer, Jr., otorrinolaring\u00f3logo<\/a><\/li>\n<li><a href=\"https:\/\/premiermedicalgrp.com\/es\/physicians\/valerie-vick-md\/\">Dra. Valerie L. Vick<\/a><\/li>\n<\/ul>\n<p>&nbsp;<\/p>","protected":false},"excerpt":{"rendered":"<p>Premier Medical Group 2880 Dauphin Street Mobile, AL Main: 251.473.1900 Appointments \u2013 EYE:\u00a0 251-470-8844 Appointments \u2013 ENT: 251-470-8877 Hours: Mon-Fri 8-5 View in Google Maps ENT Doctors Kent L. Burton, MD Michael Rhodes Lee, MD Andrea B. McMurphy, MD Kacie R. Oglesby, MD Jessica E. Southwood, MD Brian P. Sullivan, MD Ron Swain, Jr., MD [&hellip;]<\/p>\n","protected":false},"author":1,"featured_media":0,"parent":81,"menu_order":115,"comment_status":"closed","ping_status":"closed","template":"","meta":{"_acf_changed":false,"footnotes":""},"class_list":["post-246","page","type-page","status-publish","hentry"],"acf":[],"yoast_head":"<!-- This site is optimized with the Yoast SEO plugin v27.3 - https:\/\/yoast.com\/product\/yoast-seo-wordpress\/ -->\n<title>Dauphin Street East - Premier Medical Group - Mobile County<\/title>\n<meta name=\"description\" content=\"Find us at our Mobile County office in Mobile, located at 2880 Dauphin Street. Having trouble finding us? Click here to view us on the map!\" \/>\n<meta name=\"robots\" content=\"index, follow, max-snippet:-1, max-image-preview:large, max-video-preview:-1\" \/>\n<link rel=\"canonical\" href=\"https:\/\/premiermedicalgrp.com\/es\/contact\/east-office\/\" \/>\n<meta property=\"og:locale\" content=\"es_MX\" \/>\n<meta property=\"og:type\" content=\"article\" \/>\n<meta property=\"og:title\" content=\"Dauphin Street East - Premier Medical Group - Mobile County\" \/>\n<meta property=\"og:description\" content=\"Find us at our Mobile County office in Mobile, located at 2880 Dauphin Street. Having trouble finding us? Click here to view us on the map!\" \/>\n<meta property=\"og:url\" content=\"https:\/\/premiermedicalgrp.com\/es\/contact\/east-office\/\" \/>\n<meta property=\"og:site_name\" content=\"Premier Medical Group | Eye &amp; ENT Specialists\" \/>\n<meta property=\"article:modified_time\" content=\"2025-08-06T14:52:24+00:00\" \/>\n<meta name=\"twitter:label1\" content=\"Est. reading time\" \/>\n\t<meta name=\"twitter:data1\" content=\"1 minuto\" \/>\n<script type=\"application\/ld+json\" class=\"yoast-schema-graph\">{\"@context\":\"https:\\\/\\\/schema.org\",\"@graph\":[{\"@type\":\"WebPage\",\"@id\":\"https:\\\/\\\/premiermedicalgrp.com\\\/contact\\\/east-office\\\/\",\"url\":\"https:\\\/\\\/premiermedicalgrp.com\\\/contact\\\/east-office\\\/\",\"name\":\"Dauphin Street East - Premier Medical Group - Mobile County\",\"isPartOf\":{\"@id\":\"https:\\\/\\\/pmg2024.wpenginepowered.com\\\/#website\"},\"datePublished\":\"2013-12-30T19:43:48+00:00\",\"dateModified\":\"2025-08-06T14:52:24+00:00\",\"description\":\"Find us at our Mobile County office in Mobile, located at 2880 Dauphin Street. Having trouble finding us? Click here to view us on the map!\",\"breadcrumb\":{\"@id\":\"https:\\\/\\\/premiermedicalgrp.com\\\/contact\\\/east-office\\\/#breadcrumb\"},\"inLanguage\":\"es\",\"potentialAction\":[{\"@type\":\"ReadAction\",\"target\":[\"https:\\\/\\\/premiermedicalgrp.com\\\/contact\\\/east-office\\\/\"]}]},{\"@type\":\"BreadcrumbList\",\"@id\":\"https:\\\/\\\/premiermedicalgrp.com\\\/contact\\\/east-office\\\/#breadcrumb\",\"itemListElement\":[{\"@type\":\"ListItem\",\"position\":1,\"name\":\"Home\",\"item\":\"https:\\\/\\\/premiermedicalgrp.com\\\/\"},{\"@type\":\"ListItem\",\"position\":2,\"name\":\"Locations\",\"item\":\"https:\\\/\\\/premiermedicalgrp.com\\\/contact\\\/\"},{\"@type\":\"ListItem\",\"position\":3,\"name\":\"Dauphin Street East\"}]},{\"@type\":\"WebSite\",\"@id\":\"https:\\\/\\\/pmg2024.wpenginepowered.com\\\/#website\",\"url\":\"https:\\\/\\\/pmg2024.wpenginepowered.com\\\/\",\"name\":\"Premier Medical Group | Eye &amp; ENT Specialists\",\"description\":\"Premier Medical Group | Eye &amp; ENT Specialists\",\"potentialAction\":[{\"@type\":\"SearchAction\",\"target\":{\"@type\":\"EntryPoint\",\"urlTemplate\":\"https:\\\/\\\/pmg2024.wpenginepowered.com\\\/?s={search_term_string}\"},\"query-input\":{\"@type\":\"PropertyValueSpecification\",\"valueRequired\":true,\"valueName\":\"search_term_string\"}}],\"inLanguage\":\"es\"}]}<\/script>\n<!-- \/ Yoast SEO plugin. -->","yoast_head_json":{"title":"Dauphin Street East - Premier Medical Group - Mobile County","description":"Find us at our Mobile County office in Mobile, located at 2880 Dauphin Street. Having trouble finding us? Click here to view us on the map!","robots":{"index":"index","follow":"follow","max-snippet":"max-snippet:-1","max-image-preview":"max-image-preview:large","max-video-preview":"max-video-preview:-1"},"canonical":"https:\/\/premiermedicalgrp.com\/es\/contact\/east-office\/","og_locale":"es_MX","og_type":"article","og_title":"Dauphin Street East - Premier Medical Group - Mobile County","og_description":"Find us at our Mobile County office in Mobile, located at 2880 Dauphin Street. Having trouble finding us? Click here to view us on the map!","og_url":"https:\/\/premiermedicalgrp.com\/es\/contact\/east-office\/","og_site_name":"Premier Medical Group | Eye &amp; ENT Specialists","article_modified_time":"2025-08-06T14:52:24+00:00","twitter_misc":{"Est. reading time":"1 minuto"},"schema":{"@context":"https:\/\/schema.org","@graph":[{"@type":"WebPage","@id":"https:\/\/premiermedicalgrp.com\/contact\/east-office\/","url":"https:\/\/premiermedicalgrp.com\/contact\/east-office\/","name":"Dauphin Street East - Premier Medical Group - Mobile County","isPartOf":{"@id":"https:\/\/pmg2024.wpenginepowered.com\/#website"},"datePublished":"2013-12-30T19:43:48+00:00","dateModified":"2025-08-06T14:52:24+00:00","description":"Find us at our Mobile County office in Mobile, located at 2880 Dauphin Street. Having trouble finding us? Click here to view us on the map!","breadcrumb":{"@id":"https:\/\/premiermedicalgrp.com\/contact\/east-office\/#breadcrumb"},"inLanguage":"es","potentialAction":[{"@type":"ReadAction","target":["https:\/\/premiermedicalgrp.com\/contact\/east-office\/"]}]},{"@type":"BreadcrumbList","@id":"https:\/\/premiermedicalgrp.com\/contact\/east-office\/#breadcrumb","itemListElement":[{"@type":"ListItem","position":1,"name":"Home","item":"https:\/\/premiermedicalgrp.com\/"},{"@type":"ListItem","position":2,"name":"Locations","item":"https:\/\/premiermedicalgrp.com\/contact\/"},{"@type":"ListItem","position":3,"name":"Dauphin Street East"}]},{"@type":"WebSite","@id":"https:\/\/pmg2024.wpenginepowered.com\/#website","url":"https:\/\/pmg2024.wpenginepowered.com\/","name":"Premier Medical Group | Especialistas en otorrinolaringolog\u00eda y oftalmolog\u00eda","description":"Premier Medical Group | Especialistas en otorrinolaringolog\u00eda y oftalmolog\u00eda","potentialAction":[{"@type":"SearchAction","target":{"@type":"EntryPoint","urlTemplate":"https:\/\/pmg2024.wpenginepowered.com\/?s={search_term_string}"},"query-input":{"@type":"PropertyValueSpecification","valueRequired":true,"valueName":"search_term_string"}}],"inLanguage":"es"}]}},"_links":{"self":[{"href":"https:\/\/premiermedicalgrp.com\/es\/wp-json\/wp\/v2\/pages\/246","targetHints":{"allow":["GET"]}}],"collection":[{"href":"https:\/\/premiermedicalgrp.com\/es\/wp-json\/wp\/v2\/pages"}],"about":[{"href":"https:\/\/premiermedicalgrp.com\/es\/wp-json\/wp\/v2\/types\/page"}],"author":[{"embeddable":true,"href":"https:\/\/premiermedicalgrp.com\/es\/wp-json\/wp\/v2\/users\/1"}],"replies":[{"embeddable":true,"href":"https:\/\/premiermedicalgrp.com\/es\/wp-json\/wp\/v2\/comments?post=246"}],"version-history":[{"count":0,"href":"https:\/\/premiermedicalgrp.com\/es\/wp-json\/wp\/v2\/pages\/246\/revisions"}],"up":[{"embeddable":true,"href":"https:\/\/premiermedicalgrp.com\/es\/wp-json\/wp\/v2\/pages\/81"}],"wp:attachment":[{"href":"https:\/\/premiermedicalgrp.com\/es\/wp-json\/wp\/v2\/media?parent=246"}],"curies":[{"name":"wp","href":"https:\/\/api.w.org\/{rel}","templated":true}]}}