{"id":2478,"date":"2015-03-12T15:53:19","date_gmt":"2015-03-12T20:53:19","guid":{"rendered":"http:\/\/pmg2024.wpenginepowered.com\/?page_id=2478"},"modified":"2023-09-14T13:43:21","modified_gmt":"2023-09-14T18:43:21","slug":"hearing-aid-information","status":"publish","type":"page","link":"https:\/\/premiermedicalgrp.com\/es\/services\/ent\/audiology\/hearing-aid-information\/","title":{"rendered":"Informaci\u00f3n sobre aud\u00edfonos"},"content":{"rendered":"<h3>Estilos de aud\u00edfonos<\/h3>\n<p><span style=\"color: #000000;\">Los audi\u00f3logos de Premier Medical Group adaptan aud\u00edfonos de fabricantes establecidos que contin\u00faan avanzando en la tecnolog\u00eda y ofrecen instrumentos superiores. Muchos aud\u00edfonos son pr\u00e1cticamente invisibles cuando se usan y brindan una calidad de sonido natural, ya que enfatizan los sonidos necesarios para ayudarlo a comprender a familiares y amigos con facilidad. La nueva tecnolog\u00eda en aud\u00edfonos ofrece justo lo que necesita y desea: un rendimiento potente en el tama\u00f1o m\u00e1s peque\u00f1o posible. Los aud\u00edfonos actuales incluso ofrecen resistencia al agua, el sudor, la humedad y el polvo.<\/span><\/p>\n<p><span style=\"color: #000000;\">Despu\u00e9s de completar una evaluaci\u00f3n audiom\u00e9trica exhaustiva, el audi\u00f3logo recomendar\u00e1 el aud\u00edfono m\u00e1s apropiado para adaptarse a su p\u00e9rdida auditiva y estilo de vida.<\/span><\/p>\n<h3>Dispensaci\u00f3n y adaptaci\u00f3n de aud\u00edfonos<\/h3>\n<p><span style=\"color: #000000;\">Un aud\u00edfono es un art\u00edculo muy personal y el audi\u00f3logo de Premier Medical Group ofrece una experiencia muy personalizada para usted.<\/span><\/p>\n<p><span style=\"color: #000000;\">Como parte de la evaluaci\u00f3n de su aud\u00edfono, evaluaremos su estilo de vida y sus necesidades de comunicaci\u00f3n para asegurarnos de que reciba el tratamiento que mejor se adapte a sus necesidades personales. Debido a que la p\u00e9rdida auditiva afecta tanto al individuo como a la familia y a los seres queridos, recomendamos que un c\u00f3nyuge o un miembro de la familia lo acompa\u00f1e durante su visita, en la que se analizar\u00e1n los resultados de la prueba de audici\u00f3n y las expectativas con respecto al aud\u00edfono.<\/span><\/p>\n<p><span style=\"color: #000000;\">Durante la entrega del aud\u00edfono, le instruiremos sobre el uso del aud\u00edfono y sus accesorios, as\u00ed como sobre la limpieza y el mantenimiento del mismo.<\/span><\/p>\n<p><span style=\"color: #000000;\">El cuidado y el mantenimiento posteriores son una parte muy importante de la compra de su aud\u00edfono. Se recomiendan limpiezas y mantenimiento regulares en el consultorio. Adem\u00e1s, a medida que se acostumbre a su aud\u00edfono, es posible que desee realizar algunos ajustes de ajuste o reprogramaci\u00f3n de sus instrumentos.\u00a0\u00a0<\/span><\/p>\n<p><span style=\"color: #000000;\">\u00a0<\/span><\/p>","protected":false},"excerpt":{"rendered":"<p>Hearing Aid Styles The Audiologists at Premier Medical Group fit hearing aids from established manufacturers who continue to advance technology and provide superior instruments. \u00a0Many hearing aids are virtually invisible when worn, and provide a natural sound quality, as they emphasize the sounds needed to help you understand family and friends with ease. \u00a0The new [&hellip;]<\/p>\n","protected":false},"author":1,"featured_media":0,"parent":192,"menu_order":92,"comment_status":"closed","ping_status":"closed","template":"","meta":{"_acf_changed":false,"footnotes":""},"class_list":["post-2478","page","type-page","status-publish","hentry"],"acf":[],"yoast_head":"<!-- This site is optimized with the Yoast SEO plugin v27.3 - https:\/\/yoast.com\/product\/yoast-seo-wordpress\/ -->\n<title>Hearing Aid Info | Premier Medical Group<\/title>\n<meta name=\"description\" content=\"Premier Medical Group are experts in hearing aid technology. To find out more hearing aid information, call Premier Medical Group today!\" \/>\n<meta name=\"robots\" content=\"index, follow, max-snippet:-1, max-image-preview:large, max-video-preview:-1\" \/>\n<link rel=\"canonical\" href=\"https:\/\/premiermedicalgrp.com\/es\/services\/ent\/audiology\/hearing-aid-information\/\" \/>\n<meta property=\"og:locale\" content=\"es_MX\" \/>\n<meta property=\"og:type\" content=\"article\" \/>\n<meta property=\"og:title\" content=\"Hearing Aid Info | Premier Medical Group\" \/>\n<meta property=\"og:description\" content=\"Premier Medical Group are experts in hearing aid technology. To find out more hearing aid information, call Premier Medical Group today!\" \/>\n<meta property=\"og:url\" content=\"https:\/\/premiermedicalgrp.com\/es\/services\/ent\/audiology\/hearing-aid-information\/\" \/>\n<meta property=\"og:site_name\" content=\"Premier Medical Group | Eye &amp; ENT Specialists\" \/>\n<meta property=\"article:modified_time\" content=\"2023-09-14T18:43:21+00:00\" \/>\n<meta name=\"twitter:label1\" content=\"Est. reading time\" \/>\n\t<meta name=\"twitter:data1\" content=\"2 minutos\" \/>\n<script type=\"application\/ld+json\" class=\"yoast-schema-graph\">{\"@context\":\"https:\\\/\\\/schema.org\",\"@graph\":[{\"@type\":\"WebPage\",\"@id\":\"https:\\\/\\\/premiermedicalgrp.com\\\/services\\\/ent\\\/audiology\\\/hearing-aid-information\\\/\",\"url\":\"https:\\\/\\\/premiermedicalgrp.com\\\/services\\\/ent\\\/audiology\\\/hearing-aid-information\\\/\",\"name\":\"Hearing Aid Info | Premier Medical Group\",\"isPartOf\":{\"@id\":\"https:\\\/\\\/pmg2024.wpenginepowered.com\\\/#website\"},\"datePublished\":\"2015-03-12T20:53:19+00:00\",\"dateModified\":\"2023-09-14T18:43:21+00:00\",\"description\":\"Premier Medical Group are experts in hearing aid technology. To find out more hearing aid information, call Premier Medical Group today!\",\"breadcrumb\":{\"@id\":\"https:\\\/\\\/premiermedicalgrp.com\\\/services\\\/ent\\\/audiology\\\/hearing-aid-information\\\/#breadcrumb\"},\"inLanguage\":\"es\",\"potentialAction\":[{\"@type\":\"ReadAction\",\"target\":[\"https:\\\/\\\/premiermedicalgrp.com\\\/services\\\/ent\\\/audiology\\\/hearing-aid-information\\\/\"]}]},{\"@type\":\"BreadcrumbList\",\"@id\":\"https:\\\/\\\/premiermedicalgrp.com\\\/services\\\/ent\\\/audiology\\\/hearing-aid-information\\\/#breadcrumb\",\"itemListElement\":[{\"@type\":\"ListItem\",\"position\":1,\"name\":\"Home\",\"item\":\"https:\\\/\\\/premiermedicalgrp.com\\\/\"},{\"@type\":\"ListItem\",\"position\":2,\"name\":\"Our Services\",\"item\":\"https:\\\/\\\/premiermedicalgrp.com\\\/services\\\/\"},{\"@type\":\"ListItem\",\"position\":3,\"name\":\"ENT Services\",\"item\":\"https:\\\/\\\/premiermedicalgrp.com\\\/services\\\/ent\\\/\"},{\"@type\":\"ListItem\",\"position\":4,\"name\":\"Audiology\",\"item\":\"https:\\\/\\\/premiermedicalgrp.com\\\/services\\\/ent\\\/audiology\\\/\"},{\"@type\":\"ListItem\",\"position\":5,\"name\":\"Hearing Aid Information\"}]},{\"@type\":\"WebSite\",\"@id\":\"https:\\\/\\\/pmg2024.wpenginepowered.com\\\/#website\",\"url\":\"https:\\\/\\\/pmg2024.wpenginepowered.com\\\/\",\"name\":\"Premier Medical Group | Eye &amp; ENT Specialists\",\"description\":\"Premier Medical Group | Eye &amp; ENT Specialists\",\"potentialAction\":[{\"@type\":\"SearchAction\",\"target\":{\"@type\":\"EntryPoint\",\"urlTemplate\":\"https:\\\/\\\/pmg2024.wpenginepowered.com\\\/?s={search_term_string}\"},\"query-input\":{\"@type\":\"PropertyValueSpecification\",\"valueRequired\":true,\"valueName\":\"search_term_string\"}}],\"inLanguage\":\"es\"}]}<\/script>\n<!-- \/ Yoast SEO plugin. -->","yoast_head_json":{"title":"Hearing Aid Info | Premier Medical Group","description":"Premier Medical Group are experts in hearing aid technology. To find out more hearing aid information, call Premier Medical Group today!","robots":{"index":"index","follow":"follow","max-snippet":"max-snippet:-1","max-image-preview":"max-image-preview:large","max-video-preview":"max-video-preview:-1"},"canonical":"https:\/\/premiermedicalgrp.com\/es\/services\/ent\/audiology\/hearing-aid-information\/","og_locale":"es_MX","og_type":"article","og_title":"Hearing Aid Info | Premier Medical Group","og_description":"Premier Medical Group are experts in hearing aid technology. To find out more hearing aid information, call Premier Medical Group today!","og_url":"https:\/\/premiermedicalgrp.com\/es\/services\/ent\/audiology\/hearing-aid-information\/","og_site_name":"Premier Medical Group | Eye &amp; ENT Specialists","article_modified_time":"2023-09-14T18:43:21+00:00","twitter_misc":{"Est. reading time":"2 minutos"},"schema":{"@context":"https:\/\/schema.org","@graph":[{"@type":"WebPage","@id":"https:\/\/premiermedicalgrp.com\/services\/ent\/audiology\/hearing-aid-information\/","url":"https:\/\/premiermedicalgrp.com\/services\/ent\/audiology\/hearing-aid-information\/","name":"Hearing Aid Info | Premier Medical Group","isPartOf":{"@id":"https:\/\/pmg2024.wpenginepowered.com\/#website"},"datePublished":"2015-03-12T20:53:19+00:00","dateModified":"2023-09-14T18:43:21+00:00","description":"Premier Medical Group are experts in hearing aid technology. To find out more hearing aid information, call Premier Medical Group today!","breadcrumb":{"@id":"https:\/\/premiermedicalgrp.com\/services\/ent\/audiology\/hearing-aid-information\/#breadcrumb"},"inLanguage":"es","potentialAction":[{"@type":"ReadAction","target":["https:\/\/premiermedicalgrp.com\/services\/ent\/audiology\/hearing-aid-information\/"]}]},{"@type":"BreadcrumbList","@id":"https:\/\/premiermedicalgrp.com\/services\/ent\/audiology\/hearing-aid-information\/#breadcrumb","itemListElement":[{"@type":"ListItem","position":1,"name":"Home","item":"https:\/\/premiermedicalgrp.com\/"},{"@type":"ListItem","position":2,"name":"Our Services","item":"https:\/\/premiermedicalgrp.com\/services\/"},{"@type":"ListItem","position":3,"name":"ENT Services","item":"https:\/\/premiermedicalgrp.com\/services\/ent\/"},{"@type":"ListItem","position":4,"name":"Audiology","item":"https:\/\/premiermedicalgrp.com\/services\/ent\/audiology\/"},{"@type":"ListItem","position":5,"name":"Hearing Aid Information"}]},{"@type":"WebSite","@id":"https:\/\/pmg2024.wpenginepowered.com\/#website","url":"https:\/\/pmg2024.wpenginepowered.com\/","name":"Premier Medical Group | Especialistas en otorrinolaringolog\u00eda y oftalmolog\u00eda","description":"Premier Medical Group | Especialistas en otorrinolaringolog\u00eda y oftalmolog\u00eda","potentialAction":[{"@type":"SearchAction","target":{"@type":"EntryPoint","urlTemplate":"https:\/\/pmg2024.wpenginepowered.com\/?s={search_term_string}"},"query-input":{"@type":"PropertyValueSpecification","valueRequired":true,"valueName":"search_term_string"}}],"inLanguage":"es"}]}},"_links":{"self":[{"href":"https:\/\/premiermedicalgrp.com\/es\/wp-json\/wp\/v2\/pages\/2478","targetHints":{"allow":["GET"]}}],"collection":[{"href":"https:\/\/premiermedicalgrp.com\/es\/wp-json\/wp\/v2\/pages"}],"about":[{"href":"https:\/\/premiermedicalgrp.com\/es\/wp-json\/wp\/v2\/types\/page"}],"author":[{"embeddable":true,"href":"https:\/\/premiermedicalgrp.com\/es\/wp-json\/wp\/v2\/users\/1"}],"replies":[{"embeddable":true,"href":"https:\/\/premiermedicalgrp.com\/es\/wp-json\/wp\/v2\/comments?post=2478"}],"version-history":[{"count":0,"href":"https:\/\/premiermedicalgrp.com\/es\/wp-json\/wp\/v2\/pages\/2478\/revisions"}],"up":[{"embeddable":true,"href":"https:\/\/premiermedicalgrp.com\/es\/wp-json\/wp\/v2\/pages\/192"}],"wp:attachment":[{"href":"https:\/\/premiermedicalgrp.com\/es\/wp-json\/wp\/v2\/media?parent=2478"}],"curies":[{"name":"wp","href":"https:\/\/api.w.org\/{rel}","templated":true}]}}