{"id":248,"date":"2013-12-30T19:44:57","date_gmt":"2013-12-30T19:44:57","guid":{"rendered":"\/?page_id=248"},"modified":"2026-03-18T11:02:18","modified_gmt":"2026-03-18T16:02:18","slug":"providence","status":"publish","type":"page","link":"https:\/\/premiermedicalgrp.com\/es\/contact\/providence\/","title":{"rendered":"Providencia"},"content":{"rendered":"<p><strong>Ubicaci\u00f3n del OJO<\/strong><br \/>\n610 Providence Park Dr., Edificio 1, Suite 101<br \/>\nM\u00f3vil, AL 36695<br \/>\nTel\u00e9fono: 251.635.0919<br \/>\nHorario: Lunes a viernes de 8 a 5<\/p>\n<p><strong>Ubicaci\u00f3n de ENT<\/strong><br \/>\n610 Providence Park Dr., Edificio 2, Suite 203<br \/>\nM\u00f3vil, AL 36695<br \/>\nTel\u00e9fono: 251.633.2667<br \/>\nHorario: Lunes a viernes de 8 a 5<\/p>\n<p><iframe loading=\"lazy\" style=\"border: 0;\" src=\"https:\/\/www.google.com\/maps\/embed?pb=!1m14!1m8!1m3!1d3431.4037005059!2d-88.2021739!3d30.6789157!3m2!1i1024!2i768!4f13.1!3m3!1m2!1s0x889bb28b7c9bf72f%3A0xeeb12d1d49a12f8a!2sPremier+Medical+Group!5e0!3m2!1sen!2sus!4v1539034598535\" width=\"745\" height=\"400\" frameborder=\"0\" allowfullscreen=\"allowfullscreen\"><\/iframe><\/p>\n<p><a href=\"https:\/\/goo.gl\/maps\/mxyjS\" target=\"_blank\" rel=\"noopener noreferrer\">Ver en Google Maps<\/a><\/p>\n<h3>M\u00e9dicos de ojos<\/h3>\n<ul>\n<li><a href=\"https:\/\/premiermedicalgrp.com\/es\/physicians\/stuart-r-ball-md\/\">Dr. Stuart R. Ball<\/a><\/li>\n<li><a href=\"https:\/\/premiermedicalgrp.com\/es\/physicians\/ronni-ferris-metzger-od\/\">Ronni Ferris-Metzger, OD<\/a><\/li>\n<li><a href=\"https:\/\/premiermedicalgrp.com\/es\/physicians\/john-h-friend-iv-md\/\">John H. Friend IV, MD<\/a><\/li>\n<li><a href=\"https:\/\/premiermedicalgrp.com\/es\/physicians\/charles-jones-md\/\">Dr. Charles F. Jones<\/a><\/li>\n<li><a href=\"https:\/\/premiermedicalgrp.com\/es\/physicians\/alinda-guynes-mcgowin-md\/\">Dra. Alinda Guynes McGowin<\/a><\/li>\n<li><a href=\"https:\/\/premiermedicalgrp.com\/es\/physicians\/jeffery-morrow-od\/\">Jeffery A. Morrow, oste\u00f3pata<\/a><\/li>\n<li><a href=\"https:\/\/premiermedicalgrp.com\/es\/physicians\/timothy-b-white-od\/\">Dr. Timothy B. White<\/a><\/li>\n<\/ul>\n<h3>M\u00e9dicos otorrinolaring\u00f3logos<\/h3>\n<ul>\n<li><a href=\"http:\/\/premiermedicalgrp.com\/es\/physicians\/andrea-mcmurphy-md-facs\/\">Dra. Andrea B. McMurphy, FACS<\/a><\/li>\n<li><a href=\"https:\/\/premiermedicalgrp.com\/es\/physicians\/kacie-r-oglesby-md\/\">Kacie R. Oglesby<\/a><\/li>\n<li><a href=\"https:\/\/premiermedicalgrp.com\/es\/physicians\/ron-swain-md\/\">Dr. Ron Swain, Jr.<\/a><\/li>\n<li><a href=\"https:\/\/premiermedicalgrp.com\/es\/physicians\/brian-p-sullivan-md\/\">Dr. Brian P. Sullivan<\/a><\/li>\n<\/ul>","protected":false},"excerpt":{"rendered":"<p>EYE Location 610 Providence Park Dr., Bldg 1, Suite 101 Mobile, AL 36695 Tel: 251.635.0919 Hours: Mon-Fri 8-5 ENT Location 610 Providence Park Dr., Bldg 2, Suite 203 Mobile, AL 36695 Tel: 251.633.2667 Hours: Mon-Fri 8-5 View in Google Maps EYE Doctors Stuart R. Ball, MD Ronni Ferris-Metzger, OD John H. Friend IV, MD Charles [&hellip;]<\/p>\n","protected":false},"author":1,"featured_media":0,"parent":81,"menu_order":116,"comment_status":"closed","ping_status":"closed","template":"","meta":{"_acf_changed":false,"footnotes":""},"class_list":["post-248","page","type-page","status-publish","hentry"],"acf":[],"yoast_head":"<!-- This site is optimized with the Yoast SEO plugin v27.3 - https:\/\/yoast.com\/product\/yoast-seo-wordpress\/ -->\n<title>Providence - Premier Medical Group - Mobile County, Providence Park<\/title>\n<meta name=\"description\" content=\"Find us at our Mobile County office in Mobile, located at 610 Providence Park Drive. Having trouble finding us? Click here to view us on the map!\" \/>\n<meta name=\"robots\" content=\"index, follow, max-snippet:-1, max-image-preview:large, max-video-preview:-1\" \/>\n<link rel=\"canonical\" href=\"https:\/\/premiermedicalgrp.com\/es\/contact\/providence\/\" \/>\n<meta property=\"og:locale\" content=\"es_MX\" \/>\n<meta property=\"og:type\" content=\"article\" \/>\n<meta property=\"og:title\" content=\"Providence - Premier Medical Group - Mobile County, Providence Park\" \/>\n<meta property=\"og:description\" content=\"Find us at our Mobile County office in Mobile, located at 610 Providence Park Drive. Having trouble finding us? Click here to view us on the map!\" \/>\n<meta property=\"og:url\" content=\"https:\/\/premiermedicalgrp.com\/es\/contact\/providence\/\" \/>\n<meta property=\"og:site_name\" content=\"Premier Medical Group | Eye &amp; ENT Specialists\" \/>\n<meta property=\"article:modified_time\" content=\"2026-03-18T16:02:18+00:00\" \/>\n<meta name=\"twitter:label1\" content=\"Est. reading time\" \/>\n\t<meta name=\"twitter:data1\" content=\"1 minuto\" \/>\n<script type=\"application\/ld+json\" class=\"yoast-schema-graph\">{\"@context\":\"https:\\\/\\\/schema.org\",\"@graph\":[{\"@type\":\"WebPage\",\"@id\":\"https:\\\/\\\/premiermedicalgrp.com\\\/contact\\\/providence\\\/\",\"url\":\"https:\\\/\\\/premiermedicalgrp.com\\\/contact\\\/providence\\\/\",\"name\":\"Providence - Premier Medical Group - Mobile County, Providence Park\",\"isPartOf\":{\"@id\":\"https:\\\/\\\/pmg2024.wpenginepowered.com\\\/#website\"},\"datePublished\":\"2013-12-30T19:44:57+00:00\",\"dateModified\":\"2026-03-18T16:02:18+00:00\",\"description\":\"Find us at our Mobile County office in Mobile, located at 610 Providence Park Drive. Having trouble finding us? Click here to view us on the map!\",\"breadcrumb\":{\"@id\":\"https:\\\/\\\/premiermedicalgrp.com\\\/contact\\\/providence\\\/#breadcrumb\"},\"inLanguage\":\"es\",\"potentialAction\":[{\"@type\":\"ReadAction\",\"target\":[\"https:\\\/\\\/premiermedicalgrp.com\\\/contact\\\/providence\\\/\"]}]},{\"@type\":\"BreadcrumbList\",\"@id\":\"https:\\\/\\\/premiermedicalgrp.com\\\/contact\\\/providence\\\/#breadcrumb\",\"itemListElement\":[{\"@type\":\"ListItem\",\"position\":1,\"name\":\"Home\",\"item\":\"https:\\\/\\\/premiermedicalgrp.com\\\/\"},{\"@type\":\"ListItem\",\"position\":2,\"name\":\"Locations\",\"item\":\"https:\\\/\\\/premiermedicalgrp.com\\\/contact\\\/\"},{\"@type\":\"ListItem\",\"position\":3,\"name\":\"Providence\"}]},{\"@type\":\"WebSite\",\"@id\":\"https:\\\/\\\/pmg2024.wpenginepowered.com\\\/#website\",\"url\":\"https:\\\/\\\/pmg2024.wpenginepowered.com\\\/\",\"name\":\"Premier Medical Group | Eye &amp; ENT Specialists\",\"description\":\"Premier Medical Group | Eye &amp; ENT Specialists\",\"potentialAction\":[{\"@type\":\"SearchAction\",\"target\":{\"@type\":\"EntryPoint\",\"urlTemplate\":\"https:\\\/\\\/pmg2024.wpenginepowered.com\\\/?s={search_term_string}\"},\"query-input\":{\"@type\":\"PropertyValueSpecification\",\"valueRequired\":true,\"valueName\":\"search_term_string\"}}],\"inLanguage\":\"es\"}]}<\/script>\n<!-- \/ Yoast SEO plugin. -->","yoast_head_json":{"title":"Providence - Premier Medical Group - Mobile County, Providence Park","description":"Find us at our Mobile County office in Mobile, located at 610 Providence Park Drive. Having trouble finding us? Click here to view us on the map!","robots":{"index":"index","follow":"follow","max-snippet":"max-snippet:-1","max-image-preview":"max-image-preview:large","max-video-preview":"max-video-preview:-1"},"canonical":"https:\/\/premiermedicalgrp.com\/es\/contact\/providence\/","og_locale":"es_MX","og_type":"article","og_title":"Providence - Premier Medical Group - Mobile County, Providence Park","og_description":"Find us at our Mobile County office in Mobile, located at 610 Providence Park Drive. Having trouble finding us? Click here to view us on the map!","og_url":"https:\/\/premiermedicalgrp.com\/es\/contact\/providence\/","og_site_name":"Premier Medical Group | Eye &amp; ENT Specialists","article_modified_time":"2026-03-18T16:02:18+00:00","twitter_misc":{"Est. reading time":"1 minuto"},"schema":{"@context":"https:\/\/schema.org","@graph":[{"@type":"WebPage","@id":"https:\/\/premiermedicalgrp.com\/contact\/providence\/","url":"https:\/\/premiermedicalgrp.com\/contact\/providence\/","name":"Providence - Premier Medical Group - Mobile County, Providence Park","isPartOf":{"@id":"https:\/\/pmg2024.wpenginepowered.com\/#website"},"datePublished":"2013-12-30T19:44:57+00:00","dateModified":"2026-03-18T16:02:18+00:00","description":"Find us at our Mobile County office in Mobile, located at 610 Providence Park Drive. Having trouble finding us? Click here to view us on the map!","breadcrumb":{"@id":"https:\/\/premiermedicalgrp.com\/contact\/providence\/#breadcrumb"},"inLanguage":"es","potentialAction":[{"@type":"ReadAction","target":["https:\/\/premiermedicalgrp.com\/contact\/providence\/"]}]},{"@type":"BreadcrumbList","@id":"https:\/\/premiermedicalgrp.com\/contact\/providence\/#breadcrumb","itemListElement":[{"@type":"ListItem","position":1,"name":"Home","item":"https:\/\/premiermedicalgrp.com\/"},{"@type":"ListItem","position":2,"name":"Locations","item":"https:\/\/premiermedicalgrp.com\/contact\/"},{"@type":"ListItem","position":3,"name":"Providence"}]},{"@type":"WebSite","@id":"https:\/\/pmg2024.wpenginepowered.com\/#website","url":"https:\/\/pmg2024.wpenginepowered.com\/","name":"Premier Medical Group | Especialistas en otorrinolaringolog\u00eda y oftalmolog\u00eda","description":"Premier Medical Group | Especialistas en otorrinolaringolog\u00eda y oftalmolog\u00eda","potentialAction":[{"@type":"SearchAction","target":{"@type":"EntryPoint","urlTemplate":"https:\/\/pmg2024.wpenginepowered.com\/?s={search_term_string}"},"query-input":{"@type":"PropertyValueSpecification","valueRequired":true,"valueName":"search_term_string"}}],"inLanguage":"es"}]}},"_links":{"self":[{"href":"https:\/\/premiermedicalgrp.com\/es\/wp-json\/wp\/v2\/pages\/248","targetHints":{"allow":["GET"]}}],"collection":[{"href":"https:\/\/premiermedicalgrp.com\/es\/wp-json\/wp\/v2\/pages"}],"about":[{"href":"https:\/\/premiermedicalgrp.com\/es\/wp-json\/wp\/v2\/types\/page"}],"author":[{"embeddable":true,"href":"https:\/\/premiermedicalgrp.com\/es\/wp-json\/wp\/v2\/users\/1"}],"replies":[{"embeddable":true,"href":"https:\/\/premiermedicalgrp.com\/es\/wp-json\/wp\/v2\/comments?post=248"}],"version-history":[{"count":0,"href":"https:\/\/premiermedicalgrp.com\/es\/wp-json\/wp\/v2\/pages\/248\/revisions"}],"up":[{"embeddable":true,"href":"https:\/\/premiermedicalgrp.com\/es\/wp-json\/wp\/v2\/pages\/81"}],"wp:attachment":[{"href":"https:\/\/premiermedicalgrp.com\/es\/wp-json\/wp\/v2\/media?parent=248"}],"curies":[{"name":"wp","href":"https:\/\/api.w.org\/{rel}","templated":true}]}}