{"id":252,"date":"2013-12-30T19:46:42","date_gmt":"2013-12-31T01:46:42","guid":{"rendered":"\/?page_id=252"},"modified":"2023-05-10T10:30:07","modified_gmt":"2023-05-10T15:30:07","slug":"jackson","status":"publish","type":"page","link":"https:\/\/premiermedicalgrp.com\/es\/contact\/satellite-locations\/jackson\/","title":{"rendered":"Jackson"},"content":{"rendered":"<h3>O\u00eddo, nariz y garganta: ubicaci\u00f3n en Jackson<\/h3>\n<p>Medicina familiar<\/p>\n<p>227 Hospital Dr<br \/>\nJackson, Alabama 36545<br \/>\nTel\u00e9fono: 251.341.3396<\/p>\n<p>Solo mi\u00e9rcoles<\/p>\n<h4>M\u00e9dico otorrinolaring\u00f3logo<\/h4>\n<ul>\n<li><a href=\"https:\/\/premiermedicalgrp.com\/es\/physicians\/james-spires-md\/\">Dr. James R. Spires, Jr.<\/a><\/li>\n<\/ul>\n<p>&nbsp;<\/p>\n<p><iframe loading=\"lazy\" style=\"border: 0;\" src=\"https:\/\/www.google.com\/maps\/embed?pb=!1m18!1m12!1m3!1d3400.7481334034715!2d-87.89718828458697!3d31.531076881366108!2m3!1f0!2f0!3f0!3m2!1i1024!2i768!4f13.1!3m3!1m2!1s0x889acbd2a7a1a585%3A0x61d863c1218d65f9!2s227%20Hospital%20Dr%2C%20Jackson%2C%20AL%2036545!5e0!3m2!1sen!2sus!4v1567611992664!5m2!1sen!2sus\" width=\"745\" height=\"400\" frameborder=\"0\" allowfullscreen=\"allowfullscreen\"><\/iframe><\/p>\n<p><a href=\"https:\/\/goo.gl\/maps\/dMjaTM7xtXxkXtUN9\">Ver direcci\u00f3n en Google Maps<\/a><\/p>\n<h3><\/h3>\n<p>&nbsp;<\/p>","protected":false},"excerpt":{"rendered":"<p>Ear\/Nose\/Throat: Jackson Location Family Medical 227 Hospital Dr Jackson, AL 36545 Tel: 251.341.3396 Wednesdays Only ENT Doctor James R. Spires, Jr., MD &nbsp; View Address in Google Maps &nbsp;<\/p>","protected":false},"author":1,"featured_media":0,"parent":513,"menu_order":128,"comment_status":"closed","ping_status":"closed","template":"","meta":{"_acf_changed":false,"footnotes":""},"class_list":["post-252","page","type-page","status-publish","hentry"],"acf":[],"yoast_head":"<!-- This site is optimized with the Yoast SEO plugin v27.3 - https:\/\/yoast.com\/product\/yoast-seo-wordpress\/ -->\n<title>Jackson - Premier Medical Group - Clarke County, College Avenue<\/title>\n<meta name=\"description\" content=\"Find us at our Clarke County office in Jackson, located at 1206 College Avenue. Having trouble finding us? Click here to view us on the map!\" \/>\n<meta name=\"robots\" content=\"index, follow, max-snippet:-1, max-image-preview:large, max-video-preview:-1\" \/>\n<link rel=\"canonical\" href=\"https:\/\/premiermedicalgrp.com\/es\/contact\/satellite-locations\/jackson\/\" \/>\n<meta property=\"og:locale\" content=\"es_MX\" \/>\n<meta property=\"og:type\" content=\"article\" \/>\n<meta property=\"og:title\" content=\"Jackson - Premier Medical Group - Clarke County, College Avenue\" \/>\n<meta property=\"og:description\" content=\"Find us at our Clarke County office in Jackson, located at 1206 College Avenue. Having trouble finding us? Click here to view us on the map!\" \/>\n<meta property=\"og:url\" content=\"https:\/\/premiermedicalgrp.com\/es\/contact\/satellite-locations\/jackson\/\" \/>\n<meta property=\"og:site_name\" content=\"Premier Medical Group | Eye &amp; ENT Specialists\" \/>\n<meta property=\"article:modified_time\" content=\"2023-05-10T15:30:07+00:00\" \/>\n<meta name=\"twitter:label1\" content=\"Est. reading time\" \/>\n\t<meta name=\"twitter:data1\" content=\"1 minuto\" \/>\n<script type=\"application\/ld+json\" class=\"yoast-schema-graph\">{\"@context\":\"https:\\\/\\\/schema.org\",\"@graph\":[{\"@type\":\"WebPage\",\"@id\":\"https:\\\/\\\/premiermedicalgrp.com\\\/contact\\\/satellite-locations\\\/jackson\\\/\",\"url\":\"https:\\\/\\\/premiermedicalgrp.com\\\/contact\\\/satellite-locations\\\/jackson\\\/\",\"name\":\"Jackson - Premier Medical Group - Clarke County, College Avenue\",\"isPartOf\":{\"@id\":\"https:\\\/\\\/pmg2024.wpenginepowered.com\\\/#website\"},\"datePublished\":\"2013-12-31T01:46:42+00:00\",\"dateModified\":\"2023-05-10T15:30:07+00:00\",\"description\":\"Find us at our Clarke County office in Jackson, located at 1206 College Avenue. Having trouble finding us? Click here to view us on the map!\",\"breadcrumb\":{\"@id\":\"https:\\\/\\\/premiermedicalgrp.com\\\/contact\\\/satellite-locations\\\/jackson\\\/#breadcrumb\"},\"inLanguage\":\"es\",\"potentialAction\":[{\"@type\":\"ReadAction\",\"target\":[\"https:\\\/\\\/premiermedicalgrp.com\\\/contact\\\/satellite-locations\\\/jackson\\\/\"]}]},{\"@type\":\"BreadcrumbList\",\"@id\":\"https:\\\/\\\/premiermedicalgrp.com\\\/contact\\\/satellite-locations\\\/jackson\\\/#breadcrumb\",\"itemListElement\":[{\"@type\":\"ListItem\",\"position\":1,\"name\":\"Home\",\"item\":\"https:\\\/\\\/premiermedicalgrp.com\\\/\"},{\"@type\":\"ListItem\",\"position\":2,\"name\":\"Locations\",\"item\":\"https:\\\/\\\/premiermedicalgrp.com\\\/contact\\\/\"},{\"@type\":\"ListItem\",\"position\":3,\"name\":\"Other Locations\",\"item\":\"https:\\\/\\\/premiermedicalgrp.com\\\/contact\\\/satellite-locations\\\/\"},{\"@type\":\"ListItem\",\"position\":4,\"name\":\"Jackson\"}]},{\"@type\":\"WebSite\",\"@id\":\"https:\\\/\\\/pmg2024.wpenginepowered.com\\\/#website\",\"url\":\"https:\\\/\\\/pmg2024.wpenginepowered.com\\\/\",\"name\":\"Premier Medical Group | Eye &amp; ENT Specialists\",\"description\":\"Premier Medical Group | Eye &amp; ENT Specialists\",\"potentialAction\":[{\"@type\":\"SearchAction\",\"target\":{\"@type\":\"EntryPoint\",\"urlTemplate\":\"https:\\\/\\\/pmg2024.wpenginepowered.com\\\/?s={search_term_string}\"},\"query-input\":{\"@type\":\"PropertyValueSpecification\",\"valueRequired\":true,\"valueName\":\"search_term_string\"}}],\"inLanguage\":\"es\"}]}<\/script>\n<!-- \/ Yoast SEO plugin. -->","yoast_head_json":{"title":"Jackson - Premier Medical Group - Clarke County, College Avenue","description":"Find us at our Clarke County office in Jackson, located at 1206 College Avenue. Having trouble finding us? Click here to view us on the map!","robots":{"index":"index","follow":"follow","max-snippet":"max-snippet:-1","max-image-preview":"max-image-preview:large","max-video-preview":"max-video-preview:-1"},"canonical":"https:\/\/premiermedicalgrp.com\/es\/contact\/satellite-locations\/jackson\/","og_locale":"es_MX","og_type":"article","og_title":"Jackson - Premier Medical Group - Clarke County, College Avenue","og_description":"Find us at our Clarke County office in Jackson, located at 1206 College Avenue. Having trouble finding us? Click here to view us on the map!","og_url":"https:\/\/premiermedicalgrp.com\/es\/contact\/satellite-locations\/jackson\/","og_site_name":"Premier Medical Group | Eye &amp; ENT Specialists","article_modified_time":"2023-05-10T15:30:07+00:00","twitter_misc":{"Est. reading time":"1 minuto"},"schema":{"@context":"https:\/\/schema.org","@graph":[{"@type":"WebPage","@id":"https:\/\/premiermedicalgrp.com\/contact\/satellite-locations\/jackson\/","url":"https:\/\/premiermedicalgrp.com\/contact\/satellite-locations\/jackson\/","name":"Jackson - Premier Medical Group - Clarke County, College Avenue","isPartOf":{"@id":"https:\/\/pmg2024.wpenginepowered.com\/#website"},"datePublished":"2013-12-31T01:46:42+00:00","dateModified":"2023-05-10T15:30:07+00:00","description":"Find us at our Clarke County office in Jackson, located at 1206 College Avenue. Having trouble finding us? Click here to view us on the map!","breadcrumb":{"@id":"https:\/\/premiermedicalgrp.com\/contact\/satellite-locations\/jackson\/#breadcrumb"},"inLanguage":"es","potentialAction":[{"@type":"ReadAction","target":["https:\/\/premiermedicalgrp.com\/contact\/satellite-locations\/jackson\/"]}]},{"@type":"BreadcrumbList","@id":"https:\/\/premiermedicalgrp.com\/contact\/satellite-locations\/jackson\/#breadcrumb","itemListElement":[{"@type":"ListItem","position":1,"name":"Home","item":"https:\/\/premiermedicalgrp.com\/"},{"@type":"ListItem","position":2,"name":"Locations","item":"https:\/\/premiermedicalgrp.com\/contact\/"},{"@type":"ListItem","position":3,"name":"Other Locations","item":"https:\/\/premiermedicalgrp.com\/contact\/satellite-locations\/"},{"@type":"ListItem","position":4,"name":"Jackson"}]},{"@type":"WebSite","@id":"https:\/\/pmg2024.wpenginepowered.com\/#website","url":"https:\/\/pmg2024.wpenginepowered.com\/","name":"Premier Medical Group | Especialistas en otorrinolaringolog\u00eda y oftalmolog\u00eda","description":"Premier Medical Group | Especialistas en otorrinolaringolog\u00eda y oftalmolog\u00eda","potentialAction":[{"@type":"SearchAction","target":{"@type":"EntryPoint","urlTemplate":"https:\/\/pmg2024.wpenginepowered.com\/?s={search_term_string}"},"query-input":{"@type":"PropertyValueSpecification","valueRequired":true,"valueName":"search_term_string"}}],"inLanguage":"es"}]}},"_links":{"self":[{"href":"https:\/\/premiermedicalgrp.com\/es\/wp-json\/wp\/v2\/pages\/252","targetHints":{"allow":["GET"]}}],"collection":[{"href":"https:\/\/premiermedicalgrp.com\/es\/wp-json\/wp\/v2\/pages"}],"about":[{"href":"https:\/\/premiermedicalgrp.com\/es\/wp-json\/wp\/v2\/types\/page"}],"author":[{"embeddable":true,"href":"https:\/\/premiermedicalgrp.com\/es\/wp-json\/wp\/v2\/users\/1"}],"replies":[{"embeddable":true,"href":"https:\/\/premiermedicalgrp.com\/es\/wp-json\/wp\/v2\/comments?post=252"}],"version-history":[{"count":0,"href":"https:\/\/premiermedicalgrp.com\/es\/wp-json\/wp\/v2\/pages\/252\/revisions"}],"up":[{"embeddable":true,"href":"https:\/\/premiermedicalgrp.com\/es\/wp-json\/wp\/v2\/pages\/513"}],"wp:attachment":[{"href":"https:\/\/premiermedicalgrp.com\/es\/wp-json\/wp\/v2\/media?parent=252"}],"curies":[{"name":"wp","href":"https:\/\/api.w.org\/{rel}","templated":true}]}}