{"id":254,"date":"2013-12-30T19:47:18","date_gmt":"2013-12-30T19:47:18","guid":{"rendered":"\/?page_id=254"},"modified":"2026-03-24T10:12:23","modified_gmt":"2026-03-24T15:12:23","slug":"daphne","status":"publish","type":"page","link":"https:\/\/premiermedicalgrp.com\/es\/contact\/daphne\/","title":{"rendered":"Dafne"},"content":{"rendered":"<h3>Ojo\/O\u00eddo\/Nariz\/Garganta: Ubicaci\u00f3n de Daphne<\/h3>\n<p>1302 Carretera estadounidense 98<br \/>\nDaphne, Alabama 36526<br \/>\nPrincipal: 251.410.9000<br \/>\nCitas \u2013 PRESENCIAL: 251-470-8844<br \/>\nAppointments \u2013 ENT: 251-333-4055<br \/>\nCitas \u2013 Audiolog\u00eda: 251.210.1938<br \/>\nHorario: Lunes a viernes de 8 a 5<\/p>\n<p><iframe loading=\"lazy\" style=\"border: 0;\" src=\"https:\/\/www.google.com\/maps\/embed?pb=!1m18!1m12!1m3!1d3434.304532240496!2d-87.8981118848718!3d30.59717248168459!2m3!1f0!2f0!3f0!3m2!1i1024!2i768!4f13.1!3m3!1m2!1s0x889a4304036cb4bb%3A0x3b9175b4b5056657!2sJ.+Ryan+Turner%2C+MD+-+Ophthalmologist!5e0!3m2!1sen!2sus!4v1539093106275\" width=\"745\" height=\"400\" frameborder=\"0\" allowfullscreen=\"allowfullscreen\"><\/iframe><\/p>\n<p><a href=\"https:\/\/goo.gl\/maps\/mHyJW\" target=\"_blank\" rel=\"noopener noreferrer\">Ver direcci\u00f3n en Google Maps<\/a><\/p>\n<h4><strong>M\u00e9dicos de ojos<\/strong><\/h4>\n<ul>\n<li><a href=\"https:\/\/premiermedicalgrp.com\/es\/physicians\/jay-brown-md\/\">Dr. Jay A. Brown<\/a><\/li>\n<li><a href=\"http:\/\/premiermedicalgrp.com\/es\/physicians\/ryan-c-burton-md\/\">Dr. Ryan C. Burton<\/a><\/li>\n<li><a href=\"https:\/\/premiermedicalgrp.com\/es\/physicians\/sean-m-carter-md\/\">Dr. Sean M. Carter<\/a><\/li>\n<li><a href=\"https:\/\/premiermedicalgrp.com\/es\/physicians\/mark-douglas-md\/\">Dr. Mark J. Douglas<\/a><\/li>\n<li><a href=\"https:\/\/premiermedicalgrp.com\/es\/physicians\/ronni-ferris-metzger-od\/\">Ronni Ferris-Metzger, OD<\/a><\/li>\n<li><a href=\"http:\/\/premiermedicalgrp.com\/es\/physicians\/ben-king-od\/\">Ben F. King IV, OD<\/a><\/li>\n<li><a href=\"https:\/\/premiermedicalgrp.com\/es\/physicians\/christopher-semple-md\/\">Dr. H. Christopher Semple<\/a><\/li>\n<li><a href=\"https:\/\/premiermedicalgrp.com\/es\/physicians\/william-f-stringer-jr-od\/\">William F. Stringer, Jr., otorrinolaring\u00f3logo<\/a><\/li>\n<li><a href=\"https:\/\/premiermedicalgrp.com\/es\/physicians\/ryan-turner-md\/\">Dr. J. Ryan Turner<\/a><\/li>\n<li><a href=\"https:\/\/premiermedicalgrp.com\/es\/?post_type=physicians&amp;p=19\">Dra. Valerie L. Vick<\/a><\/li>\n<li><a href=\"https:\/\/premiermedicalgrp.com\/es\/physicians\/timothy-b-white-od\/\">Dr. Timothy B. White<\/a><\/li>\n<\/ul>\n<p>&nbsp;<\/p>\n<h4><strong>M\u00e9dicos otorrinolaring\u00f3logos<\/strong><\/h4>\n<h4>Tel. 251.333.4055<\/h4>\n<ul>\n<li><a href=\"https:\/\/premiermedicalgrp.com\/es\/physicians\/kent-l-burton-md\/\">Doctor Kent L. Burton<\/a><\/li>\n<li><a href=\"https:\/\/premiermedicalgrp.com\/es\/physicians\/kimberly-elliott-md\/\">Kimberly A. Elliott<\/a><\/li>\n<li><a href=\"https:\/\/premiermedicalgrp.com\/es\/physicians\/mark-harrison-md\/\">Dr. J. Mark Harrison<\/a><\/li>\n<li><a href=\"https:\/\/premiermedicalgrp.com\/es\/physicians\/b-jake-johnson-md\/\">Dr. B. Jake Johnson<\/a><\/li>\n<li><a href=\"http:\/\/premiermedicalgrp.com\/es\/physicians\/michael-lee-md\/\">Dr. Michael Rhodes Lee<\/a><\/li>\n<li><a href=\"https:\/\/premiermedicalgrp.com\/es\/physicians\/alfred-neumann-md\/\">Dr. Alfred M. Neumann, Jr.<\/a><\/li>\n<li><a href=\"https:\/\/premiermedicalgrp.com\/es\/physicians\/kacie-r-oglesby-md\/ \u200e\/\">Dra. Kacie R. Oglesby<\/a><\/li>\n<li><a href=\"https:\/\/premiermedicalgrp.com\/es\/physicians\/william-e-omara-md\/\">William E. O&#8217;Mara, MD<\/a><\/li>\n<li><a href=\"https:\/\/premiermedicalgrp.com\/es\/physicians\/jessica-southwood-md\/\">Dra. Jessica E. Southwood<\/a><\/li>\n<li><a href=\"https:\/\/premiermedicalgrp.com\/es\/physicians\/christopher-g-weeks-md\/\">Christopher G. Weeks, MD<\/a><\/li>\n<\/ul>\n<p>&nbsp;<\/p>","protected":false},"excerpt":{"rendered":"<p>Eye\/Ear\/Nose\/Throat: Daphne Location 1302 US Highway 98 Daphne, AL 36526 Main: 251.410.9000 Appointments \u2013 EYE:\u00a0 251-470-8844 Appointments \u2013 ENT: 251-333-4055 Appointments \u2013 Audiology: 251.210.1938 Hours: Mon-Fri 8-5 View Address in Google Maps EYE Doctors Jay A. Brown, MD Ryan C. Burton, MD Sean M. Carter, MD Mark J. Douglas, MD Ronni Ferris-Metzger, OD Ben F. [&hellip;]<\/p>\n","protected":false},"author":1,"featured_media":0,"parent":81,"menu_order":117,"comment_status":"closed","ping_status":"closed","template":"","meta":{"_acf_changed":false,"footnotes":""},"class_list":["post-254","page","type-page","status-publish","hentry"],"acf":[],"yoast_head":"<!-- This site is optimized with the Yoast SEO plugin v27.3 - https:\/\/yoast.com\/product\/yoast-seo-wordpress\/ -->\n<title>Daphne Alabama ENT and Eye Specialists | Premier Medical Group<\/title>\n<meta name=\"description\" content=\"Premier Medical Group has two locations in Daphne, AL on the Eastern Shore, serving you for all of your Eye, Ear, Nose and Throat care needs!\" \/>\n<meta name=\"robots\" content=\"index, follow, max-snippet:-1, max-image-preview:large, max-video-preview:-1\" \/>\n<link rel=\"canonical\" href=\"https:\/\/premiermedicalgrp.com\/es\/contact\/daphne\/\" \/>\n<meta property=\"og:locale\" content=\"es_MX\" \/>\n<meta property=\"og:type\" content=\"article\" \/>\n<meta property=\"og:title\" content=\"Daphne Alabama ENT and Eye Specialists | Premier Medical Group\" \/>\n<meta property=\"og:description\" content=\"Premier Medical Group has two locations in Daphne, AL on the Eastern Shore, serving you for all of your Eye, Ear, Nose and Throat care needs!\" \/>\n<meta property=\"og:url\" content=\"https:\/\/premiermedicalgrp.com\/es\/contact\/daphne\/\" \/>\n<meta property=\"og:site_name\" content=\"Premier Medical Group | Eye &amp; ENT Specialists\" \/>\n<meta property=\"article:modified_time\" content=\"2026-03-24T15:12:23+00:00\" \/>\n<meta name=\"twitter:label1\" content=\"Est. reading time\" \/>\n\t<meta name=\"twitter:data1\" content=\"1 minuto\" \/>\n<script type=\"application\/ld+json\" class=\"yoast-schema-graph\">{\"@context\":\"https:\\\/\\\/schema.org\",\"@graph\":[{\"@type\":\"WebPage\",\"@id\":\"https:\\\/\\\/premiermedicalgrp.com\\\/contact\\\/daphne\\\/\",\"url\":\"https:\\\/\\\/premiermedicalgrp.com\\\/contact\\\/daphne\\\/\",\"name\":\"Daphne Alabama ENT and Eye Specialists | Premier Medical Group\",\"isPartOf\":{\"@id\":\"https:\\\/\\\/pmg2024.wpenginepowered.com\\\/#website\"},\"datePublished\":\"2013-12-30T19:47:18+00:00\",\"dateModified\":\"2026-03-24T15:12:23+00:00\",\"description\":\"Premier Medical Group has two locations in Daphne, AL on the Eastern Shore, serving you for all of your Eye, Ear, Nose and Throat care needs!\",\"breadcrumb\":{\"@id\":\"https:\\\/\\\/premiermedicalgrp.com\\\/contact\\\/daphne\\\/#breadcrumb\"},\"inLanguage\":\"es\",\"potentialAction\":[{\"@type\":\"ReadAction\",\"target\":[\"https:\\\/\\\/premiermedicalgrp.com\\\/contact\\\/daphne\\\/\"]}]},{\"@type\":\"BreadcrumbList\",\"@id\":\"https:\\\/\\\/premiermedicalgrp.com\\\/contact\\\/daphne\\\/#breadcrumb\",\"itemListElement\":[{\"@type\":\"ListItem\",\"position\":1,\"name\":\"Home\",\"item\":\"https:\\\/\\\/premiermedicalgrp.com\\\/\"},{\"@type\":\"ListItem\",\"position\":2,\"name\":\"Locations\",\"item\":\"https:\\\/\\\/premiermedicalgrp.com\\\/contact\\\/\"},{\"@type\":\"ListItem\",\"position\":3,\"name\":\"Daphne\"}]},{\"@type\":\"WebSite\",\"@id\":\"https:\\\/\\\/pmg2024.wpenginepowered.com\\\/#website\",\"url\":\"https:\\\/\\\/pmg2024.wpenginepowered.com\\\/\",\"name\":\"Premier Medical Group | Eye &amp; ENT Specialists\",\"description\":\"Premier Medical Group | Eye &amp; ENT Specialists\",\"potentialAction\":[{\"@type\":\"SearchAction\",\"target\":{\"@type\":\"EntryPoint\",\"urlTemplate\":\"https:\\\/\\\/pmg2024.wpenginepowered.com\\\/?s={search_term_string}\"},\"query-input\":{\"@type\":\"PropertyValueSpecification\",\"valueRequired\":true,\"valueName\":\"search_term_string\"}}],\"inLanguage\":\"es\"}]}<\/script>\n<!-- \/ Yoast SEO plugin. -->","yoast_head_json":{"title":"Daphne Alabama ENT and Eye Specialists | Premier Medical Group","description":"Premier Medical Group has two locations in Daphne, AL on the Eastern Shore, serving you for all of your Eye, Ear, Nose and Throat care needs!","robots":{"index":"index","follow":"follow","max-snippet":"max-snippet:-1","max-image-preview":"max-image-preview:large","max-video-preview":"max-video-preview:-1"},"canonical":"https:\/\/premiermedicalgrp.com\/es\/contact\/daphne\/","og_locale":"es_MX","og_type":"article","og_title":"Daphne Alabama ENT and Eye Specialists | Premier Medical Group","og_description":"Premier Medical Group has two locations in Daphne, AL on the Eastern Shore, serving you for all of your Eye, Ear, Nose and Throat care needs!","og_url":"https:\/\/premiermedicalgrp.com\/es\/contact\/daphne\/","og_site_name":"Premier Medical Group | Eye &amp; ENT Specialists","article_modified_time":"2026-03-24T15:12:23+00:00","twitter_misc":{"Est. reading time":"1 minuto"},"schema":{"@context":"https:\/\/schema.org","@graph":[{"@type":"WebPage","@id":"https:\/\/premiermedicalgrp.com\/contact\/daphne\/","url":"https:\/\/premiermedicalgrp.com\/contact\/daphne\/","name":"Daphne Alabama ENT and Eye Specialists | Premier Medical Group","isPartOf":{"@id":"https:\/\/pmg2024.wpenginepowered.com\/#website"},"datePublished":"2013-12-30T19:47:18+00:00","dateModified":"2026-03-24T15:12:23+00:00","description":"Premier Medical Group has two locations in Daphne, AL on the Eastern Shore, serving you for all of your Eye, Ear, Nose and Throat care needs!","breadcrumb":{"@id":"https:\/\/premiermedicalgrp.com\/contact\/daphne\/#breadcrumb"},"inLanguage":"es","potentialAction":[{"@type":"ReadAction","target":["https:\/\/premiermedicalgrp.com\/contact\/daphne\/"]}]},{"@type":"BreadcrumbList","@id":"https:\/\/premiermedicalgrp.com\/contact\/daphne\/#breadcrumb","itemListElement":[{"@type":"ListItem","position":1,"name":"Home","item":"https:\/\/premiermedicalgrp.com\/"},{"@type":"ListItem","position":2,"name":"Locations","item":"https:\/\/premiermedicalgrp.com\/contact\/"},{"@type":"ListItem","position":3,"name":"Daphne"}]},{"@type":"WebSite","@id":"https:\/\/pmg2024.wpenginepowered.com\/#website","url":"https:\/\/pmg2024.wpenginepowered.com\/","name":"Premier Medical Group | Especialistas en otorrinolaringolog\u00eda y oftalmolog\u00eda","description":"Premier Medical Group | Especialistas en otorrinolaringolog\u00eda y oftalmolog\u00eda","potentialAction":[{"@type":"SearchAction","target":{"@type":"EntryPoint","urlTemplate":"https:\/\/pmg2024.wpenginepowered.com\/?s={search_term_string}"},"query-input":{"@type":"PropertyValueSpecification","valueRequired":true,"valueName":"search_term_string"}}],"inLanguage":"es"}]}},"_links":{"self":[{"href":"https:\/\/premiermedicalgrp.com\/es\/wp-json\/wp\/v2\/pages\/254","targetHints":{"allow":["GET"]}}],"collection":[{"href":"https:\/\/premiermedicalgrp.com\/es\/wp-json\/wp\/v2\/pages"}],"about":[{"href":"https:\/\/premiermedicalgrp.com\/es\/wp-json\/wp\/v2\/types\/page"}],"author":[{"embeddable":true,"href":"https:\/\/premiermedicalgrp.com\/es\/wp-json\/wp\/v2\/users\/1"}],"replies":[{"embeddable":true,"href":"https:\/\/premiermedicalgrp.com\/es\/wp-json\/wp\/v2\/comments?post=254"}],"version-history":[{"count":0,"href":"https:\/\/premiermedicalgrp.com\/es\/wp-json\/wp\/v2\/pages\/254\/revisions"}],"up":[{"embeddable":true,"href":"https:\/\/premiermedicalgrp.com\/es\/wp-json\/wp\/v2\/pages\/81"}],"wp:attachment":[{"href":"https:\/\/premiermedicalgrp.com\/es\/wp-json\/wp\/v2\/media?parent=254"}],"curies":[{"name":"wp","href":"https:\/\/api.w.org\/{rel}","templated":true}]}}