{"id":2831,"date":"2016-01-21T14:05:12","date_gmt":"2016-01-21T20:05:12","guid":{"rendered":"http:\/\/pmg2024.wpenginepowered.com\/?page_id=2831"},"modified":"2023-03-06T13:04:39","modified_gmt":"2023-03-06T19:04:39","slug":"patient-portal","status":"publish","type":"page","link":"https:\/\/premiermedicalgrp.com\/es\/patient-resources\/patient-portal\/","title":{"rendered":"Portal del paciente"},"content":{"rendered":"<p>Despu\u00e9s de visitar a uno de nuestros m\u00e9dicos en Premier Medical Group, se le enviar\u00e1 una invitaci\u00f3n por correo electr\u00f3nico para crear una cuenta en nuestro portal para pacientes. Solo despu\u00e9s de una visita al consultorio se le otorgar\u00e1 una invitaci\u00f3n debido a las leyes de seguridad de HIPAA.<\/p>\n<p>Si tiene una cuenta, haga clic en el bot\u00f3n para continuar.<br \/>\n<a class=\"btn btn-default\" href=\"https:\/\/myhealthrecord.com\/Portal\/SSO\">Portal del paciente<\/a><\/p>","protected":false},"excerpt":{"rendered":"<p>After visiting one of our physicians at Premier Medical Group, you will be sent an email invitation to create a login with our patient portal. Only after an office visit will an invitation be granted due to HIPAA security laws. If you have an account, click the button to proceed. Patient Portal<\/p>","protected":false},"author":1,"featured_media":0,"parent":74,"menu_order":13,"comment_status":"closed","ping_status":"closed","template":"","meta":{"_acf_changed":false,"footnotes":""},"class_list":["post-2831","page","type-page","status-publish","hentry"],"acf":[],"yoast_head":"<!-- This site is optimized with the Yoast SEO plugin v27.4 - https:\/\/yoast.com\/product\/yoast-seo-wordpress\/ -->\n<title>Patient Portal - Premier Medical Group | Eye &amp; ENT Specialists<\/title>\n<meta name=\"robots\" content=\"index, follow, max-snippet:-1, max-image-preview:large, max-video-preview:-1\" \/>\n<link rel=\"canonical\" href=\"https:\/\/premiermedicalgrp.com\/es\/patient-resources\/patient-portal\/\" \/>\n<meta property=\"og:locale\" content=\"es_MX\" \/>\n<meta property=\"og:type\" content=\"article\" \/>\n<meta property=\"og:title\" content=\"Patient Portal - Premier Medical Group | Eye &amp; ENT Specialists\" \/>\n<meta property=\"og:description\" content=\"After visiting one of our physicians at Premier Medical Group, you will be sent an email invitation to create a login with our patient portal. Only after an office visit will an invitation be granted due to HIPAA security laws. If you have an account, click the button to proceed. Patient Portal\" \/>\n<meta property=\"og:url\" content=\"https:\/\/premiermedicalgrp.com\/es\/patient-resources\/patient-portal\/\" \/>\n<meta property=\"og:site_name\" content=\"Premier Medical Group | Eye &amp; ENT Specialists\" \/>\n<meta property=\"article:modified_time\" content=\"2023-03-06T19:04:39+00:00\" \/>\n<meta name=\"twitter:label1\" content=\"Est. reading time\" \/>\n\t<meta name=\"twitter:data1\" content=\"1 minuto\" \/>\n<script type=\"application\/ld+json\" class=\"yoast-schema-graph\">{\"@context\":\"https:\\\/\\\/schema.org\",\"@graph\":[{\"@type\":\"WebPage\",\"@id\":\"https:\\\/\\\/premiermedicalgrp.com\\\/patient-resources\\\/patient-portal\\\/\",\"url\":\"https:\\\/\\\/premiermedicalgrp.com\\\/patient-resources\\\/patient-portal\\\/\",\"name\":\"Patient Portal - Premier Medical Group | Eye &amp; ENT Specialists\",\"isPartOf\":{\"@id\":\"https:\\\/\\\/pmg2024.wpenginepowered.com\\\/#website\"},\"datePublished\":\"2016-01-21T20:05:12+00:00\",\"dateModified\":\"2023-03-06T19:04:39+00:00\",\"breadcrumb\":{\"@id\":\"https:\\\/\\\/premiermedicalgrp.com\\\/patient-resources\\\/patient-portal\\\/#breadcrumb\"},\"inLanguage\":\"es\",\"potentialAction\":[{\"@type\":\"ReadAction\",\"target\":[\"https:\\\/\\\/premiermedicalgrp.com\\\/patient-resources\\\/patient-portal\\\/\"]}]},{\"@type\":\"BreadcrumbList\",\"@id\":\"https:\\\/\\\/premiermedicalgrp.com\\\/patient-resources\\\/patient-portal\\\/#breadcrumb\",\"itemListElement\":[{\"@type\":\"ListItem\",\"position\":1,\"name\":\"Home\",\"item\":\"https:\\\/\\\/premiermedicalgrp.com\\\/\"},{\"@type\":\"ListItem\",\"position\":2,\"name\":\"Patient Resources\",\"item\":\"https:\\\/\\\/premiermedicalgrp.com\\\/patient-resources\\\/\"},{\"@type\":\"ListItem\",\"position\":3,\"name\":\"Patient Portal\"}]},{\"@type\":\"WebSite\",\"@id\":\"https:\\\/\\\/pmg2024.wpenginepowered.com\\\/#website\",\"url\":\"https:\\\/\\\/pmg2024.wpenginepowered.com\\\/\",\"name\":\"Premier Medical Group | Eye &amp; ENT Specialists\",\"description\":\"Premier Medical Group | Eye &amp; ENT Specialists\",\"potentialAction\":[{\"@type\":\"SearchAction\",\"target\":{\"@type\":\"EntryPoint\",\"urlTemplate\":\"https:\\\/\\\/pmg2024.wpenginepowered.com\\\/?s={search_term_string}\"},\"query-input\":{\"@type\":\"PropertyValueSpecification\",\"valueRequired\":true,\"valueName\":\"search_term_string\"}}],\"inLanguage\":\"es\"}]}<\/script>\n<!-- \/ Yoast SEO plugin. -->","yoast_head_json":{"title":"Patient Portal - Premier Medical Group | Eye &amp; ENT Specialists","robots":{"index":"index","follow":"follow","max-snippet":"max-snippet:-1","max-image-preview":"max-image-preview:large","max-video-preview":"max-video-preview:-1"},"canonical":"https:\/\/premiermedicalgrp.com\/es\/patient-resources\/patient-portal\/","og_locale":"es_MX","og_type":"article","og_title":"Patient Portal - Premier Medical Group | Eye &amp; ENT Specialists","og_description":"After visiting one of our physicians at Premier Medical Group, you will be sent an email invitation to create a login with our patient portal. Only after an office visit will an invitation be granted due to HIPAA security laws. If you have an account, click the button to proceed. Patient Portal","og_url":"https:\/\/premiermedicalgrp.com\/es\/patient-resources\/patient-portal\/","og_site_name":"Premier Medical Group | Eye &amp; ENT Specialists","article_modified_time":"2023-03-06T19:04:39+00:00","twitter_misc":{"Est. reading time":"1 minuto"},"schema":{"@context":"https:\/\/schema.org","@graph":[{"@type":"WebPage","@id":"https:\/\/premiermedicalgrp.com\/patient-resources\/patient-portal\/","url":"https:\/\/premiermedicalgrp.com\/patient-resources\/patient-portal\/","name":"Patient Portal - Premier Medical Group | Eye &amp; ENT Specialists","isPartOf":{"@id":"https:\/\/pmg2024.wpenginepowered.com\/#website"},"datePublished":"2016-01-21T20:05:12+00:00","dateModified":"2023-03-06T19:04:39+00:00","breadcrumb":{"@id":"https:\/\/premiermedicalgrp.com\/patient-resources\/patient-portal\/#breadcrumb"},"inLanguage":"es","potentialAction":[{"@type":"ReadAction","target":["https:\/\/premiermedicalgrp.com\/patient-resources\/patient-portal\/"]}]},{"@type":"BreadcrumbList","@id":"https:\/\/premiermedicalgrp.com\/patient-resources\/patient-portal\/#breadcrumb","itemListElement":[{"@type":"ListItem","position":1,"name":"Home","item":"https:\/\/premiermedicalgrp.com\/"},{"@type":"ListItem","position":2,"name":"Patient Resources","item":"https:\/\/premiermedicalgrp.com\/patient-resources\/"},{"@type":"ListItem","position":3,"name":"Patient Portal"}]},{"@type":"WebSite","@id":"https:\/\/pmg2024.wpenginepowered.com\/#website","url":"https:\/\/pmg2024.wpenginepowered.com\/","name":"Premier Medical Group | Especialistas en otorrinolaringolog\u00eda y oftalmolog\u00eda","description":"Premier Medical Group | Especialistas en otorrinolaringolog\u00eda y oftalmolog\u00eda","potentialAction":[{"@type":"SearchAction","target":{"@type":"EntryPoint","urlTemplate":"https:\/\/pmg2024.wpenginepowered.com\/?s={search_term_string}"},"query-input":{"@type":"PropertyValueSpecification","valueRequired":true,"valueName":"search_term_string"}}],"inLanguage":"es"}]}},"_links":{"self":[{"href":"https:\/\/premiermedicalgrp.com\/es\/wp-json\/wp\/v2\/pages\/2831","targetHints":{"allow":["GET"]}}],"collection":[{"href":"https:\/\/premiermedicalgrp.com\/es\/wp-json\/wp\/v2\/pages"}],"about":[{"href":"https:\/\/premiermedicalgrp.com\/es\/wp-json\/wp\/v2\/types\/page"}],"author":[{"embeddable":true,"href":"https:\/\/premiermedicalgrp.com\/es\/wp-json\/wp\/v2\/users\/1"}],"replies":[{"embeddable":true,"href":"https:\/\/premiermedicalgrp.com\/es\/wp-json\/wp\/v2\/comments?post=2831"}],"version-history":[{"count":0,"href":"https:\/\/premiermedicalgrp.com\/es\/wp-json\/wp\/v2\/pages\/2831\/revisions"}],"up":[{"embeddable":true,"href":"https:\/\/premiermedicalgrp.com\/es\/wp-json\/wp\/v2\/pages\/74"}],"wp:attachment":[{"href":"https:\/\/premiermedicalgrp.com\/es\/wp-json\/wp\/v2\/media?parent=2831"}],"curies":[{"name":"wp","href":"https:\/\/api.w.org\/{rel}","templated":true}]}}