{"id":3299,"date":"2017-04-05T10:01:11","date_gmt":"2017-04-05T15:01:11","guid":{"rendered":"http:\/\/pmg2024.wpenginepowered.com\/?page_id=3299"},"modified":"2017-04-19T08:49:49","modified_gmt":"2017-04-19T13:49:49","slug":"ent-east","status":"publish","type":"page","link":"https:\/\/premiermedicalgrp.com\/es\/ent-east\/","title":{"rendered":"ENT Este"},"content":{"rendered":"<h2>Concierte una cita con nuestros m\u00e9dicos de otorrinolaringolog\u00eda del Este hoy mismo. Llame al:\u00a0<a href=\"tel:+1-251\u2011473\u20111900\">251\u2011473\u20111900<\/a><\/h2>","protected":false},"excerpt":{"rendered":"<p>Make an appointment with our ENT East doctors today. Call:\u00a0251\u2011473\u20111900<\/p>","protected":false},"author":1,"featured_media":0,"parent":0,"menu_order":4,"comment_status":"closed","ping_status":"closed","template":"","meta":{"_acf_changed":false,"footnotes":""},"class_list":["post-3299","page","type-page","status-publish","hentry"],"acf":[],"yoast_head":"<!-- This site is optimized with the Yoast SEO plugin v27.5 - https:\/\/yoast.com\/product\/yoast-seo-wordpress\/ -->\n<title>ENT East - Premier Medical Group | Eye &amp; ENT Specialists<\/title>\n<meta name=\"robots\" content=\"index, follow, max-snippet:-1, max-image-preview:large, max-video-preview:-1\" \/>\n<link rel=\"canonical\" href=\"https:\/\/premiermedicalgrp.com\/es\/ent-east\/\" \/>\n<meta property=\"og:locale\" content=\"es_MX\" \/>\n<meta property=\"og:type\" content=\"article\" \/>\n<meta property=\"og:title\" content=\"ENT East - Premier Medical Group | Eye &amp; ENT Specialists\" \/>\n<meta property=\"og:description\" content=\"Make an appointment with our ENT East doctors today. Call:\u00a0251\u2011473\u20111900\" \/>\n<meta property=\"og:url\" content=\"https:\/\/premiermedicalgrp.com\/es\/ent-east\/\" \/>\n<meta property=\"og:site_name\" content=\"Premier Medical Group | Eye &amp; ENT Specialists\" \/>\n<meta property=\"article:modified_time\" content=\"2017-04-19T13:49:49+00:00\" \/>\n<script type=\"application\/ld+json\" class=\"yoast-schema-graph\">{\"@context\":\"https:\\\/\\\/schema.org\",\"@graph\":[{\"@type\":\"WebPage\",\"@id\":\"https:\\\/\\\/premiermedicalgrp.com\\\/ent-east\\\/\",\"url\":\"https:\\\/\\\/premiermedicalgrp.com\\\/ent-east\\\/\",\"name\":\"ENT East - Premier Medical Group | Eye &amp; ENT Specialists\",\"isPartOf\":{\"@id\":\"https:\\\/\\\/pmg2024.wpenginepowered.com\\\/#website\"},\"datePublished\":\"2017-04-05T15:01:11+00:00\",\"dateModified\":\"2017-04-19T13:49:49+00:00\",\"breadcrumb\":{\"@id\":\"https:\\\/\\\/premiermedicalgrp.com\\\/ent-east\\\/#breadcrumb\"},\"inLanguage\":\"es\",\"potentialAction\":[{\"@type\":\"ReadAction\",\"target\":[\"https:\\\/\\\/premiermedicalgrp.com\\\/ent-east\\\/\"]}]},{\"@type\":\"BreadcrumbList\",\"@id\":\"https:\\\/\\\/premiermedicalgrp.com\\\/ent-east\\\/#breadcrumb\",\"itemListElement\":[{\"@type\":\"ListItem\",\"position\":1,\"name\":\"Home\",\"item\":\"https:\\\/\\\/premiermedicalgrp.com\\\/\"},{\"@type\":\"ListItem\",\"position\":2,\"name\":\"ENT East\"}]},{\"@type\":\"WebSite\",\"@id\":\"https:\\\/\\\/pmg2024.wpenginepowered.com\\\/#website\",\"url\":\"https:\\\/\\\/pmg2024.wpenginepowered.com\\\/\",\"name\":\"Premier Medical Group | Eye &amp; ENT Specialists\",\"description\":\"Premier Medical Group | Eye &amp; ENT Specialists\",\"potentialAction\":[{\"@type\":\"SearchAction\",\"target\":{\"@type\":\"EntryPoint\",\"urlTemplate\":\"https:\\\/\\\/pmg2024.wpenginepowered.com\\\/?s={search_term_string}\"},\"query-input\":{\"@type\":\"PropertyValueSpecification\",\"valueRequired\":true,\"valueName\":\"search_term_string\"}}],\"inLanguage\":\"es\"}]}<\/script>\n<!-- \/ Yoast SEO plugin. -->","yoast_head_json":{"title":"ENT East - Premier Medical Group | Eye &amp; ENT Specialists","robots":{"index":"index","follow":"follow","max-snippet":"max-snippet:-1","max-image-preview":"max-image-preview:large","max-video-preview":"max-video-preview:-1"},"canonical":"https:\/\/premiermedicalgrp.com\/es\/ent-east\/","og_locale":"es_MX","og_type":"article","og_title":"ENT East - Premier Medical Group | Eye &amp; ENT Specialists","og_description":"Make an appointment with our ENT East doctors today. Call:\u00a0251\u2011473\u20111900","og_url":"https:\/\/premiermedicalgrp.com\/es\/ent-east\/","og_site_name":"Premier Medical Group | Eye &amp; ENT Specialists","article_modified_time":"2017-04-19T13:49:49+00:00","schema":{"@context":"https:\/\/schema.org","@graph":[{"@type":"WebPage","@id":"https:\/\/premiermedicalgrp.com\/ent-east\/","url":"https:\/\/premiermedicalgrp.com\/ent-east\/","name":"ENT East - Premier Medical Group | Eye &amp; ENT Specialists","isPartOf":{"@id":"https:\/\/pmg2024.wpenginepowered.com\/#website"},"datePublished":"2017-04-05T15:01:11+00:00","dateModified":"2017-04-19T13:49:49+00:00","breadcrumb":{"@id":"https:\/\/premiermedicalgrp.com\/ent-east\/#breadcrumb"},"inLanguage":"es","potentialAction":[{"@type":"ReadAction","target":["https:\/\/premiermedicalgrp.com\/ent-east\/"]}]},{"@type":"BreadcrumbList","@id":"https:\/\/premiermedicalgrp.com\/ent-east\/#breadcrumb","itemListElement":[{"@type":"ListItem","position":1,"name":"Home","item":"https:\/\/premiermedicalgrp.com\/"},{"@type":"ListItem","position":2,"name":"ENT East"}]},{"@type":"WebSite","@id":"https:\/\/pmg2024.wpenginepowered.com\/#website","url":"https:\/\/pmg2024.wpenginepowered.com\/","name":"Premier Medical Group | Especialistas en otorrinolaringolog\u00eda y oftalmolog\u00eda","description":"Premier Medical Group | Especialistas en otorrinolaringolog\u00eda y oftalmolog\u00eda","potentialAction":[{"@type":"SearchAction","target":{"@type":"EntryPoint","urlTemplate":"https:\/\/pmg2024.wpenginepowered.com\/?s={search_term_string}"},"query-input":{"@type":"PropertyValueSpecification","valueRequired":true,"valueName":"search_term_string"}}],"inLanguage":"es"}]}},"_links":{"self":[{"href":"https:\/\/premiermedicalgrp.com\/es\/wp-json\/wp\/v2\/pages\/3299","targetHints":{"allow":["GET"]}}],"collection":[{"href":"https:\/\/premiermedicalgrp.com\/es\/wp-json\/wp\/v2\/pages"}],"about":[{"href":"https:\/\/premiermedicalgrp.com\/es\/wp-json\/wp\/v2\/types\/page"}],"author":[{"embeddable":true,"href":"https:\/\/premiermedicalgrp.com\/es\/wp-json\/wp\/v2\/users\/1"}],"replies":[{"embeddable":true,"href":"https:\/\/premiermedicalgrp.com\/es\/wp-json\/wp\/v2\/comments?post=3299"}],"version-history":[{"count":0,"href":"https:\/\/premiermedicalgrp.com\/es\/wp-json\/wp\/v2\/pages\/3299\/revisions"}],"wp:attachment":[{"href":"https:\/\/premiermedicalgrp.com\/es\/wp-json\/wp\/v2\/media?parent=3299"}],"curies":[{"name":"wp","href":"https:\/\/api.w.org\/{rel}","templated":true}]}}