{"id":6380,"date":"2023-02-02T11:21:12","date_gmt":"2023-02-02T17:21:12","guid":{"rendered":"https:\/\/pmg2024.wpenginepowered.com\/?page_id=6380"},"modified":"2023-05-10T10:26:22","modified_gmt":"2023-05-10T15:26:22","slug":"pascagoula","status":"publish","type":"page","link":"https:\/\/premiermedicalgrp.com\/es\/contact\/satellite-locations\/pascagoula\/","title":{"rendered":"Pascagoula"},"content":{"rendered":"<h3>Ojo: Ubicaci\u00f3n de Pascagoula<\/h3>\n<p>Asociados oftalmol\u00f3gicos de Mississippi<\/p>\n<p>Avenida Delmas 421<br \/>\nPascagoula, Misisipi 39567<br \/>\nTel\u00e9fono: 228-769-2001<\/p>\n<div class=\"mapouter\">\n<div class=\"gmap_canvas\">\n<div style=\"max-width: 100%; list-style: none; transition: none; overflow: hidden; width: 745px; height: 400px;\">\n<div id=\"g-mapdisplay\" style=\"height: 100%; width: 100%; max-width: 100%;\"><iframe style=\"height: 100%; width: 100%; border: 0;\" src=\"https:\/\/www.google.com\/maps\/embed\/v1\/place?q=421+Delmas+Ave,+Pascagoula,+MS+39567,+USA&amp;key=AIzaSyBFw0Qbyq9zTFTd-tUY6dZWTgaQzuU17R8\" frameborder=\"0\"><\/iframe><\/div>\n<\/div>\n<p><a href=\"https:\/\/www.google.com\/maps\/place\/Mississippi+Eye+Associates\/@30.3674032,-88.5596863,15z\/data=!4m2!3m1!1s0x0:0x21901ed4685a5747?sa=X&amp;ved=2ahUKEwif9qfEqvf8AhUARjABHcAZAxYQ_BJ6BAhgEAg\" target=\"_blank\" rel=\"noopener\">Ver direcci\u00f3n en Google Maps<\/a><\/p>\n<\/div>\n<h3>Medicos oftalm\u00f3logos<\/h3>\n<ul>\n<li><a href=\"https:\/\/premiermedicalgrp.com\/es\/physicians\/stuart-r-ball-md\/\">Dr. Stuart R. Ball<\/a><\/li>\n<li><a href=\"https:\/\/premiermedicalgrp.com\/es\/physicians\/c-drew-salisbury-md\/\">Dr. C. Drew Salisbury<\/a><\/li>\n<li><a href=\"https:\/\/premiermedicalgrp.com\/es\/physicians\/edmond-wright-md\/\">Dr. Edmond Wright<\/a><\/li>\n<\/ul>\n<\/div>","protected":false},"excerpt":{"rendered":"<p>Eye: Pascagoula Location Mississippi Eye Associates 421 Delmas Ave. Pascagoula, MS 39567 Tel: 228-769-2001 View Address in Google Maps Eye Doctors Stuart R. Ball, MD C. Drew Salisbury, MD Edmond Wright, MD<\/p>","protected":false},"author":18,"featured_media":0,"parent":513,"menu_order":121,"comment_status":"closed","ping_status":"closed","template":"","meta":{"_acf_changed":false,"footnotes":""},"class_list":["post-6380","page","type-page","status-publish","hentry"],"acf":[],"yoast_head":"<!-- This site is optimized with the Yoast SEO plugin v27.3 - https:\/\/yoast.com\/product\/yoast-seo-wordpress\/ -->\n<title>Pascagoula - Premier Medical Group - Mississippi<\/title>\n<meta name=\"description\" content=\"Find us at our Jackson County office in Pascagoula, MS, located at 421 Delmas Ave. Having trouble finding us? Click here to view us on the map!\" \/>\n<meta name=\"robots\" content=\"index, follow, max-snippet:-1, max-image-preview:large, max-video-preview:-1\" \/>\n<link rel=\"canonical\" href=\"https:\/\/premiermedicalgrp.com\/es\/contact\/satellite-locations\/pascagoula\/\" \/>\n<meta property=\"og:locale\" content=\"es_MX\" \/>\n<meta property=\"og:type\" content=\"article\" \/>\n<meta property=\"og:title\" content=\"Pascagoula - Premier Medical Group - Mississippi\" \/>\n<meta property=\"og:description\" content=\"Find us at our Jackson County office in Pascagoula, MS, located at 421 Delmas Ave. Having trouble finding us? Click here to view us on the map!\" \/>\n<meta property=\"og:url\" content=\"https:\/\/premiermedicalgrp.com\/es\/contact\/satellite-locations\/pascagoula\/\" \/>\n<meta property=\"og:site_name\" content=\"Premier Medical Group | Eye &amp; ENT Specialists\" \/>\n<meta property=\"article:modified_time\" content=\"2023-05-10T15:26:22+00:00\" \/>\n<meta name=\"twitter:label1\" content=\"Est. reading time\" \/>\n\t<meta name=\"twitter:data1\" content=\"1 minuto\" \/>\n<script type=\"application\/ld+json\" class=\"yoast-schema-graph\">{\"@context\":\"https:\\\/\\\/schema.org\",\"@graph\":[{\"@type\":\"WebPage\",\"@id\":\"https:\\\/\\\/premiermedicalgrp.com\\\/contact\\\/satellite-locations\\\/pascagoula\\\/\",\"url\":\"https:\\\/\\\/premiermedicalgrp.com\\\/contact\\\/satellite-locations\\\/pascagoula\\\/\",\"name\":\"Pascagoula - Premier Medical Group - Mississippi\",\"isPartOf\":{\"@id\":\"https:\\\/\\\/pmg2024.wpenginepowered.com\\\/#website\"},\"datePublished\":\"2023-02-02T17:21:12+00:00\",\"dateModified\":\"2023-05-10T15:26:22+00:00\",\"description\":\"Find us at our Jackson County office in Pascagoula, MS, located at 421 Delmas Ave. Having trouble finding us? Click here to view us on the map!\",\"breadcrumb\":{\"@id\":\"https:\\\/\\\/premiermedicalgrp.com\\\/contact\\\/satellite-locations\\\/pascagoula\\\/#breadcrumb\"},\"inLanguage\":\"es\",\"potentialAction\":[{\"@type\":\"ReadAction\",\"target\":[\"https:\\\/\\\/premiermedicalgrp.com\\\/contact\\\/satellite-locations\\\/pascagoula\\\/\"]}]},{\"@type\":\"BreadcrumbList\",\"@id\":\"https:\\\/\\\/premiermedicalgrp.com\\\/contact\\\/satellite-locations\\\/pascagoula\\\/#breadcrumb\",\"itemListElement\":[{\"@type\":\"ListItem\",\"position\":1,\"name\":\"Home\",\"item\":\"https:\\\/\\\/premiermedicalgrp.com\\\/\"},{\"@type\":\"ListItem\",\"position\":2,\"name\":\"Locations\",\"item\":\"https:\\\/\\\/premiermedicalgrp.com\\\/contact\\\/\"},{\"@type\":\"ListItem\",\"position\":3,\"name\":\"Other Locations\",\"item\":\"https:\\\/\\\/premiermedicalgrp.com\\\/contact\\\/satellite-locations\\\/\"},{\"@type\":\"ListItem\",\"position\":4,\"name\":\"Pascagoula\"}]},{\"@type\":\"WebSite\",\"@id\":\"https:\\\/\\\/pmg2024.wpenginepowered.com\\\/#website\",\"url\":\"https:\\\/\\\/pmg2024.wpenginepowered.com\\\/\",\"name\":\"Premier Medical Group | Eye &amp; ENT Specialists\",\"description\":\"Premier Medical Group | Eye &amp; ENT Specialists\",\"potentialAction\":[{\"@type\":\"SearchAction\",\"target\":{\"@type\":\"EntryPoint\",\"urlTemplate\":\"https:\\\/\\\/pmg2024.wpenginepowered.com\\\/?s={search_term_string}\"},\"query-input\":{\"@type\":\"PropertyValueSpecification\",\"valueRequired\":true,\"valueName\":\"search_term_string\"}}],\"inLanguage\":\"es\"}]}<\/script>\n<!-- \/ Yoast SEO plugin. -->","yoast_head_json":{"title":"Pascagoula - Premier Medical Group - Mississippi","description":"Find us at our Jackson County office in Pascagoula, MS, located at 421 Delmas Ave. Having trouble finding us? Click here to view us on the map!","robots":{"index":"index","follow":"follow","max-snippet":"max-snippet:-1","max-image-preview":"max-image-preview:large","max-video-preview":"max-video-preview:-1"},"canonical":"https:\/\/premiermedicalgrp.com\/es\/contact\/satellite-locations\/pascagoula\/","og_locale":"es_MX","og_type":"article","og_title":"Pascagoula - Premier Medical Group - Mississippi","og_description":"Find us at our Jackson County office in Pascagoula, MS, located at 421 Delmas Ave. Having trouble finding us? Click here to view us on the map!","og_url":"https:\/\/premiermedicalgrp.com\/es\/contact\/satellite-locations\/pascagoula\/","og_site_name":"Premier Medical Group | Eye &amp; ENT Specialists","article_modified_time":"2023-05-10T15:26:22+00:00","twitter_misc":{"Est. reading time":"1 minuto"},"schema":{"@context":"https:\/\/schema.org","@graph":[{"@type":"WebPage","@id":"https:\/\/premiermedicalgrp.com\/contact\/satellite-locations\/pascagoula\/","url":"https:\/\/premiermedicalgrp.com\/contact\/satellite-locations\/pascagoula\/","name":"Pascagoula - Premier Medical Group - Mississippi","isPartOf":{"@id":"https:\/\/pmg2024.wpenginepowered.com\/#website"},"datePublished":"2023-02-02T17:21:12+00:00","dateModified":"2023-05-10T15:26:22+00:00","description":"Find us at our Jackson County office in Pascagoula, MS, located at 421 Delmas Ave. Having trouble finding us? Click here to view us on the map!","breadcrumb":{"@id":"https:\/\/premiermedicalgrp.com\/contact\/satellite-locations\/pascagoula\/#breadcrumb"},"inLanguage":"es","potentialAction":[{"@type":"ReadAction","target":["https:\/\/premiermedicalgrp.com\/contact\/satellite-locations\/pascagoula\/"]}]},{"@type":"BreadcrumbList","@id":"https:\/\/premiermedicalgrp.com\/contact\/satellite-locations\/pascagoula\/#breadcrumb","itemListElement":[{"@type":"ListItem","position":1,"name":"Home","item":"https:\/\/premiermedicalgrp.com\/"},{"@type":"ListItem","position":2,"name":"Locations","item":"https:\/\/premiermedicalgrp.com\/contact\/"},{"@type":"ListItem","position":3,"name":"Other Locations","item":"https:\/\/premiermedicalgrp.com\/contact\/satellite-locations\/"},{"@type":"ListItem","position":4,"name":"Pascagoula"}]},{"@type":"WebSite","@id":"https:\/\/pmg2024.wpenginepowered.com\/#website","url":"https:\/\/pmg2024.wpenginepowered.com\/","name":"Premier Medical Group | Especialistas en otorrinolaringolog\u00eda y oftalmolog\u00eda","description":"Premier Medical Group | Especialistas en otorrinolaringolog\u00eda y oftalmolog\u00eda","potentialAction":[{"@type":"SearchAction","target":{"@type":"EntryPoint","urlTemplate":"https:\/\/pmg2024.wpenginepowered.com\/?s={search_term_string}"},"query-input":{"@type":"PropertyValueSpecification","valueRequired":true,"valueName":"search_term_string"}}],"inLanguage":"es"}]}},"_links":{"self":[{"href":"https:\/\/premiermedicalgrp.com\/es\/wp-json\/wp\/v2\/pages\/6380","targetHints":{"allow":["GET"]}}],"collection":[{"href":"https:\/\/premiermedicalgrp.com\/es\/wp-json\/wp\/v2\/pages"}],"about":[{"href":"https:\/\/premiermedicalgrp.com\/es\/wp-json\/wp\/v2\/types\/page"}],"author":[{"embeddable":true,"href":"https:\/\/premiermedicalgrp.com\/es\/wp-json\/wp\/v2\/users\/18"}],"replies":[{"embeddable":true,"href":"https:\/\/premiermedicalgrp.com\/es\/wp-json\/wp\/v2\/comments?post=6380"}],"version-history":[{"count":0,"href":"https:\/\/premiermedicalgrp.com\/es\/wp-json\/wp\/v2\/pages\/6380\/revisions"}],"up":[{"embeddable":true,"href":"https:\/\/premiermedicalgrp.com\/es\/wp-json\/wp\/v2\/pages\/513"}],"wp:attachment":[{"href":"https:\/\/premiermedicalgrp.com\/es\/wp-json\/wp\/v2\/media?parent=6380"}],"curies":[{"name":"wp","href":"https:\/\/api.w.org\/{rel}","templated":true}]}}