{"id":7300,"date":"2023-09-18T16:26:24","date_gmt":"2023-09-18T21:26:24","guid":{"rendered":"https:\/\/pmg2024.wpenginepowered.com\/?page_id=7300"},"modified":"2024-05-30T10:29:55","modified_gmt":"2024-05-30T15:29:55","slug":"pay-my-bill","status":"publish","type":"page","link":"https:\/\/premiermedicalgrp.com\/es\/pay-my-bill\/","title":{"rendered":"Pagar mi factura"},"content":{"rendered":"<p>En Premier Medical, ofrecemos la comodidad de pagar su factura en l\u00ednea.<\/p>\n<ul class=\"list-inline\">\n<li><a class=\"btn btn-primary btn-green\" href=\"https:\/\/emedpay.net\/\" target=\"_blank\" rel=\"noopener\">Pagar con estado de cuenta<\/a><\/li>\n<li><a class=\"btn btn-primary btn-green\" href=\"https:\/\/premiermedicalgrp.com\/Premier-Medical-Group-Order-Form.html\" target=\"_blank\" rel=\"noopener\">Pagar sin estado de cuenta<\/a><\/li>\n<\/ul>\n<p>Si tiene alguna pregunta sobre su pago, ll\u00e1menos al <a href=\"tel:12514708829\">251.470.8829<\/a>.<\/p>","protected":false},"excerpt":{"rendered":"<p>At Premier Medical, we offer the convenience of paying your bill online. Pay With Statement Pay Without Statement If you have any questions regarding your payment, please call us at 251.470.8829.<\/p>","protected":false},"author":18,"featured_media":0,"parent":0,"menu_order":0,"comment_status":"closed","ping_status":"closed","template":"","meta":{"_acf_changed":false,"footnotes":""},"class_list":["post-7300","page","type-page","status-publish","hentry"],"acf":[],"yoast_head":"<!-- This site is optimized with the Yoast SEO plugin v27.4 - https:\/\/yoast.com\/product\/yoast-seo-wordpress\/ -->\n<title>Pay My Bill - Premier Medical Group | Eye &amp; ENT Specialists<\/title>\n<meta name=\"robots\" content=\"index, follow, max-snippet:-1, max-image-preview:large, max-video-preview:-1\" \/>\n<link rel=\"canonical\" href=\"https:\/\/premiermedicalgrp.com\/es\/pay-my-bill\/\" \/>\n<meta property=\"og:locale\" content=\"es_MX\" \/>\n<meta property=\"og:type\" content=\"article\" \/>\n<meta property=\"og:title\" content=\"Pay My Bill - Premier Medical Group | Eye &amp; ENT Specialists\" \/>\n<meta property=\"og:description\" content=\"At Premier Medical, we offer the convenience of paying your bill online. Pay With Statement Pay Without Statement If you have any questions regarding your payment, please call us at 251.470.8829.\" \/>\n<meta property=\"og:url\" content=\"https:\/\/premiermedicalgrp.com\/es\/pay-my-bill\/\" \/>\n<meta property=\"og:site_name\" content=\"Premier Medical Group | Eye &amp; ENT Specialists\" \/>\n<meta property=\"article:modified_time\" content=\"2024-05-30T15:29:55+00:00\" \/>\n<meta name=\"twitter:label1\" content=\"Est. reading time\" \/>\n\t<meta name=\"twitter:data1\" content=\"1 minuto\" \/>\n<script type=\"application\/ld+json\" class=\"yoast-schema-graph\">{\"@context\":\"https:\\\/\\\/schema.org\",\"@graph\":[{\"@type\":\"WebPage\",\"@id\":\"https:\\\/\\\/premiermedicalgrp.com\\\/pay-my-bill\\\/\",\"url\":\"https:\\\/\\\/premiermedicalgrp.com\\\/pay-my-bill\\\/\",\"name\":\"Pay My Bill - Premier Medical Group | Eye &amp; ENT Specialists\",\"isPartOf\":{\"@id\":\"https:\\\/\\\/pmg2024.wpenginepowered.com\\\/#website\"},\"datePublished\":\"2023-09-18T21:26:24+00:00\",\"dateModified\":\"2024-05-30T15:29:55+00:00\",\"breadcrumb\":{\"@id\":\"https:\\\/\\\/premiermedicalgrp.com\\\/pay-my-bill\\\/#breadcrumb\"},\"inLanguage\":\"es\",\"potentialAction\":[{\"@type\":\"ReadAction\",\"target\":[\"https:\\\/\\\/premiermedicalgrp.com\\\/pay-my-bill\\\/\"]}]},{\"@type\":\"BreadcrumbList\",\"@id\":\"https:\\\/\\\/premiermedicalgrp.com\\\/pay-my-bill\\\/#breadcrumb\",\"itemListElement\":[{\"@type\":\"ListItem\",\"position\":1,\"name\":\"Home\",\"item\":\"https:\\\/\\\/premiermedicalgrp.com\\\/\"},{\"@type\":\"ListItem\",\"position\":2,\"name\":\"Pay My Bill\"}]},{\"@type\":\"WebSite\",\"@id\":\"https:\\\/\\\/pmg2024.wpenginepowered.com\\\/#website\",\"url\":\"https:\\\/\\\/pmg2024.wpenginepowered.com\\\/\",\"name\":\"Premier Medical Group | Eye &amp; ENT Specialists\",\"description\":\"Premier Medical Group | Eye &amp; ENT Specialists\",\"potentialAction\":[{\"@type\":\"SearchAction\",\"target\":{\"@type\":\"EntryPoint\",\"urlTemplate\":\"https:\\\/\\\/pmg2024.wpenginepowered.com\\\/?s={search_term_string}\"},\"query-input\":{\"@type\":\"PropertyValueSpecification\",\"valueRequired\":true,\"valueName\":\"search_term_string\"}}],\"inLanguage\":\"es\"}]}<\/script>\n<!-- \/ Yoast SEO plugin. -->","yoast_head_json":{"title":"Pay My Bill - Premier Medical Group | Eye &amp; ENT Specialists","robots":{"index":"index","follow":"follow","max-snippet":"max-snippet:-1","max-image-preview":"max-image-preview:large","max-video-preview":"max-video-preview:-1"},"canonical":"https:\/\/premiermedicalgrp.com\/es\/pay-my-bill\/","og_locale":"es_MX","og_type":"article","og_title":"Pay My Bill - Premier Medical Group | Eye &amp; ENT Specialists","og_description":"At Premier Medical, we offer the convenience of paying your bill online. Pay With Statement Pay Without Statement If you have any questions regarding your payment, please call us at 251.470.8829.","og_url":"https:\/\/premiermedicalgrp.com\/es\/pay-my-bill\/","og_site_name":"Premier Medical Group | Eye &amp; ENT Specialists","article_modified_time":"2024-05-30T15:29:55+00:00","twitter_misc":{"Est. reading time":"1 minuto"},"schema":{"@context":"https:\/\/schema.org","@graph":[{"@type":"WebPage","@id":"https:\/\/premiermedicalgrp.com\/pay-my-bill\/","url":"https:\/\/premiermedicalgrp.com\/pay-my-bill\/","name":"Pay My Bill - Premier Medical Group | Eye &amp; ENT Specialists","isPartOf":{"@id":"https:\/\/pmg2024.wpenginepowered.com\/#website"},"datePublished":"2023-09-18T21:26:24+00:00","dateModified":"2024-05-30T15:29:55+00:00","breadcrumb":{"@id":"https:\/\/premiermedicalgrp.com\/pay-my-bill\/#breadcrumb"},"inLanguage":"es","potentialAction":[{"@type":"ReadAction","target":["https:\/\/premiermedicalgrp.com\/pay-my-bill\/"]}]},{"@type":"BreadcrumbList","@id":"https:\/\/premiermedicalgrp.com\/pay-my-bill\/#breadcrumb","itemListElement":[{"@type":"ListItem","position":1,"name":"Home","item":"https:\/\/premiermedicalgrp.com\/"},{"@type":"ListItem","position":2,"name":"Pay My Bill"}]},{"@type":"WebSite","@id":"https:\/\/pmg2024.wpenginepowered.com\/#website","url":"https:\/\/pmg2024.wpenginepowered.com\/","name":"Premier Medical Group | Especialistas en otorrinolaringolog\u00eda y oftalmolog\u00eda","description":"Premier Medical Group | Especialistas en otorrinolaringolog\u00eda y oftalmolog\u00eda","potentialAction":[{"@type":"SearchAction","target":{"@type":"EntryPoint","urlTemplate":"https:\/\/pmg2024.wpenginepowered.com\/?s={search_term_string}"},"query-input":{"@type":"PropertyValueSpecification","valueRequired":true,"valueName":"search_term_string"}}],"inLanguage":"es"}]}},"_links":{"self":[{"href":"https:\/\/premiermedicalgrp.com\/es\/wp-json\/wp\/v2\/pages\/7300","targetHints":{"allow":["GET"]}}],"collection":[{"href":"https:\/\/premiermedicalgrp.com\/es\/wp-json\/wp\/v2\/pages"}],"about":[{"href":"https:\/\/premiermedicalgrp.com\/es\/wp-json\/wp\/v2\/types\/page"}],"author":[{"embeddable":true,"href":"https:\/\/premiermedicalgrp.com\/es\/wp-json\/wp\/v2\/users\/18"}],"replies":[{"embeddable":true,"href":"https:\/\/premiermedicalgrp.com\/es\/wp-json\/wp\/v2\/comments?post=7300"}],"version-history":[{"count":0,"href":"https:\/\/premiermedicalgrp.com\/es\/wp-json\/wp\/v2\/pages\/7300\/revisions"}],"wp:attachment":[{"href":"https:\/\/premiermedicalgrp.com\/es\/wp-json\/wp\/v2\/media?parent=7300"}],"curies":[{"name":"wp","href":"https:\/\/api.w.org\/{rel}","templated":true}]}}