{"id":74,"date":"2013-12-27T19:45:58","date_gmt":"2013-12-27T19:45:58","guid":{"rendered":"\/?page_id=74"},"modified":"2025-11-10T11:26:45","modified_gmt":"2025-11-10T17:26:45","slug":"patient-resources","status":"publish","type":"page","link":"https:\/\/premiermedicalgrp.com\/es\/patient-resources\/","title":{"rendered":"Recursos para pacientes"},"content":{"rendered":"<p><span style=\"color: #000000;\">En Premier Medical queremos que todos nuestros pacientes est\u00e9n bien informados y preparados para su visita. Nuestra secci\u00f3n de Informaci\u00f3n y recursos para pacientes le ofrece todo lo que necesita. Puede solicitar una cita, encontrar un formulario o conocer los seguros aceptados y nuestra p\u00f3liza de seguros. Haga clic en el enlace a continuaci\u00f3n para comenzar.<\/span><\/p>\n<ul>\n<li style=\"list-style-type: none\">\n<ul>\n<li><a href=\"http:\/\/premiermedicalgrp.com\/es\/patient-resources\/appointments\/\">Solicitar una cita<\/a><\/li>\n<li><a href=\"http:\/\/premiermedicalgrp.com\/es\/patient-resources\/first-visit\/\">Su primera visita<\/a><\/li>\n<li><a href=\"http:\/\/premiermedicalgrp.com\/es\/patient-resources\/insurance-info\/\">Informaci\u00f3n del seguro<\/a><\/li>\n<li><a href=\"http:\/\/premiermedicalgrp.com\/es\/patient-resources\/policies\/\">Pol\u00edticas<\/a><\/li>\n<li><a href=\"http:\/\/premiermedicalgrp.com\/es\/patient-resources\/carecredit-healthcare-financing\/\">Financiaci\u00f3n de atenci\u00f3n m\u00e9dica CareCredit<\/a><\/li>\n<\/ul>\n<\/li>\n<\/ul>\n<p>&nbsp;<\/p>","protected":false},"excerpt":{"rendered":"<p>At Premier Medical we want all of our patients to be well informed and prepared on their visit.\u00a0Our Patient Info and Resources section provides you with everything you need. You can request an appointment, find a form, or learn about accepted insurance and our insurance policy. Click a link below to begin. Request an Appointment [&hellip;]<\/p>\n","protected":false},"author":1,"featured_media":0,"parent":0,"menu_order":11,"comment_status":"closed","ping_status":"closed","template":"","meta":{"_acf_changed":false,"footnotes":""},"class_list":["post-74","page","type-page","status-publish","hentry"],"acf":[],"yoast_head":"<!-- This site is optimized with the Yoast SEO plugin v27.5 - https:\/\/yoast.com\/product\/yoast-seo-wordpress\/ -->\n<title>Before You Visit - Premier Medical Group - Patient Forms, Insurance<\/title>\n<meta name=\"description\" content=\"Find everything you need for your next visit to Premier Medical Group. Set an appointment, find a form, or have your insurance questions answered.\" \/>\n<meta name=\"robots\" content=\"index, follow, max-snippet:-1, max-image-preview:large, max-video-preview:-1\" \/>\n<link rel=\"canonical\" href=\"https:\/\/premiermedicalgrp.com\/es\/patient-resources\/\" \/>\n<meta property=\"og:locale\" content=\"es_MX\" \/>\n<meta property=\"og:type\" content=\"article\" \/>\n<meta property=\"og:title\" content=\"Before You Visit - Premier Medical Group - Patient Forms, Insurance\" \/>\n<meta property=\"og:description\" content=\"Find everything you need for your next visit to Premier Medical Group. Set an appointment, find a form, or have your insurance questions answered.\" \/>\n<meta property=\"og:url\" content=\"https:\/\/premiermedicalgrp.com\/es\/patient-resources\/\" \/>\n<meta property=\"og:site_name\" content=\"Premier Medical Group | Eye &amp; ENT Specialists\" \/>\n<meta property=\"article:modified_time\" content=\"2025-11-10T17:26:45+00:00\" \/>\n<meta name=\"twitter:label1\" content=\"Est. reading time\" \/>\n\t<meta name=\"twitter:data1\" content=\"1 minuto\" \/>\n<script type=\"application\/ld+json\" class=\"yoast-schema-graph\">{\"@context\":\"https:\\\/\\\/schema.org\",\"@graph\":[{\"@type\":\"WebPage\",\"@id\":\"https:\\\/\\\/premiermedicalgrp.com\\\/patient-resources\\\/\",\"url\":\"https:\\\/\\\/premiermedicalgrp.com\\\/patient-resources\\\/\",\"name\":\"Before You Visit - Premier Medical Group - Patient Forms, Insurance\",\"isPartOf\":{\"@id\":\"https:\\\/\\\/pmg2024.wpenginepowered.com\\\/#website\"},\"datePublished\":\"2013-12-27T19:45:58+00:00\",\"dateModified\":\"2025-11-10T17:26:45+00:00\",\"description\":\"Find everything you need for your next visit to Premier Medical Group. Set an appointment, find a form, or have your insurance questions answered.\",\"breadcrumb\":{\"@id\":\"https:\\\/\\\/premiermedicalgrp.com\\\/patient-resources\\\/#breadcrumb\"},\"inLanguage\":\"es\",\"potentialAction\":[{\"@type\":\"ReadAction\",\"target\":[\"https:\\\/\\\/premiermedicalgrp.com\\\/patient-resources\\\/\"]}]},{\"@type\":\"BreadcrumbList\",\"@id\":\"https:\\\/\\\/premiermedicalgrp.com\\\/patient-resources\\\/#breadcrumb\",\"itemListElement\":[{\"@type\":\"ListItem\",\"position\":1,\"name\":\"Home\",\"item\":\"https:\\\/\\\/premiermedicalgrp.com\\\/\"},{\"@type\":\"ListItem\",\"position\":2,\"name\":\"Patient Resources\"}]},{\"@type\":\"WebSite\",\"@id\":\"https:\\\/\\\/pmg2024.wpenginepowered.com\\\/#website\",\"url\":\"https:\\\/\\\/pmg2024.wpenginepowered.com\\\/\",\"name\":\"Premier Medical Group | Eye &amp; ENT Specialists\",\"description\":\"Premier Medical Group | Eye &amp; ENT Specialists\",\"potentialAction\":[{\"@type\":\"SearchAction\",\"target\":{\"@type\":\"EntryPoint\",\"urlTemplate\":\"https:\\\/\\\/pmg2024.wpenginepowered.com\\\/?s={search_term_string}\"},\"query-input\":{\"@type\":\"PropertyValueSpecification\",\"valueRequired\":true,\"valueName\":\"search_term_string\"}}],\"inLanguage\":\"es\"}]}<\/script>\n<!-- \/ Yoast SEO plugin. -->","yoast_head_json":{"title":"Before You Visit - Premier Medical Group - Patient Forms, Insurance","description":"Find everything you need for your next visit to Premier Medical Group. Set an appointment, find a form, or have your insurance questions answered.","robots":{"index":"index","follow":"follow","max-snippet":"max-snippet:-1","max-image-preview":"max-image-preview:large","max-video-preview":"max-video-preview:-1"},"canonical":"https:\/\/premiermedicalgrp.com\/es\/patient-resources\/","og_locale":"es_MX","og_type":"article","og_title":"Before You Visit - Premier Medical Group - Patient Forms, Insurance","og_description":"Find everything you need for your next visit to Premier Medical Group. Set an appointment, find a form, or have your insurance questions answered.","og_url":"https:\/\/premiermedicalgrp.com\/es\/patient-resources\/","og_site_name":"Premier Medical Group | Eye &amp; ENT Specialists","article_modified_time":"2025-11-10T17:26:45+00:00","twitter_misc":{"Est. reading time":"1 minuto"},"schema":{"@context":"https:\/\/schema.org","@graph":[{"@type":"WebPage","@id":"https:\/\/premiermedicalgrp.com\/patient-resources\/","url":"https:\/\/premiermedicalgrp.com\/patient-resources\/","name":"Before You Visit - Premier Medical Group - Patient Forms, Insurance","isPartOf":{"@id":"https:\/\/pmg2024.wpenginepowered.com\/#website"},"datePublished":"2013-12-27T19:45:58+00:00","dateModified":"2025-11-10T17:26:45+00:00","description":"Find everything you need for your next visit to Premier Medical Group. Set an appointment, find a form, or have your insurance questions answered.","breadcrumb":{"@id":"https:\/\/premiermedicalgrp.com\/patient-resources\/#breadcrumb"},"inLanguage":"es","potentialAction":[{"@type":"ReadAction","target":["https:\/\/premiermedicalgrp.com\/patient-resources\/"]}]},{"@type":"BreadcrumbList","@id":"https:\/\/premiermedicalgrp.com\/patient-resources\/#breadcrumb","itemListElement":[{"@type":"ListItem","position":1,"name":"Home","item":"https:\/\/premiermedicalgrp.com\/"},{"@type":"ListItem","position":2,"name":"Patient Resources"}]},{"@type":"WebSite","@id":"https:\/\/pmg2024.wpenginepowered.com\/#website","url":"https:\/\/pmg2024.wpenginepowered.com\/","name":"Premier Medical Group | Especialistas en otorrinolaringolog\u00eda y oftalmolog\u00eda","description":"Premier Medical Group | Especialistas en otorrinolaringolog\u00eda y oftalmolog\u00eda","potentialAction":[{"@type":"SearchAction","target":{"@type":"EntryPoint","urlTemplate":"https:\/\/pmg2024.wpenginepowered.com\/?s={search_term_string}"},"query-input":{"@type":"PropertyValueSpecification","valueRequired":true,"valueName":"search_term_string"}}],"inLanguage":"es"}]}},"_links":{"self":[{"href":"https:\/\/premiermedicalgrp.com\/es\/wp-json\/wp\/v2\/pages\/74","targetHints":{"allow":["GET"]}}],"collection":[{"href":"https:\/\/premiermedicalgrp.com\/es\/wp-json\/wp\/v2\/pages"}],"about":[{"href":"https:\/\/premiermedicalgrp.com\/es\/wp-json\/wp\/v2\/types\/page"}],"author":[{"embeddable":true,"href":"https:\/\/premiermedicalgrp.com\/es\/wp-json\/wp\/v2\/users\/1"}],"replies":[{"embeddable":true,"href":"https:\/\/premiermedicalgrp.com\/es\/wp-json\/wp\/v2\/comments?post=74"}],"version-history":[{"count":0,"href":"https:\/\/premiermedicalgrp.com\/es\/wp-json\/wp\/v2\/pages\/74\/revisions"}],"wp:attachment":[{"href":"https:\/\/premiermedicalgrp.com\/es\/wp-json\/wp\/v2\/media?parent=74"}],"curies":[{"name":"wp","href":"https:\/\/api.w.org\/{rel}","templated":true}]}}