{"id":781,"date":"2014-03-31T18:58:21","date_gmt":"2014-03-31T23:58:21","guid":{"rendered":"\/~prm\/?page_id=781"},"modified":"2021-02-12T17:02:29","modified_gmt":"2021-02-12T23:02:29","slug":"gross-helton","status":"publish","type":"page","link":"https:\/\/premiermedicalgrp.com\/es\/contact\/satellite-locations\/monroeville\/gross-helton\/","title":{"rendered":"Atenci\u00f3n oftalmol\u00f3gica en Monroeville"},"content":{"rendered":"<p>3016 S. Alabama Ave.<br \/>\nMonroeville, Alabama 36460<br \/>\nTel\u00e9fono: 251.470.8844<\/p>\n<p><iframe loading=\"lazy\" style=\"border: 0;\" src=\"https:\/\/www.google.com\/maps\/embed?pb=!1m18!1m12!1m3!1d3402.383268616367!2d-87.32949248485023!3d31.48614738138096!2m3!1f0!2f0!3f0!3m2!1i1024!2i768!4f13.1!3m3!1m2!1s0x88901ba4a1c997db%3A0x604a6c76a74deab7!2s3016+S+Alabama+Ave%2C+Monroeville%2C+AL+36460!5e0!3m2!1sen!2sus!4v1539098165561\" width=\"745\" height=\"400\" frameborder=\"0\" allowfullscreen=\"allowfullscreen\"><\/iframe><\/p>\n<p><a href=\" https:\/\/goo.gl\/maps\/t8O7I\">Ver direcci\u00f3n en Google Maps<\/a><\/p>\n<h3>M\u00e9dico de ojos<\/h3>\n<ul>\n<li><a href=\"https:\/\/premiermedicalgrp.com\/es\/physicians\/ryan-c-burton-md\/\">Dr. Ryan C. Burton<\/a><\/li>\n<\/ul>","protected":false},"excerpt":{"rendered":"<p>3016 S. Alabama Ave. Monroeville, AL 36460 Tel:251.470.8844 View Address in Google Maps EYE Doctor Ryan C. Burton, MD<\/p>","protected":false},"author":1,"featured_media":0,"parent":1576,"menu_order":133,"comment_status":"closed","ping_status":"closed","template":"","meta":{"_acf_changed":false,"footnotes":""},"class_list":["post-781","page","type-page","status-publish","hentry"],"acf":[],"yoast_head":"<!-- This site is optimized with the Yoast SEO plugin v27.4 - https:\/\/yoast.com\/product\/yoast-seo-wordpress\/ -->\n<title>Monroeville Eye Care - Premier Medical Group - Monroe Ave, Alabama<\/title>\n<meta name=\"description\" content=\"Find us at our Monroe County office in Monroeville, located at 3016 S. Alabama Ave. Having trouble finding us? Click here to view us on the map!\" \/>\n<meta name=\"robots\" content=\"index, follow, max-snippet:-1, max-image-preview:large, max-video-preview:-1\" \/>\n<link rel=\"canonical\" href=\"https:\/\/premiermedicalgrp.com\/es\/contact\/satellite-locations\/monroeville\/gross-helton\/\" \/>\n<meta property=\"og:locale\" content=\"es_MX\" \/>\n<meta property=\"og:type\" content=\"article\" \/>\n<meta property=\"og:title\" content=\"Monroeville Eye Care - Premier Medical Group - Monroe Ave, Alabama\" \/>\n<meta property=\"og:description\" content=\"Find us at our Monroe County office in Monroeville, located at 3016 S. Alabama Ave. Having trouble finding us? Click here to view us on the map!\" \/>\n<meta property=\"og:url\" content=\"https:\/\/premiermedicalgrp.com\/es\/contact\/satellite-locations\/monroeville\/gross-helton\/\" \/>\n<meta property=\"og:site_name\" content=\"Premier Medical Group | Eye &amp; ENT Specialists\" \/>\n<meta property=\"article:modified_time\" content=\"2021-02-12T23:02:29+00:00\" \/>\n<script type=\"application\/ld+json\" class=\"yoast-schema-graph\">{\"@context\":\"https:\\\/\\\/schema.org\",\"@graph\":[{\"@type\":\"WebPage\",\"@id\":\"https:\\\/\\\/premiermedicalgrp.com\\\/contact\\\/satellite-locations\\\/monroeville\\\/gross-helton\\\/\",\"url\":\"https:\\\/\\\/premiermedicalgrp.com\\\/contact\\\/satellite-locations\\\/monroeville\\\/gross-helton\\\/\",\"name\":\"Monroeville Eye Care - Premier Medical Group - Monroe Ave, Alabama\",\"isPartOf\":{\"@id\":\"https:\\\/\\\/pmg2024.wpenginepowered.com\\\/#website\"},\"datePublished\":\"2014-03-31T23:58:21+00:00\",\"dateModified\":\"2021-02-12T23:02:29+00:00\",\"description\":\"Find us at our Monroe County office in Monroeville, located at 3016 S. Alabama Ave. Having trouble finding us? Click here to view us on the map!\",\"breadcrumb\":{\"@id\":\"https:\\\/\\\/premiermedicalgrp.com\\\/contact\\\/satellite-locations\\\/monroeville\\\/gross-helton\\\/#breadcrumb\"},\"inLanguage\":\"es\",\"potentialAction\":[{\"@type\":\"ReadAction\",\"target\":[\"https:\\\/\\\/premiermedicalgrp.com\\\/contact\\\/satellite-locations\\\/monroeville\\\/gross-helton\\\/\"]}]},{\"@type\":\"BreadcrumbList\",\"@id\":\"https:\\\/\\\/premiermedicalgrp.com\\\/contact\\\/satellite-locations\\\/monroeville\\\/gross-helton\\\/#breadcrumb\",\"itemListElement\":[{\"@type\":\"ListItem\",\"position\":1,\"name\":\"Home\",\"item\":\"https:\\\/\\\/premiermedicalgrp.com\\\/\"},{\"@type\":\"ListItem\",\"position\":2,\"name\":\"Locations\",\"item\":\"https:\\\/\\\/premiermedicalgrp.com\\\/contact\\\/\"},{\"@type\":\"ListItem\",\"position\":3,\"name\":\"Other Locations\",\"item\":\"https:\\\/\\\/premiermedicalgrp.com\\\/contact\\\/satellite-locations\\\/\"},{\"@type\":\"ListItem\",\"position\":4,\"name\":\"Monroeville\",\"item\":\"https:\\\/\\\/premiermedicalgrp.com\\\/?page_id=1576\"},{\"@type\":\"ListItem\",\"position\":5,\"name\":\"Monroeville Eye Care\"}]},{\"@type\":\"WebSite\",\"@id\":\"https:\\\/\\\/pmg2024.wpenginepowered.com\\\/#website\",\"url\":\"https:\\\/\\\/pmg2024.wpenginepowered.com\\\/\",\"name\":\"Premier Medical Group | Eye &amp; ENT Specialists\",\"description\":\"Premier Medical Group | Eye &amp; ENT Specialists\",\"potentialAction\":[{\"@type\":\"SearchAction\",\"target\":{\"@type\":\"EntryPoint\",\"urlTemplate\":\"https:\\\/\\\/pmg2024.wpenginepowered.com\\\/?s={search_term_string}\"},\"query-input\":{\"@type\":\"PropertyValueSpecification\",\"valueRequired\":true,\"valueName\":\"search_term_string\"}}],\"inLanguage\":\"es\"}]}<\/script>\n<!-- \/ Yoast SEO plugin. -->","yoast_head_json":{"title":"Monroeville Eye Care - Premier Medical Group - Monroe Ave, Alabama","description":"Find us at our Monroe County office in Monroeville, located at 3016 S. Alabama Ave. Having trouble finding us? Click here to view us on the map!","robots":{"index":"index","follow":"follow","max-snippet":"max-snippet:-1","max-image-preview":"max-image-preview:large","max-video-preview":"max-video-preview:-1"},"canonical":"https:\/\/premiermedicalgrp.com\/es\/contact\/satellite-locations\/monroeville\/gross-helton\/","og_locale":"es_MX","og_type":"article","og_title":"Monroeville Eye Care - Premier Medical Group - Monroe Ave, Alabama","og_description":"Find us at our Monroe County office in Monroeville, located at 3016 S. Alabama Ave. Having trouble finding us? Click here to view us on the map!","og_url":"https:\/\/premiermedicalgrp.com\/es\/contact\/satellite-locations\/monroeville\/gross-helton\/","og_site_name":"Premier Medical Group | Eye &amp; ENT Specialists","article_modified_time":"2021-02-12T23:02:29+00:00","schema":{"@context":"https:\/\/schema.org","@graph":[{"@type":"WebPage","@id":"https:\/\/premiermedicalgrp.com\/contact\/satellite-locations\/monroeville\/gross-helton\/","url":"https:\/\/premiermedicalgrp.com\/contact\/satellite-locations\/monroeville\/gross-helton\/","name":"Monroeville Eye Care - Premier Medical Group - Monroe Ave, Alabama","isPartOf":{"@id":"https:\/\/pmg2024.wpenginepowered.com\/#website"},"datePublished":"2014-03-31T23:58:21+00:00","dateModified":"2021-02-12T23:02:29+00:00","description":"Find us at our Monroe County office in Monroeville, located at 3016 S. Alabama Ave. Having trouble finding us? Click here to view us on the map!","breadcrumb":{"@id":"https:\/\/premiermedicalgrp.com\/contact\/satellite-locations\/monroeville\/gross-helton\/#breadcrumb"},"inLanguage":"es","potentialAction":[{"@type":"ReadAction","target":["https:\/\/premiermedicalgrp.com\/contact\/satellite-locations\/monroeville\/gross-helton\/"]}]},{"@type":"BreadcrumbList","@id":"https:\/\/premiermedicalgrp.com\/contact\/satellite-locations\/monroeville\/gross-helton\/#breadcrumb","itemListElement":[{"@type":"ListItem","position":1,"name":"Home","item":"https:\/\/premiermedicalgrp.com\/"},{"@type":"ListItem","position":2,"name":"Locations","item":"https:\/\/premiermedicalgrp.com\/contact\/"},{"@type":"ListItem","position":3,"name":"Other Locations","item":"https:\/\/premiermedicalgrp.com\/contact\/satellite-locations\/"},{"@type":"ListItem","position":4,"name":"Monroeville","item":"https:\/\/premiermedicalgrp.com\/?page_id=1576"},{"@type":"ListItem","position":5,"name":"Monroeville Eye Care"}]},{"@type":"WebSite","@id":"https:\/\/pmg2024.wpenginepowered.com\/#website","url":"https:\/\/pmg2024.wpenginepowered.com\/","name":"Premier Medical Group | Especialistas en otorrinolaringolog\u00eda y oftalmolog\u00eda","description":"Premier Medical Group | Especialistas en otorrinolaringolog\u00eda y oftalmolog\u00eda","potentialAction":[{"@type":"SearchAction","target":{"@type":"EntryPoint","urlTemplate":"https:\/\/pmg2024.wpenginepowered.com\/?s={search_term_string}"},"query-input":{"@type":"PropertyValueSpecification","valueRequired":true,"valueName":"search_term_string"}}],"inLanguage":"es"}]}},"_links":{"self":[{"href":"https:\/\/premiermedicalgrp.com\/es\/wp-json\/wp\/v2\/pages\/781","targetHints":{"allow":["GET"]}}],"collection":[{"href":"https:\/\/premiermedicalgrp.com\/es\/wp-json\/wp\/v2\/pages"}],"about":[{"href":"https:\/\/premiermedicalgrp.com\/es\/wp-json\/wp\/v2\/types\/page"}],"author":[{"embeddable":true,"href":"https:\/\/premiermedicalgrp.com\/es\/wp-json\/wp\/v2\/users\/1"}],"replies":[{"embeddable":true,"href":"https:\/\/premiermedicalgrp.com\/es\/wp-json\/wp\/v2\/comments?post=781"}],"version-history":[{"count":0,"href":"https:\/\/premiermedicalgrp.com\/es\/wp-json\/wp\/v2\/pages\/781\/revisions"}],"up":[{"embeddable":true,"href":"https:\/\/premiermedicalgrp.com\/es\/wp-json\/wp\/v2\/pages\/1576"}],"wp:attachment":[{"href":"https:\/\/premiermedicalgrp.com\/es\/wp-json\/wp\/v2\/media?parent=781"}],"curies":[{"name":"wp","href":"https:\/\/api.w.org\/{rel}","templated":true}]}}