{"id":91,"date":"2013-12-30T16:54:08","date_gmt":"2013-12-30T16:54:08","guid":{"rendered":"\/?page_id=91"},"modified":"2017-11-30T15:26:29","modified_gmt":"2017-11-30T21:26:29","slug":"insurance-info","status":"publish","type":"page","link":"https:\/\/premiermedicalgrp.com\/es\/patient-resources\/insurance-info\/","title":{"rendered":"Informaci\u00f3n del seguro"},"content":{"rendered":"<p><span style=\"color: #000000;\">Traiga sus tarjetas de seguro cuando venga a la oficina. Contendr\u00e1n toda la informaci\u00f3n que necesitamos para presentar su reclamo.<\/span><\/p>\n<p><span style=\"color: #000000;\">Premier Medical participa en numerosos planes de seguro, solo por nombrar algunos:<\/span><\/p>\n<ul>\n<li><span style=\"color: #000000;\"><strong>Seguro m\u00e9dico del estado<\/strong><\/span><\/li>\n<li><span style=\"color: #000000;\"><strong>Cruz Azul Escudo Azul<\/strong><\/span><\/li>\n<li><span style=\"color: #000000;\"><strong>Atenci\u00f3n sanitaria unida<\/strong><\/span><\/li>\n<li><span style=\"color: #000000;\"><strong>Aetna<\/strong><\/span><\/li>\n<li><span style=\"color: #000000;\"><strong>Cigna<\/strong><\/span><\/li>\n<li><span style=\"color: #000000;\"><strong>Plan de servicio de la visi\u00f3n<\/strong><\/span><\/li>\n<li><span style=\"color: #000000;\"><strong>Plan de cuidado de la vista<\/strong><\/span><\/li>\n<li><span style=\"color: #000000;\"><strong>Visi\u00f3n superior<\/strong><\/span><\/li>\n<li><span style=\"color: #000000;\"><strong>Ventaja de Medicare<\/strong><\/span><\/li>\n<li><span style=\"color: #000000;\"><strong>Viva<\/strong><\/span><\/li>\n<li><span style=\"color: #000000;\"><strong>Elecci\u00f3n de salud de Alabama<\/strong><\/span><\/li>\n<li><span style=\"color: #000000;\"><strong>Red de atenci\u00f3n m\u00e9dica de Mississippi<\/strong><\/span><\/li>\n<li><span style=\"color: #000000;\"><strong>Visi\u00f3n en bloque<\/strong><\/span><\/li>\n<li><span style=\"color: #000000;\"><strong>Medicina ocular<\/strong><\/span><\/li>\n<li><span style=\"color: #000000;\"><strong>Proveedor autorizado\/certificado de Tricare<\/strong><\/span><\/li>\n<\/ul>\n<p><span style=\"color: #000000;\">Comun\u00edquese con su compa\u00f1\u00eda de seguros para determinar sus beneficios espec\u00edficos.<\/span><\/p>\n<p><span style=\"color: #000000;\">La participaci\u00f3n del m\u00e9dico puede variar seg\u00fan el plan.<\/span><\/p>","protected":false},"excerpt":{"rendered":"<p>Please bring your insurance cards with you when you come to the office. It will contain all the information we need to file your claim. Premier Medical participates in numerous insurance plans, just to name a few: Medicare Blue Cross Blue Shield United Healthcare Aetna Cigna Vision Service Plan Vision Care Plan Superior Vision Medicare [&hellip;]<\/p>\n","protected":false},"author":1,"featured_media":0,"parent":74,"menu_order":17,"comment_status":"closed","ping_status":"closed","template":"","meta":{"_acf_changed":false,"footnotes":""},"class_list":["post-91","page","type-page","status-publish","hentry"],"acf":[],"yoast_head":"<!-- This site is optimized with the Yoast SEO plugin v27.5 - https:\/\/yoast.com\/product\/yoast-seo-wordpress\/ -->\n<title>Insurance Information - Premier Medical Group - Plan, Claims ...<\/title>\n<meta name=\"description\" content=\"When you come to visit, bring your insurance card so that you can file a claim. Premier Medical participates in numerous insurance plans, here are some.\" \/>\n<meta name=\"robots\" content=\"index, follow, max-snippet:-1, max-image-preview:large, max-video-preview:-1\" \/>\n<link rel=\"canonical\" href=\"https:\/\/premiermedicalgrp.com\/es\/patient-resources\/insurance-info\/\" \/>\n<meta property=\"og:locale\" content=\"es_MX\" \/>\n<meta property=\"og:type\" content=\"article\" \/>\n<meta property=\"og:title\" content=\"Insurance Information - Premier Medical Group - Plan, Claims ...\" \/>\n<meta property=\"og:description\" content=\"When you come to visit, bring your insurance card so that you can file a claim. Premier Medical participates in numerous insurance plans, here are some.\" \/>\n<meta property=\"og:url\" content=\"https:\/\/premiermedicalgrp.com\/es\/patient-resources\/insurance-info\/\" \/>\n<meta property=\"og:site_name\" content=\"Premier Medical Group | Eye &amp; ENT Specialists\" \/>\n<meta property=\"article:modified_time\" content=\"2017-11-30T21:26:29+00:00\" \/>\n<script type=\"application\/ld+json\" class=\"yoast-schema-graph\">{\"@context\":\"https:\\\/\\\/schema.org\",\"@graph\":[{\"@type\":\"WebPage\",\"@id\":\"https:\\\/\\\/premiermedicalgrp.com\\\/patient-resources\\\/insurance-info\\\/\",\"url\":\"https:\\\/\\\/premiermedicalgrp.com\\\/patient-resources\\\/insurance-info\\\/\",\"name\":\"Insurance Information - Premier Medical Group - Plan, Claims ...\",\"isPartOf\":{\"@id\":\"https:\\\/\\\/pmg2024.wpenginepowered.com\\\/#website\"},\"datePublished\":\"2013-12-30T16:54:08+00:00\",\"dateModified\":\"2017-11-30T21:26:29+00:00\",\"description\":\"When you come to visit, bring your insurance card so that you can file a claim. Premier Medical participates in numerous insurance plans, here are some.\",\"breadcrumb\":{\"@id\":\"https:\\\/\\\/premiermedicalgrp.com\\\/patient-resources\\\/insurance-info\\\/#breadcrumb\"},\"inLanguage\":\"es\",\"potentialAction\":[{\"@type\":\"ReadAction\",\"target\":[\"https:\\\/\\\/premiermedicalgrp.com\\\/patient-resources\\\/insurance-info\\\/\"]}]},{\"@type\":\"BreadcrumbList\",\"@id\":\"https:\\\/\\\/premiermedicalgrp.com\\\/patient-resources\\\/insurance-info\\\/#breadcrumb\",\"itemListElement\":[{\"@type\":\"ListItem\",\"position\":1,\"name\":\"Home\",\"item\":\"https:\\\/\\\/premiermedicalgrp.com\\\/\"},{\"@type\":\"ListItem\",\"position\":2,\"name\":\"Patient Resources\",\"item\":\"https:\\\/\\\/premiermedicalgrp.com\\\/patient-resources\\\/\"},{\"@type\":\"ListItem\",\"position\":3,\"name\":\"Insurance Information\"}]},{\"@type\":\"WebSite\",\"@id\":\"https:\\\/\\\/pmg2024.wpenginepowered.com\\\/#website\",\"url\":\"https:\\\/\\\/pmg2024.wpenginepowered.com\\\/\",\"name\":\"Premier Medical Group | Eye &amp; ENT Specialists\",\"description\":\"Premier Medical Group | Eye &amp; ENT Specialists\",\"potentialAction\":[{\"@type\":\"SearchAction\",\"target\":{\"@type\":\"EntryPoint\",\"urlTemplate\":\"https:\\\/\\\/pmg2024.wpenginepowered.com\\\/?s={search_term_string}\"},\"query-input\":{\"@type\":\"PropertyValueSpecification\",\"valueRequired\":true,\"valueName\":\"search_term_string\"}}],\"inLanguage\":\"es\"}]}<\/script>\n<!-- \/ Yoast SEO plugin. -->","yoast_head_json":{"title":"Insurance Information - Premier Medical Group - Plan, Claims ...","description":"When you come to visit, bring your insurance card so that you can file a claim. Premier Medical participates in numerous insurance plans, here are some.","robots":{"index":"index","follow":"follow","max-snippet":"max-snippet:-1","max-image-preview":"max-image-preview:large","max-video-preview":"max-video-preview:-1"},"canonical":"https:\/\/premiermedicalgrp.com\/es\/patient-resources\/insurance-info\/","og_locale":"es_MX","og_type":"article","og_title":"Insurance Information - Premier Medical Group - Plan, Claims ...","og_description":"When you come to visit, bring your insurance card so that you can file a claim. Premier Medical participates in numerous insurance plans, here are some.","og_url":"https:\/\/premiermedicalgrp.com\/es\/patient-resources\/insurance-info\/","og_site_name":"Premier Medical Group | Eye &amp; ENT Specialists","article_modified_time":"2017-11-30T21:26:29+00:00","schema":{"@context":"https:\/\/schema.org","@graph":[{"@type":"WebPage","@id":"https:\/\/premiermedicalgrp.com\/patient-resources\/insurance-info\/","url":"https:\/\/premiermedicalgrp.com\/patient-resources\/insurance-info\/","name":"Insurance Information - Premier Medical Group - Plan, Claims ...","isPartOf":{"@id":"https:\/\/pmg2024.wpenginepowered.com\/#website"},"datePublished":"2013-12-30T16:54:08+00:00","dateModified":"2017-11-30T21:26:29+00:00","description":"When you come to visit, bring your insurance card so that you can file a claim. Premier Medical participates in numerous insurance plans, here are some.","breadcrumb":{"@id":"https:\/\/premiermedicalgrp.com\/patient-resources\/insurance-info\/#breadcrumb"},"inLanguage":"es","potentialAction":[{"@type":"ReadAction","target":["https:\/\/premiermedicalgrp.com\/patient-resources\/insurance-info\/"]}]},{"@type":"BreadcrumbList","@id":"https:\/\/premiermedicalgrp.com\/patient-resources\/insurance-info\/#breadcrumb","itemListElement":[{"@type":"ListItem","position":1,"name":"Home","item":"https:\/\/premiermedicalgrp.com\/"},{"@type":"ListItem","position":2,"name":"Patient Resources","item":"https:\/\/premiermedicalgrp.com\/patient-resources\/"},{"@type":"ListItem","position":3,"name":"Insurance Information"}]},{"@type":"WebSite","@id":"https:\/\/pmg2024.wpenginepowered.com\/#website","url":"https:\/\/pmg2024.wpenginepowered.com\/","name":"Premier Medical Group | Especialistas en otorrinolaringolog\u00eda y oftalmolog\u00eda","description":"Premier Medical Group | Especialistas en otorrinolaringolog\u00eda y oftalmolog\u00eda","potentialAction":[{"@type":"SearchAction","target":{"@type":"EntryPoint","urlTemplate":"https:\/\/pmg2024.wpenginepowered.com\/?s={search_term_string}"},"query-input":{"@type":"PropertyValueSpecification","valueRequired":true,"valueName":"search_term_string"}}],"inLanguage":"es"}]}},"_links":{"self":[{"href":"https:\/\/premiermedicalgrp.com\/es\/wp-json\/wp\/v2\/pages\/91","targetHints":{"allow":["GET"]}}],"collection":[{"href":"https:\/\/premiermedicalgrp.com\/es\/wp-json\/wp\/v2\/pages"}],"about":[{"href":"https:\/\/premiermedicalgrp.com\/es\/wp-json\/wp\/v2\/types\/page"}],"author":[{"embeddable":true,"href":"https:\/\/premiermedicalgrp.com\/es\/wp-json\/wp\/v2\/users\/1"}],"replies":[{"embeddable":true,"href":"https:\/\/premiermedicalgrp.com\/es\/wp-json\/wp\/v2\/comments?post=91"}],"version-history":[{"count":0,"href":"https:\/\/premiermedicalgrp.com\/es\/wp-json\/wp\/v2\/pages\/91\/revisions"}],"up":[{"embeddable":true,"href":"https:\/\/premiermedicalgrp.com\/es\/wp-json\/wp\/v2\/pages\/74"}],"wp:attachment":[{"href":"https:\/\/premiermedicalgrp.com\/es\/wp-json\/wp\/v2\/media?parent=91"}],"curies":[{"name":"wp","href":"https:\/\/api.w.org\/{rel}","templated":true}]}}