{"id":94,"date":"2013-12-30T16:55:50","date_gmt":"2013-12-30T22:55:50","guid":{"rendered":"\/?page_id=94"},"modified":"2024-10-15T10:08:55","modified_gmt":"2024-10-15T15:08:55","slug":"policies","status":"publish","type":"page","link":"https:\/\/premiermedicalgrp.com\/es\/patient-resources\/policies\/","title":{"rendered":"Pol\u00edticas"},"content":{"rendered":"<p><span style=\"color: #000000;\">Premier Medical se compromete a brindarle la mejor atenci\u00f3n posible y puede hablar con usted sobre nuestros honorarios profesionales en cualquier momento. Es importante para nuestra relaci\u00f3n m\u00e9dico-paciente que lea y comprenda completamente nuestra pol\u00edtica financiera. H\u00e1ganos saber si tiene alguna pregunta sobre su responsabilidad financiera.<\/span><\/p>\n<p><span style=\"color: #000000;\"><em>Los pacientes nuevos deben completar los documentos de registro del paciente y el formulario de historial m\u00e9dico antes de ver al m\u00e9dico. Los pacientes establecidos deben actualizar su informaci\u00f3n al menos una vez al a\u00f1o. Le solicitaremos que muestre su tarjeta de seguro y licencia de conducir en cada visita y escanearemos su tarjeta en nuestro sistema seg\u00fan sea necesario para mantener nuestra informaci\u00f3n actualizada. Los pacientes deben pagar los copagos\/deducibles al finalizar su visita o pueden pagar en l\u00ednea con nuestro nuevo sistema de registro. Puede realizar su pago en efectivo, cheque o con tarjeta de cr\u00e9dito.<\/em><\/span><\/p>\n<h3><span style=\"color: #000000;\"><strong>Copago\/Deducible:<\/strong><\/span><\/h3>\n<p><span style=\"color: #000000;\">Su seguro exige que cobremos el copago y\/o deducible designado al momento del servicio. Est\u00e9 preparado para pagar las tarifas anteriores en cada visita o puede pagarlas en l\u00ednea a trav\u00e9s del enlace que se le envi\u00f3 al programar su cita.<\/span><\/p>\n<h3><span style=\"color: #000000;\"><strong>Pol\u00edtica de no presentaci\u00f3n\/cancelaci\u00f3n:<\/strong><\/span><\/h3>\n<p><span style=\"color: #000000;\">Premier Medical se compromete a brindarles a nuestros pacientes una atenci\u00f3n excepcional, por lo que el tiempo de su cita es valioso y se ha reservado espec\u00edficamente para usted. Le solicitamos que nos avise con 24 horas de anticipaci\u00f3n si necesita cancelar o reprogramar su cita. Si no se presenta o no cancela dentro de las 24 horas, se le cobrar\u00e1 una tarifa.<\/span><\/p>\n<h3><span style=\"color: #000000;\"><strong>Pago Privado:<\/strong><\/span><\/h3>\n<p><span style=\"color: #000000;\">Existen cuentas de pago privadas si un paciente no tiene cobertura de seguro. Para los pacientes nuevos, se espera un pago de $150 el d\u00eda de su cita antes del tratamiento por parte de su m\u00e9dico y el saldo debe abonarse al finalizar la visita. Los pacientes establecidos deber\u00e1n realizar y mantener al d\u00eda todos los acuerdos de pago especificados en su plan de pago individual.<\/span><\/p>\n<h3><span style=\"color: #000000;\"><strong><span style=\"font-size: 1em; line-height: 1.5em;\">Referencias:<\/span><\/strong><\/span><\/h3>\n<p><span style=\"color: #000000;\">Si su plan de seguro (primario o secundario) requiere una remisi\u00f3n de su m\u00e9dico de atenci\u00f3n primaria, es SU responsabilidad obtenerla antes de su cita y tenerla consigo en el momento de la misma. Si no tiene su remisi\u00f3n, es posible que deba reprogramar su cita.<\/span><\/p>\n<h3><span style=\"color: #000000;\"><strong>Compensaci\u00f3n al trabajador:<\/strong><\/span><\/h3>\n<p><span style=\"color: #000000;\">Si est\u00e1 consultando a un m\u00e9dico como resultado de una lesi\u00f3n relacionada con el trabajo, solicite a su empleador que se comunique con nuestro mostrador de citas para programar su cita y brindarle la informaci\u00f3n necesaria.<\/span><\/p>\n<h3><span style=\"color: #000000;\"><strong>Seguro m\u00e9dico del estado:<\/strong><\/span><\/h3>\n<p><span style=\"color: #000000;\">Presentaremos el pago a Medicare por el monto permitido por Medicare. El paciente ser\u00e1 responsable del deducible y el coaseguro, que se pueden facturar a un seguro secundario si corresponde.<\/span><\/p>\n<h3><span style=\"color: #000000;\"><strong>Cargos por cheques devueltos:<\/strong><\/span><\/h3>\n<p><span style=\"color: #000000;\">Cualquier cheque devuelto por el banco por falta de pago (fondos insuficientes) dar\u00e1 lugar a que se aplique a la cuenta del paciente un cargo de $30 por cada cheque devuelto.<\/span><\/p>\n<h3><span style=\"color: #000000;\"><strong>Cuentas morosas:<\/strong><\/span><\/h3>\n<p><span style=\"color: #000000;\">Las cuentas morosas pueden ser asignadas a una agencia de cobranzas. Todos los costos de cobranza se sumar\u00e1n a su saldo pendiente.<\/span><\/p>\n<h3><span style=\"color: #000000;\"><strong>Completar formularios\/Solicitudes de registros m\u00e9dicos:<\/strong><\/span><\/h3>\n<p><span style=\"color: #000000;\">De vez en cuando, ser\u00e1 necesario completar diversos formularios, incluidos, entre otros, los formularios de discapacidad y FMLA. Existe una tarifa nominal por copiar registros m\u00e9dicos de acuerdo con la asignaci\u00f3n estatal.<\/span><\/p>\n<p><span style=\"color: #000000;\">Aceptamos efectivo, MasterCard, Visa, Discover, American Express, tarjetas de d\u00e9bito y cheques.<\/span><\/p>\n<h3><span style=\"color: #000000;\"><strong>Aviso de no discriminaci\u00f3n y accesibilidad ling\u00fc\u00edstica\u00a0<\/strong><\/span><\/h3>\n<p><span style=\"color: #000000;\">Premier Medical cumple con las leyes federales de derechos civiles aplicables y no discrimina por motivos de raza, color, nacionalidad, edad, discapacidad o sexo. Premier Medical no excluye a las personas ni las trata de manera diferente por motivos de raza, color, nacionalidad, edad, discapacidad o sexo.<\/span><\/p>\n<p><span style=\"color: #000000;\">Premier Medical ofrece ayudas y servicios gratuitos a personas con discapacidades para que puedan comunicarse eficazmente con nosotros, como:<\/span><\/p>\n<ul>\n<li><span style=\"color: #000000;\">Int\u00e9rpretes de lengua de se\u00f1as cualificados;<\/span><\/li>\n<li><span style=\"color: #000000;\">Informaci\u00f3n escrita en otros formatos (letra grande, audio, formatos electr\u00f3nicos accesibles, otros formatos);<\/span><\/li>\n<li><span style=\"color: #000000;\">Proporciona servicios ling\u00fc\u00edsticos gratuitos a personas cuyo idioma principal no es el ingl\u00e9s, como:<\/span>\n<ul>\n<li><span style=\"color: #000000;\">Int\u00e9rpretes cualificados de lenguas extranjeras<\/span><\/li>\n<li><span style=\"color: #000000;\">Informaci\u00f3n escrita en otros idiomas<\/span><\/li>\n<\/ul>\n<\/li>\n<\/ul>\n<p><span style=\"color: #000000;\">Si necesita estos servicios, pregunte por el gerente de la oficina. Si cree que Premier Medical no le ha brindado estos servicios o lo ha discriminado de otra manera por motivos de raza, color, origen nacional, edad, discapacidad o sexo, puede presentar una queja ante: James Hartman, 2880 Dauphin Street, Mobile AL 36606 \/ tel\u00e9fono: 251-473-1900 \/ Fax: 251-341-3404. Puede presentar una queja en persona o por correo o fax. Si necesita ayuda para presentar una queja, James Hartman est\u00e1 disponible para ayudarlo.<\/span><\/p>\n<p><span style=\"color: #000000;\">Tambi\u00e9n puede presentar una queja sobre derechos civiles ante el Departamento de Salud y Servicios Humanos de EE. UU., Oficina de Derechos Civiles, electr\u00f3nicamente a trav\u00e9s del Portal de Quejas de la Oficina de Derechos Civiles, disponible en https:\/\/ocrportal.hhs.gov\/ocr\/portal\/lobby.jsf, o por correo o tel\u00e9fono a:<\/span><\/p>\n<p><span style=\"color: #000000;\">Departamento de Salud y Servicios Humanos de los Estados Unidos<\/span><\/p>\n<p><span style=\"color: #000000;\">Avenida Independencia 200, SW<\/span><\/p>\n<p><span style=\"color: #000000;\">Habitaci\u00f3n 509F, Edificio HHH<\/span><\/p>\n<p><span style=\"color: #000000;\">Washington, DC 20201<\/span><\/p>\n<p><span style=\"color: #000000;\">1-800-368-1019, 800-537-7697 (TDD)<\/span><\/p>\n<p><span style=\"color: #000000;\">Los formularios de queja est\u00e1n disponibles en<\/span> <a href=\"http:\/\/www.hhs.gov\/ocr\/office\/file\/index.html\">http:\/\/www.hhs.gov\/ocr\/office\/file\/index.html<\/a>.<\/p>\n<p>&nbsp;<\/p>\n<p><strong>\u00a0<\/strong><strong>SERVICIOS DE INTERPRETACI\u00d3N<\/strong><\/p>\n<p>Premier Medical ha organizado servicios de asistencia ling\u00fc\u00edstica gratuitos. Solicite informaci\u00f3n en la recepci\u00f3n.<\/p>\n<p><strong>INGL\u00c9S<\/strong><\/p>\n<p>Si habla ingl\u00e9s, tendr\u00e1 a su disposici\u00f3n servicios gratuitos de asistencia ling\u00fc\u00edstica.<\/p>\n<p><strong>\u00a0<\/strong><strong>ESPA\u00d1OL<\/strong><\/p>\n<p>Si usted habla espa\u00f1ol, tiene a su disposici\u00f3n servicios de asistencia con el idioma sin costo alguno.<\/p>\n<p><strong>\u00a0<\/strong><strong>COREANO<\/strong><\/p>\n<p>\ubaa8\uad6d\uc5b4\uac00 \ud55c\uad6d\uc5b4\uc77c \uacbd\uc6b0 \ubb34\ub8cc \uc5b8\uc5b4\uc9c0\uc6d0 \uc11c\ube44\uc2a4\uac00 \uc81c\uacf5\ub429\ub2c8\ub2e4.<\/p>\n<p><strong>\u00a0<\/strong><strong>CHINO<\/strong><\/p>\n<p>\u5982\u679c\u60a8\u8bb2\u6c49\u8bed\u666e\u901a\u8bdd\uff0c\u5219\u53ef\u4ee5\u514d\u8d39\u5411\u60a8\u63d0\u4f9b\u8bed\u8a00\u534f\u52a9\u670d\u52a1\u3002<\/p>\n<p><strong>\u00a0<\/strong><strong>VIETNAMITA<\/strong><\/p>\n<p>Ch\u00fang t\u00f4i cung c\u1ea5p d\u1ecbch v\u1ee5 h\u1ed7 tr\u1ee3 ng\u00f4n ng\u1eef mi\u1ec5n ph\u00ed cho qu\u00fd v\u1ecb, n\u1ebfu qu\u00fd v\u1ecb n\u00f3i ti\u1ebfng Vi\u1ec7t.<\/p>\n<p><strong>\u00a0<\/strong><strong>\u00c1RABE<\/strong><\/p>\n<p>\u0625\u0630\u0627 \u0643\u0646\u062a \u062a\u062a\u062d\u062f\u062b \u0627\u0644\u0639\u0631\u0628\u064a\u0629, \u0641\u0633\u062a\u062a\u0648\u0641\u0631 \u0644\u0643 \u062e\u062f\u0645\u0627\u062a \u0627\u0644\u0645\u0633\u0627\u0639\u062f\u0629 \u0627\u0644\u0644\u063a\u0648\u064a\u0629 \u0645\u062c\u0627\u0646\u064b\u0627.<\/p>\n<p><strong>\u00a0<\/strong><strong>ALEM\u00c1N<\/strong><\/p>\n<p>Wenn Sie deutsch sprechen, stehen Ihnen kostenlos Sprachhilfen zur Verf\u00fcgung.<\/p>\n<p><strong>\u00a0<\/strong><strong>FRANC\u00c9S<\/strong><\/p>\n<p>Si su idioma es franc\u00e9s, los servicios de asistencia ling\u00fc\u00edstica son gratuitos a su disposici\u00f3n.<\/p>\n<p><strong>\u00a0<\/strong><strong>GUJARATI<\/strong><\/p>\n<p>\u0aa4\u0aae\u0ac7 \u0a97\u0ac1\u0a9c\u0ab0\u0abe\u0aa4\u0ac0 \u0aac\u0acb\u0ab2\u0aa4\u0abe \u0ab9\u0acb, \u0aa4\u0acb \u0ab5\u0abf\u0aa8\u0abe \u0aae\u0ac2\u0ab2\u0acd\u0aaf\u0ac7, \u0aad\u0abe\u0ab7\u0abe \u0ab8\u0ab9\u0abe\u0aaf \u0ab8\u0ac7\u0ab5\u0abe\u0a93 \u0aa4\u0aae\u0aa8\u0ac7 \u0a89\u0aaa\u0ab2\u0aac\u0acd\u0aa7 \u0a9b\u0ac7.<\/p>\n<p><strong>\u00a0<\/strong><strong>TAGALOG<\/strong><\/p>\n<p>Kung nagsasalita ka ng tagalo, may magagamit kang mga serbisyo sa lengguahe na walang bayad.<\/p>\n<p><strong>\u00a0<\/strong><strong>HINDI<\/strong><\/p>\n<p>\u0905\u0917\u0930 \u0906\u092a \u0939\u093f\u0928\u094d\u0926\u0940 \u092c\u094b\u0932\u0924\u0947 \u0939\u0948\u0902 \u0924\u094b \u092d\u093e\u0937\u093e \u0938\u0939\u093e\u092f\u0924\u093e \u0938\u0947\u0935\u093e \u0928\u093f\u0903\u0936\u0941\u0932\u094d\u0915 \u0909\u092a\u0932\u092c\u094d\u0927 \u0939\u0948\u0964<\/p>\n<p><strong>\u00a0<\/strong><strong>LOATIANO<\/strong><\/p>\n<p>\u0e96\u0ec9\u0eb2\u0e97\u0ec8\u0eb2\u0e99\u0ec0\u0ea7\u0ebb\u0ec9\u0eb2 \u0e9e\u0eb2\u0eaa\u0eb2\u0ea5\u0eb2\u0ea7 \u0ec1\u0ea1\u0ec8\u0e99\u0ea1\u0eb5\u0e9a\u0ecd\u0ea5\u0eb4\u0e81\u0eb2\u0e99\u0e8a\u0ec8\u0ea7\u0e8d\u0ec0\u0eab\u0ebc \u0eb7\u0ead\u0e9e\u0eb2\u0eaa\u0eb2\u0e9f\u0ea3\u0eb5\u0ec3\u0eab\u0ec9\u0ec1\u0e81\u0ec8\u0e97\u0ec8\u0eb2\u0e99.<\/p>\n<p><strong>\u00a0<\/strong><strong>RUSO<\/strong><\/p>\n<p>Si es japon\u00e9s \u2014 ruso, es posible que necesite un uso previo al uso.<\/p>\n<p><strong>\u00a0<\/strong><strong>PORTUGU\u00c9S<\/strong><\/p>\n<p>Si usted habla portugu\u00e9s, est\u00e1 disponible atenci\u00f3n gratuita con asistencia en el idioma.<\/p>\n<p><strong>\u00a0<\/strong><strong>TURCO<\/strong><\/p>\n<p>T\u00fcrk\u00e7e biliyorsan\u0131z, dil yard\u0131m hizmetlerini \u00fccretsiz olarak kullanabilirsiniz.<\/p>\n<p><strong>\u00a0<\/strong><strong>JAPON\u00c9S<\/strong><\/p>\n<p>\u65e5\u672c\u8a9e\u3092\u8a71\u3055\u308c\u308b\u5834\u5408\u306b\u306f\u3001\u7121\u511f\u306e\u8a00\u8a9e\u652f\u63f4\u30b5\u30fc\u30d3\u30b9\u304c\u3054\u5229\u7528\u3044\u305f\u3060\u3051\u307e\u3059.<\/p>","protected":false},"excerpt":{"rendered":"<p>Premier Medical is committed to providing you with the best possible care and can discuss our professional fees with you at any time. It is important to our patient physician relationship that you read and fully understand our financial policy. Please let us know if you have any questions about your financial responsibility. New patients [&hellip;]<\/p>\n","protected":false},"author":1,"featured_media":0,"parent":74,"menu_order":20,"comment_status":"closed","ping_status":"closed","template":"","meta":{"_acf_changed":false,"footnotes":""},"class_list":["post-94","page","type-page","status-publish","hentry"],"acf":[],"yoast_head":"<!-- This site is optimized with the Yoast SEO plugin v27.4 - https:\/\/yoast.com\/product\/yoast-seo-wordpress\/ -->\n<title>Policies - Premier Medical Group - Compensation, referrals, medicare<\/title>\n<meta name=\"description\" content=\"Click here to view our payment policies. Find everything you need regarding co payments, referrals, compensation, medicare, delinquent accounts, and more...\" \/>\n<meta name=\"robots\" content=\"index, follow, max-snippet:-1, max-image-preview:large, max-video-preview:-1\" \/>\n<link rel=\"canonical\" href=\"https:\/\/premiermedicalgrp.com\/es\/patient-resources\/policies\/\" \/>\n<meta property=\"og:locale\" content=\"es_MX\" \/>\n<meta property=\"og:type\" content=\"article\" \/>\n<meta property=\"og:title\" content=\"Policies - Premier Medical Group - Compensation, referrals, medicare\" \/>\n<meta property=\"og:description\" content=\"Click here to view our payment policies. Find everything you need regarding co payments, referrals, compensation, medicare, delinquent accounts, and more...\" \/>\n<meta property=\"og:url\" content=\"https:\/\/premiermedicalgrp.com\/es\/patient-resources\/policies\/\" \/>\n<meta property=\"og:site_name\" content=\"Premier Medical Group | Eye &amp; ENT Specialists\" \/>\n<meta property=\"article:modified_time\" content=\"2024-10-15T15:08:55+00:00\" \/>\n<meta name=\"twitter:label1\" content=\"Est. reading time\" \/>\n\t<meta name=\"twitter:data1\" content=\"5 minutos\" \/>\n<script type=\"application\/ld+json\" class=\"yoast-schema-graph\">{\"@context\":\"https:\\\/\\\/schema.org\",\"@graph\":[{\"@type\":\"WebPage\",\"@id\":\"https:\\\/\\\/premiermedicalgrp.com\\\/patient-resources\\\/policies\\\/\",\"url\":\"https:\\\/\\\/premiermedicalgrp.com\\\/patient-resources\\\/policies\\\/\",\"name\":\"Policies - Premier Medical Group - Compensation, referrals, medicare\",\"isPartOf\":{\"@id\":\"https:\\\/\\\/pmg2024.wpenginepowered.com\\\/#website\"},\"datePublished\":\"2013-12-30T22:55:50+00:00\",\"dateModified\":\"2024-10-15T15:08:55+00:00\",\"description\":\"Click here to view our payment policies. Find everything you need regarding co payments, referrals, compensation, medicare, delinquent accounts, and more...\",\"breadcrumb\":{\"@id\":\"https:\\\/\\\/premiermedicalgrp.com\\\/patient-resources\\\/policies\\\/#breadcrumb\"},\"inLanguage\":\"es\",\"potentialAction\":[{\"@type\":\"ReadAction\",\"target\":[\"https:\\\/\\\/premiermedicalgrp.com\\\/patient-resources\\\/policies\\\/\"]}]},{\"@type\":\"BreadcrumbList\",\"@id\":\"https:\\\/\\\/premiermedicalgrp.com\\\/patient-resources\\\/policies\\\/#breadcrumb\",\"itemListElement\":[{\"@type\":\"ListItem\",\"position\":1,\"name\":\"Home\",\"item\":\"https:\\\/\\\/premiermedicalgrp.com\\\/\"},{\"@type\":\"ListItem\",\"position\":2,\"name\":\"Patient Resources\",\"item\":\"https:\\\/\\\/premiermedicalgrp.com\\\/patient-resources\\\/\"},{\"@type\":\"ListItem\",\"position\":3,\"name\":\"Policies\"}]},{\"@type\":\"WebSite\",\"@id\":\"https:\\\/\\\/pmg2024.wpenginepowered.com\\\/#website\",\"url\":\"https:\\\/\\\/pmg2024.wpenginepowered.com\\\/\",\"name\":\"Premier Medical Group | Eye &amp; ENT Specialists\",\"description\":\"Premier Medical Group | Eye &amp; ENT Specialists\",\"potentialAction\":[{\"@type\":\"SearchAction\",\"target\":{\"@type\":\"EntryPoint\",\"urlTemplate\":\"https:\\\/\\\/pmg2024.wpenginepowered.com\\\/?s={search_term_string}\"},\"query-input\":{\"@type\":\"PropertyValueSpecification\",\"valueRequired\":true,\"valueName\":\"search_term_string\"}}],\"inLanguage\":\"es\"}]}<\/script>\n<!-- \/ Yoast SEO plugin. -->","yoast_head_json":{"title":"Policies - Premier Medical Group - Compensation, referrals, medicare","description":"Click here to view our payment policies. Find everything you need regarding co payments, referrals, compensation, medicare, delinquent accounts, and more...","robots":{"index":"index","follow":"follow","max-snippet":"max-snippet:-1","max-image-preview":"max-image-preview:large","max-video-preview":"max-video-preview:-1"},"canonical":"https:\/\/premiermedicalgrp.com\/es\/patient-resources\/policies\/","og_locale":"es_MX","og_type":"article","og_title":"Policies - Premier Medical Group - Compensation, referrals, medicare","og_description":"Click here to view our payment policies. Find everything you need regarding co payments, referrals, compensation, medicare, delinquent accounts, and more...","og_url":"https:\/\/premiermedicalgrp.com\/es\/patient-resources\/policies\/","og_site_name":"Premier Medical Group | Eye &amp; ENT Specialists","article_modified_time":"2024-10-15T15:08:55+00:00","twitter_misc":{"Est. reading time":"5 minutos"},"schema":{"@context":"https:\/\/schema.org","@graph":[{"@type":"WebPage","@id":"https:\/\/premiermedicalgrp.com\/patient-resources\/policies\/","url":"https:\/\/premiermedicalgrp.com\/patient-resources\/policies\/","name":"Policies - Premier Medical Group - Compensation, referrals, medicare","isPartOf":{"@id":"https:\/\/pmg2024.wpenginepowered.com\/#website"},"datePublished":"2013-12-30T22:55:50+00:00","dateModified":"2024-10-15T15:08:55+00:00","description":"Click here to view our payment policies. Find everything you need regarding co payments, referrals, compensation, medicare, delinquent accounts, and more...","breadcrumb":{"@id":"https:\/\/premiermedicalgrp.com\/patient-resources\/policies\/#breadcrumb"},"inLanguage":"es","potentialAction":[{"@type":"ReadAction","target":["https:\/\/premiermedicalgrp.com\/patient-resources\/policies\/"]}]},{"@type":"BreadcrumbList","@id":"https:\/\/premiermedicalgrp.com\/patient-resources\/policies\/#breadcrumb","itemListElement":[{"@type":"ListItem","position":1,"name":"Home","item":"https:\/\/premiermedicalgrp.com\/"},{"@type":"ListItem","position":2,"name":"Patient Resources","item":"https:\/\/premiermedicalgrp.com\/patient-resources\/"},{"@type":"ListItem","position":3,"name":"Policies"}]},{"@type":"WebSite","@id":"https:\/\/pmg2024.wpenginepowered.com\/#website","url":"https:\/\/pmg2024.wpenginepowered.com\/","name":"Premier Medical Group | Especialistas en otorrinolaringolog\u00eda y oftalmolog\u00eda","description":"Premier Medical Group | Especialistas en otorrinolaringolog\u00eda y oftalmolog\u00eda","potentialAction":[{"@type":"SearchAction","target":{"@type":"EntryPoint","urlTemplate":"https:\/\/pmg2024.wpenginepowered.com\/?s={search_term_string}"},"query-input":{"@type":"PropertyValueSpecification","valueRequired":true,"valueName":"search_term_string"}}],"inLanguage":"es"}]}},"_links":{"self":[{"href":"https:\/\/premiermedicalgrp.com\/es\/wp-json\/wp\/v2\/pages\/94","targetHints":{"allow":["GET"]}}],"collection":[{"href":"https:\/\/premiermedicalgrp.com\/es\/wp-json\/wp\/v2\/pages"}],"about":[{"href":"https:\/\/premiermedicalgrp.com\/es\/wp-json\/wp\/v2\/types\/page"}],"author":[{"embeddable":true,"href":"https:\/\/premiermedicalgrp.com\/es\/wp-json\/wp\/v2\/users\/1"}],"replies":[{"embeddable":true,"href":"https:\/\/premiermedicalgrp.com\/es\/wp-json\/wp\/v2\/comments?post=94"}],"version-history":[{"count":0,"href":"https:\/\/premiermedicalgrp.com\/es\/wp-json\/wp\/v2\/pages\/94\/revisions"}],"up":[{"embeddable":true,"href":"https:\/\/premiermedicalgrp.com\/es\/wp-json\/wp\/v2\/pages\/74"}],"wp:attachment":[{"href":"https:\/\/premiermedicalgrp.com\/es\/wp-json\/wp\/v2\/media?parent=94"}],"curies":[{"name":"wp","href":"https:\/\/api.w.org\/{rel}","templated":true}]}}