{"id":9856,"date":"2025-12-18T16:12:23","date_gmt":"2025-12-18T22:12:23","guid":{"rendered":"https:\/\/premiermedicalgrp.com\/?page_id=9856"},"modified":"2025-12-18T16:12:23","modified_gmt":"2025-12-18T22:12:23","slug":"employee-tax-info","status":"publish","type":"page","link":"https:\/\/premiermedicalgrp.com\/es\/employee-tax-info\/","title":{"rendered":"Employee Tax Info"},"content":{"rendered":"<p style=\"font-weight: 400;\"><strong>Important Health Coverage Tax Documents<\/strong><\/p>\n<p style=\"font-weight: 400;\">Employees and former employees may request a copy of their Form 1095-C by contacting:<\/p>\n<p style=\"font-weight: 400;\">Human Resources<br \/>\n<a href=\"mailto:astewart@pmgmds.com\">astewart@pmgmds.com<\/a><br \/>\n<a href=\"tel:12514708804\">251.470.8804<\/a><br \/>\n2880 Dauphin Street Mobile AL 36606<\/p>\n<p style=\"font-weight: 400;\">Requests will be fulfilled within\u00a0<strong>30 days<\/strong>\u00a0of receipt.<\/p>","protected":false},"excerpt":{"rendered":"<p>Important Health Coverage Tax Documents Employees and former employees may request a copy of their Form 1095-C by contacting: Human Resources astewart@pmgmds.com 251.470.8804 2880 Dauphin Street Mobile AL 36606 Requests will be fulfilled within\u00a030 days\u00a0of receipt.<\/p>","protected":false},"author":18,"featured_media":0,"parent":0,"menu_order":0,"comment_status":"closed","ping_status":"closed","template":"","meta":{"_acf_changed":false,"footnotes":""},"class_list":["post-9856","page","type-page","status-publish","hentry"],"acf":[],"yoast_head":"<!-- This site is optimized with the Yoast SEO plugin v27.4 - https:\/\/yoast.com\/product\/yoast-seo-wordpress\/ -->\n<title>Employee Tax Info - Premier Medical Group | Eye &amp; ENT Specialists<\/title>\n<meta name=\"robots\" content=\"index, follow, max-snippet:-1, max-image-preview:large, max-video-preview:-1\" \/>\n<link rel=\"canonical\" href=\"https:\/\/premiermedicalgrp.com\/es\/employee-tax-info\/\" \/>\n<meta property=\"og:locale\" content=\"es_MX\" \/>\n<meta property=\"og:type\" content=\"article\" \/>\n<meta property=\"og:title\" content=\"Employee Tax Info - Premier Medical Group | Eye &amp; ENT Specialists\" \/>\n<meta property=\"og:description\" content=\"Important Health Coverage Tax Documents Employees and former employees may request a copy of their Form 1095-C by contacting: Human Resources astewart@pmgmds.com 251.470.8804 2880 Dauphin Street Mobile AL 36606 Requests will be fulfilled within\u00a030 days\u00a0of receipt.\" \/>\n<meta property=\"og:url\" content=\"https:\/\/premiermedicalgrp.com\/es\/employee-tax-info\/\" \/>\n<meta property=\"og:site_name\" content=\"Premier Medical Group | Eye &amp; ENT Specialists\" \/>\n<meta name=\"twitter:label1\" content=\"Est. reading time\" \/>\n\t<meta name=\"twitter:data1\" content=\"1 minuto\" \/>\n<script type=\"application\/ld+json\" class=\"yoast-schema-graph\">{\"@context\":\"https:\\\/\\\/schema.org\",\"@graph\":[{\"@type\":\"WebPage\",\"@id\":\"https:\\\/\\\/premiermedicalgrp.com\\\/employee-tax-info\\\/\",\"url\":\"https:\\\/\\\/premiermedicalgrp.com\\\/employee-tax-info\\\/\",\"name\":\"Employee Tax Info - Premier Medical Group | Eye &amp; ENT Specialists\",\"isPartOf\":{\"@id\":\"https:\\\/\\\/pmg2024.wpenginepowered.com\\\/#website\"},\"datePublished\":\"2025-12-18T22:12:23+00:00\",\"breadcrumb\":{\"@id\":\"https:\\\/\\\/premiermedicalgrp.com\\\/employee-tax-info\\\/#breadcrumb\"},\"inLanguage\":\"es\",\"potentialAction\":[{\"@type\":\"ReadAction\",\"target\":[\"https:\\\/\\\/premiermedicalgrp.com\\\/employee-tax-info\\\/\"]}]},{\"@type\":\"BreadcrumbList\",\"@id\":\"https:\\\/\\\/premiermedicalgrp.com\\\/employee-tax-info\\\/#breadcrumb\",\"itemListElement\":[{\"@type\":\"ListItem\",\"position\":1,\"name\":\"Home\",\"item\":\"https:\\\/\\\/premiermedicalgrp.com\\\/\"},{\"@type\":\"ListItem\",\"position\":2,\"name\":\"Employee Tax Info\"}]},{\"@type\":\"WebSite\",\"@id\":\"https:\\\/\\\/pmg2024.wpenginepowered.com\\\/#website\",\"url\":\"https:\\\/\\\/pmg2024.wpenginepowered.com\\\/\",\"name\":\"Premier Medical Group | Eye &amp; ENT Specialists\",\"description\":\"Premier Medical Group | Eye &amp; ENT Specialists\",\"potentialAction\":[{\"@type\":\"SearchAction\",\"target\":{\"@type\":\"EntryPoint\",\"urlTemplate\":\"https:\\\/\\\/pmg2024.wpenginepowered.com\\\/?s={search_term_string}\"},\"query-input\":{\"@type\":\"PropertyValueSpecification\",\"valueRequired\":true,\"valueName\":\"search_term_string\"}}],\"inLanguage\":\"es\"}]}<\/script>\n<!-- \/ Yoast SEO plugin. -->","yoast_head_json":{"title":"Employee Tax Info - Premier Medical Group | Eye &amp; ENT Specialists","robots":{"index":"index","follow":"follow","max-snippet":"max-snippet:-1","max-image-preview":"max-image-preview:large","max-video-preview":"max-video-preview:-1"},"canonical":"https:\/\/premiermedicalgrp.com\/es\/employee-tax-info\/","og_locale":"es_MX","og_type":"article","og_title":"Employee Tax Info - Premier Medical Group | Eye &amp; ENT Specialists","og_description":"Important Health Coverage Tax Documents Employees and former employees may request a copy of their Form 1095-C by contacting: Human Resources astewart@pmgmds.com 251.470.8804 2880 Dauphin Street Mobile AL 36606 Requests will be fulfilled within\u00a030 days\u00a0of receipt.","og_url":"https:\/\/premiermedicalgrp.com\/es\/employee-tax-info\/","og_site_name":"Premier Medical Group | Eye &amp; ENT Specialists","twitter_misc":{"Est. reading time":"1 minuto"},"schema":{"@context":"https:\/\/schema.org","@graph":[{"@type":"WebPage","@id":"https:\/\/premiermedicalgrp.com\/employee-tax-info\/","url":"https:\/\/premiermedicalgrp.com\/employee-tax-info\/","name":"Employee Tax Info - Premier Medical Group | Eye &amp; ENT Specialists","isPartOf":{"@id":"https:\/\/pmg2024.wpenginepowered.com\/#website"},"datePublished":"2025-12-18T22:12:23+00:00","breadcrumb":{"@id":"https:\/\/premiermedicalgrp.com\/employee-tax-info\/#breadcrumb"},"inLanguage":"es","potentialAction":[{"@type":"ReadAction","target":["https:\/\/premiermedicalgrp.com\/employee-tax-info\/"]}]},{"@type":"BreadcrumbList","@id":"https:\/\/premiermedicalgrp.com\/employee-tax-info\/#breadcrumb","itemListElement":[{"@type":"ListItem","position":1,"name":"Home","item":"https:\/\/premiermedicalgrp.com\/"},{"@type":"ListItem","position":2,"name":"Employee Tax Info"}]},{"@type":"WebSite","@id":"https:\/\/pmg2024.wpenginepowered.com\/#website","url":"https:\/\/pmg2024.wpenginepowered.com\/","name":"Premier Medical Group | Especialistas en otorrinolaringolog\u00eda y oftalmolog\u00eda","description":"Premier Medical Group | Especialistas en otorrinolaringolog\u00eda y oftalmolog\u00eda","potentialAction":[{"@type":"SearchAction","target":{"@type":"EntryPoint","urlTemplate":"https:\/\/pmg2024.wpenginepowered.com\/?s={search_term_string}"},"query-input":{"@type":"PropertyValueSpecification","valueRequired":true,"valueName":"search_term_string"}}],"inLanguage":"es"}]}},"_links":{"self":[{"href":"https:\/\/premiermedicalgrp.com\/es\/wp-json\/wp\/v2\/pages\/9856","targetHints":{"allow":["GET"]}}],"collection":[{"href":"https:\/\/premiermedicalgrp.com\/es\/wp-json\/wp\/v2\/pages"}],"about":[{"href":"https:\/\/premiermedicalgrp.com\/es\/wp-json\/wp\/v2\/types\/page"}],"author":[{"embeddable":true,"href":"https:\/\/premiermedicalgrp.com\/es\/wp-json\/wp\/v2\/users\/18"}],"replies":[{"embeddable":true,"href":"https:\/\/premiermedicalgrp.com\/es\/wp-json\/wp\/v2\/comments?post=9856"}],"version-history":[{"count":0,"href":"https:\/\/premiermedicalgrp.com\/es\/wp-json\/wp\/v2\/pages\/9856\/revisions"}],"wp:attachment":[{"href":"https:\/\/premiermedicalgrp.com\/es\/wp-json\/wp\/v2\/media?parent=9856"}],"curies":[{"name":"wp","href":"https:\/\/api.w.org\/{rel}","templated":true}]}}